{"id":8594,"date":"2025-01-28T11:09:11","date_gmt":"2025-01-28T11:09:11","guid":{"rendered":"https:\/\/magazzinimanzanesi.it\/catalogo\/uncategorized\/hochtemperatur-silikondichtung\/"},"modified":"2025-01-28T11:09:11","modified_gmt":"2025-01-28T11:09:11","slug":"hochtemperatur-silikondichtung","status":"publish","type":"product","link":"https:\/\/magazzinimanzanesi.it\/de\/katalog\/technische-chemikalien\/hochtemperatur-silikondichtung\/","title":{"rendered":"Hochtemperatur-Silikondichtung"},"content":{"rendered":"<h1><strong>Hochtemperatur-Dichtmasse<\/strong><\/p>\n<h2><strong>Hochtemperatur-Silikondichtung: F\u00fcr hei\u00dfe Fluide und mechanische Baugruppen<\/strong><\/h2>\n<p>Einkomponentige silikonbasierte Hochtemperatur-Dichtung mit acetischer Vernetzung, die durch Reaktion mit Luftfeuchtigkeit aush\u00e4rtet. Geeignet zum Abdichten von Getrieben, Wechselgetrieben, Differenzialen, Motoren, Kompressoren und Leitungen f\u00fcr hei\u00dfe Fluide. Best\u00e4ndig gegen Vibrationen, Temperaturschwankungen, Gas, Wasser, \u00d6le und verschiedene chemische Stoffe. Sie beh\u00e4lt ihre Dichteigenschaften von -60 \u00b0C bis +250 \u00b0C, mit Spitzen bis 300 \u00b0C.<\/p>\n<p>&nbsp;<\/p>\n<h3><strong>Hochtemperatur-Silikondichtung \u2013 Flasche:<\/strong><\/h3>\n<ul>\n<li>75 ML<\/li>\n<\/ul>\n","protected":false},"excerpt":{"rendered":"<p>Hochtemperatur-Dichtmasse Hochtemperatur-Silikondichtung: F\u00fcr hei\u00dfe Fluide und mechanische Baugruppen Einkomponentige silikonbasierte Hochtemperatur-Dichtung mit acetischer Vernetzung, die durch Reaktion mit Luftfeuchtigkeit aush\u00e4rtet. Geeignet zum Abdichten von Getrieben, Wechselgetrieben, Differenzialen, Motoren, Kompressoren und Leitungen f\u00fcr hei\u00dfe Fluide. Best\u00e4ndig gegen Vibrationen, Temperaturschwankungen, Gas, Wasser, \u00d6le und verschiedene chemische Stoffe. Sie beh\u00e4lt ihre Dichteigenschaften von -60 \u00b0C bis +250 \u00b0C, [&hellip;]<\/p>\n","protected":false},"featured_media":6931,"comment_status":"closed","ping_status":"closed","template":"","meta":{"_acf_changed":false},"product_brand":[],"product_cat":[864],"product_tag":[],"class_list":{"0":"post-8594","1":"product","2":"type-product","3":"status-publish","4":"has-post-thumbnail","6":"product_cat-technische-chemikalien","8":"first","9":"instock","10":"shipping-taxable","11":"product-type-simple"},"acf":[],"_links":{"self":[{"href":"https:\/\/magazzinimanzanesi.it\/de\/wp-json\/wp\/v2\/product\/8594","targetHints":{"allow":["GET"]}}],"collection":[{"href":"https:\/\/magazzinimanzanesi.it\/de\/wp-json\/wp\/v2\/product"}],"about":[{"href":"https:\/\/magazzinimanzanesi.it\/de\/wp-json\/wp\/v2\/types\/product"}],"replies":[{"embeddable":true,"href":"https:\/\/magazzinimanzanesi.it\/de\/wp-json\/wp\/v2\/comments?post=8594"}],"wp:featuredmedia":[{"embeddable":true,"href":"https:\/\/magazzinimanzanesi.it\/de\/wp-json\/wp\/v2\/media\/6931"}],"wp:attachment":[{"href":"https:\/\/magazzinimanzanesi.it\/de\/wp-json\/wp\/v2\/media?parent=8594"}],"wp:term":[{"taxonomy":"product_brand","embeddable":true,"href":"https:\/\/magazzinimanzanesi.it\/de\/wp-json\/wp\/v2\/product_brand?post=8594"},{"taxonomy":"product_cat","embeddable":true,"href":"https:\/\/magazzinimanzanesi.it\/de\/wp-json\/wp\/v2\/product_cat?post=8594"},{"taxonomy":"product_tag","embeddable":true,"href":"https:\/\/magazzinimanzanesi.it\/de\/wp-json\/wp\/v2\/product_tag?post=8594"}],"curies":[{"name":"wp","href":"https:\/\/api.w.org\/{rel}","templated":true}]}}