{"id":8595,"date":"2025-01-28T11:07:11","date_gmt":"2025-01-28T11:07:11","guid":{"rendered":"https:\/\/magazzinimanzanesi.it\/catalogo\/uncategorized\/mittelfester-schraubensicherer\/"},"modified":"2025-01-28T11:07:11","modified_gmt":"2025-01-28T11:07:11","slug":"mittelfester-schraubensicherer","status":"publish","type":"product","link":"https:\/\/magazzinimanzanesi.it\/de\/katalog\/technische-chemikalien\/mittelfester-schraubensicherer\/","title":{"rendered":"Mittelfester Schraubensicherer"},"content":{"rendered":"<h1><strong>Mittelfeste Schraubensicherung<\/strong><\/h1>\n<p>&nbsp;<\/p>\n<h2><strong>Mittelfester Schraubensicherer: Gegen selbstst\u00e4ndiges L\u00f6sen<\/strong><\/h2>\n<p>Anaerober mittelfester Schraubensicherer f\u00fcr Metalle. Das Produkt ist in der Kategorie \u201eTecnici\u201c als eigener Artikel sichtbar und wird zusammen mit Sigillaraccordi, Guarnizione siliconica alte temperature, Frenafiletti forte und Fissa cuscinetti gef\u00fchrt. Der direkt abrufbare Produktaufruf ging jedoch in Timeout, daher sind nur die sicher sichtbaren Grundangaben rekonstruierbar.<\/p>\n<p>&nbsp;<\/p>\n<h3><strong>Mittelfester Schraubensicherer \u2013 Flasche:<\/strong><\/h3>\n<ul>\n<li>10 ML<\/li>\n<\/ul>\n","protected":false},"excerpt":{"rendered":"<p>Mittelfeste Schraubensicherung &nbsp; Mittelfester Schraubensicherer: Gegen selbstst\u00e4ndiges L\u00f6sen Anaerober mittelfester Schraubensicherer f\u00fcr Metalle. Das Produkt ist in der Kategorie \u201eTecnici\u201c als eigener Artikel sichtbar und wird zusammen mit Sigillaraccordi, Guarnizione siliconica alte temperature, Frenafiletti forte und Fissa cuscinetti gef\u00fchrt. Der direkt abrufbare Produktaufruf ging jedoch in Timeout, daher sind nur die sicher sichtbaren Grundangaben rekonstruierbar. [&hellip;]<\/p>\n","protected":false},"featured_media":6926,"comment_status":"closed","ping_status":"closed","template":"","meta":{"_acf_changed":false},"product_brand":[],"product_cat":[864],"product_tag":[],"class_list":{"0":"post-8595","1":"product","2":"type-product","3":"status-publish","4":"has-post-thumbnail","6":"product_cat-technische-chemikalien","8":"first","9":"instock","10":"shipping-taxable","11":"product-type-simple"},"acf":[],"_links":{"self":[{"href":"https:\/\/magazzinimanzanesi.it\/de\/wp-json\/wp\/v2\/product\/8595","targetHints":{"allow":["GET"]}}],"collection":[{"href":"https:\/\/magazzinimanzanesi.it\/de\/wp-json\/wp\/v2\/product"}],"about":[{"href":"https:\/\/magazzinimanzanesi.it\/de\/wp-json\/wp\/v2\/types\/product"}],"replies":[{"embeddable":true,"href":"https:\/\/magazzinimanzanesi.it\/de\/wp-json\/wp\/v2\/comments?post=8595"}],"wp:featuredmedia":[{"embeddable":true,"href":"https:\/\/magazzinimanzanesi.it\/de\/wp-json\/wp\/v2\/media\/6926"}],"wp:attachment":[{"href":"https:\/\/magazzinimanzanesi.it\/de\/wp-json\/wp\/v2\/media?parent=8595"}],"wp:term":[{"taxonomy":"product_brand","embeddable":true,"href":"https:\/\/magazzinimanzanesi.it\/de\/wp-json\/wp\/v2\/product_brand?post=8595"},{"taxonomy":"product_cat","embeddable":true,"href":"https:\/\/magazzinimanzanesi.it\/de\/wp-json\/wp\/v2\/product_cat?post=8595"},{"taxonomy":"product_tag","embeddable":true,"href":"https:\/\/magazzinimanzanesi.it\/de\/wp-json\/wp\/v2\/product_tag?post=8595"}],"curies":[{"name":"wp","href":"https:\/\/api.w.org\/{rel}","templated":true}]}}