{"id":8596,"date":"2025-01-28T11:06:46","date_gmt":"2025-01-28T11:06:46","guid":{"rendered":"https:\/\/magazzinimanzanesi.it\/catalogo\/uncategorized\/hochfester-schraubensicherer\/"},"modified":"2025-01-28T11:06:46","modified_gmt":"2025-01-28T11:06:46","slug":"hochfester-schraubensicherer","status":"publish","type":"product","link":"https:\/\/magazzinimanzanesi.it\/de\/katalog\/technische-chemikalien\/hochfester-schraubensicherer\/","title":{"rendered":"Hochfester Schraubensicherer"},"content":{"rendered":"<h1><strong>Hochfeste Schraubensicherung<\/strong><\/h1>\n<p>&nbsp;<\/p>\n<h2><strong>Hochfester Schraubensicherer: F\u00fcr dauerhafte Gewindesicherung<\/strong><\/h2>\n<p>Anaerober hochfester Schraubensicherer mit polymerisierender Wirkung f\u00fcr Metalle mit hoher Festigkeit. Er h\u00e4rtet schnell aus und bildet eine z\u00e4he Verbindung, die ein L\u00f6sen verhindert. Der Klebstoff dringt in die Rauheiten des Materials und in das Spiel der Gewinde ein und erzeugt einen Kunststofffilm, der das Abschrauben verhindert.<\/p>\n<p>&nbsp;<\/p>\n<h3><strong>Hochfester Schraubensicherer \u2013 Flasche:<\/strong><\/h3>\n<ul>\n<li>10 ML<\/li>\n<li>50 ML<\/li>\n<li>250 ML<\/li>\n<\/ul>\n","protected":false},"excerpt":{"rendered":"<p>Hochfeste Schraubensicherung &nbsp; Hochfester Schraubensicherer: F\u00fcr dauerhafte Gewindesicherung Anaerober hochfester Schraubensicherer mit polymerisierender Wirkung f\u00fcr Metalle mit hoher Festigkeit. Er h\u00e4rtet schnell aus und bildet eine z\u00e4he Verbindung, die ein L\u00f6sen verhindert. Der Klebstoff dringt in die Rauheiten des Materials und in das Spiel der Gewinde ein und erzeugt einen Kunststofffilm, der das Abschrauben verhindert. [&hellip;]<\/p>\n","protected":false},"featured_media":6936,"comment_status":"closed","ping_status":"closed","template":"","meta":{"_acf_changed":false},"product_brand":[],"product_cat":[864],"product_tag":[],"class_list":{"0":"post-8596","1":"product","2":"type-product","3":"status-publish","4":"has-post-thumbnail","6":"product_cat-technische-chemikalien","8":"first","9":"instock","10":"shipping-taxable","11":"product-type-simple"},"acf":[],"_links":{"self":[{"href":"https:\/\/magazzinimanzanesi.it\/de\/wp-json\/wp\/v2\/product\/8596","targetHints":{"allow":["GET"]}}],"collection":[{"href":"https:\/\/magazzinimanzanesi.it\/de\/wp-json\/wp\/v2\/product"}],"about":[{"href":"https:\/\/magazzinimanzanesi.it\/de\/wp-json\/wp\/v2\/types\/product"}],"replies":[{"embeddable":true,"href":"https:\/\/magazzinimanzanesi.it\/de\/wp-json\/wp\/v2\/comments?post=8596"}],"wp:featuredmedia":[{"embeddable":true,"href":"https:\/\/magazzinimanzanesi.it\/de\/wp-json\/wp\/v2\/media\/6936"}],"wp:attachment":[{"href":"https:\/\/magazzinimanzanesi.it\/de\/wp-json\/wp\/v2\/media?parent=8596"}],"wp:term":[{"taxonomy":"product_brand","embeddable":true,"href":"https:\/\/magazzinimanzanesi.it\/de\/wp-json\/wp\/v2\/product_brand?post=8596"},{"taxonomy":"product_cat","embeddable":true,"href":"https:\/\/magazzinimanzanesi.it\/de\/wp-json\/wp\/v2\/product_cat?post=8596"},{"taxonomy":"product_tag","embeddable":true,"href":"https:\/\/magazzinimanzanesi.it\/de\/wp-json\/wp\/v2\/product_tag?post=8596"}],"curies":[{"name":"wp","href":"https:\/\/api.w.org\/{rel}","templated":true}]}}