{"id":8598,"date":"2025-01-28T11:07:58","date_gmt":"2025-01-28T11:07:58","guid":{"rendered":"https:\/\/magazzinimanzanesi.it\/catalogo\/uncategorized\/mehrzweck-lithiumfettspray\/"},"modified":"2025-01-28T11:07:58","modified_gmt":"2025-01-28T11:07:58","slug":"mehrzweck-lithiumfettspray","status":"publish","type":"product","link":"https:\/\/magazzinimanzanesi.it\/de\/katalog\/technische-chemikalien\/mehrzweck-lithiumfettspray\/","title":{"rendered":"Mehrzweck-Lithiumfettspray"},"content":{"rendered":"<h1><strong>Lithium-Schmierfett<\/strong><\/h1>\n<p><strong>\u00a0<\/strong><\/p>\n<h2><strong>Mehrzweck-Lithiumfettspray: F\u00fcr Lager und Gelenke<\/strong><\/h2>\n<p>Mehrzweck-Lithiumfettspray, ideal zur Schmierung von Lagern, Naben, Gelenken, Bolzen, F\u00fchrungen und Buchsen. Es sch\u00fctzt vor Wasser und ist best\u00e4ndig in salzhaltigen, staubigen Umgebungen und gegen Witterungseinfl\u00fcsse.<\/p>\n<p>&nbsp;<\/p>\n<h3><strong>Mehrzweck-Lithiumfettspray \u2013 Flacone:<\/strong><\/h3>\n<ul>\n<li>400 ML<\/li>\n<\/ul>\n","protected":false},"excerpt":{"rendered":"<p>Lithium-Schmierfett \u00a0 Mehrzweck-Lithiumfettspray: F\u00fcr Lager und Gelenke Mehrzweck-Lithiumfettspray, ideal zur Schmierung von Lagern, Naben, Gelenken, Bolzen, F\u00fchrungen und Buchsen. Es sch\u00fctzt vor Wasser und ist best\u00e4ndig in salzhaltigen, staubigen Umgebungen und gegen Witterungseinfl\u00fcsse. &nbsp; Mehrzweck-Lithiumfettspray \u2013 Flacone: 400 ML<\/p>\n","protected":false},"featured_media":6661,"comment_status":"closed","ping_status":"closed","template":"","meta":{"_acf_changed":false},"product_brand":[],"product_cat":[864],"product_tag":[],"class_list":{"0":"post-8598","1":"product","2":"type-product","3":"status-publish","4":"has-post-thumbnail","6":"product_cat-technische-chemikalien","8":"first","9":"instock","10":"shipping-taxable","11":"product-type-simple"},"acf":[],"_links":{"self":[{"href":"https:\/\/magazzinimanzanesi.it\/de\/wp-json\/wp\/v2\/product\/8598","targetHints":{"allow":["GET"]}}],"collection":[{"href":"https:\/\/magazzinimanzanesi.it\/de\/wp-json\/wp\/v2\/product"}],"about":[{"href":"https:\/\/magazzinimanzanesi.it\/de\/wp-json\/wp\/v2\/types\/product"}],"replies":[{"embeddable":true,"href":"https:\/\/magazzinimanzanesi.it\/de\/wp-json\/wp\/v2\/comments?post=8598"}],"wp:featuredmedia":[{"embeddable":true,"href":"https:\/\/magazzinimanzanesi.it\/de\/wp-json\/wp\/v2\/media\/6661"}],"wp:attachment":[{"href":"https:\/\/magazzinimanzanesi.it\/de\/wp-json\/wp\/v2\/media?parent=8598"}],"wp:term":[{"taxonomy":"product_brand","embeddable":true,"href":"https:\/\/magazzinimanzanesi.it\/de\/wp-json\/wp\/v2\/product_brand?post=8598"},{"taxonomy":"product_cat","embeddable":true,"href":"https:\/\/magazzinimanzanesi.it\/de\/wp-json\/wp\/v2\/product_cat?post=8598"},{"taxonomy":"product_tag","embeddable":true,"href":"https:\/\/magazzinimanzanesi.it\/de\/wp-json\/wp\/v2\/product_tag?post=8598"}],"curies":[{"name":"wp","href":"https:\/\/api.w.org\/{rel}","templated":true}]}}