{"id":8599,"date":"2025-01-28T11:07:36","date_gmt":"2025-01-28T11:07:36","guid":{"rendered":"https:\/\/magazzinimanzanesi.it\/catalogo\/uncategorized\/haftendes-kettenschmierspray\/"},"modified":"2025-01-28T11:07:36","modified_gmt":"2025-01-28T11:07:36","slug":"haftendes-kettenschmierspray","status":"publish","type":"product","link":"https:\/\/magazzinimanzanesi.it\/de\/katalog\/technische-chemikalien\/haftendes-kettenschmierspray\/","title":{"rendered":"Haftendes Kettenschmierspray"},"content":{"rendered":"<h1><strong>Haftschmierstoff f\u00fcr Ketten<\/strong><\/h1>\n<p><strong>\u00a0<\/strong><\/p>\n<h2><strong>Haftendes Kettenschmierspray: F\u00fcr Ketten und bewegliche Teile<\/strong><\/h2>\n<p>Haftendes Kettenschmierspray zur Schmierung von Ketten. Es sch\u00fctzt vor Wasser und Staub und bildet einen d\u00fcnnen Film, der den Verschlei\u00df der Kette und der beweglichen mechanischen Teile reduziert.<\/p>\n<p>&nbsp;<\/p>\n<h3><strong>Grasso adesivo filante spray per catene<\/strong>Haftendes Kettenschmierspray \u2013 Flacone:<\/strong><\/h3>\n<ul>\n<li>400 ML<\/li>\n<\/ul>\n","protected":false},"excerpt":{"rendered":"<p>Haftschmierstoff f\u00fcr Ketten \u00a0 Haftendes Kettenschmierspray: F\u00fcr Ketten und bewegliche Teile Haftendes Kettenschmierspray zur Schmierung von Ketten. Es sch\u00fctzt vor Wasser und Staub und bildet einen d\u00fcnnen Film, der den Verschlei\u00df der Kette und der beweglichen mechanischen Teile reduziert. &nbsp; Grasso adesivo filante spray per cateneHaftendes Kettenschmierspray \u2013 Flacone: 400 ML<\/p>\n","protected":false},"featured_media":6656,"comment_status":"closed","ping_status":"closed","template":"","meta":{"_acf_changed":false},"product_brand":[],"product_cat":[864],"product_tag":[],"class_list":{"0":"post-8599","1":"product","2":"type-product","3":"status-publish","4":"has-post-thumbnail","6":"product_cat-technische-chemikalien","8":"first","9":"instock","10":"shipping-taxable","11":"product-type-simple"},"acf":[],"_links":{"self":[{"href":"https:\/\/magazzinimanzanesi.it\/de\/wp-json\/wp\/v2\/product\/8599","targetHints":{"allow":["GET"]}}],"collection":[{"href":"https:\/\/magazzinimanzanesi.it\/de\/wp-json\/wp\/v2\/product"}],"about":[{"href":"https:\/\/magazzinimanzanesi.it\/de\/wp-json\/wp\/v2\/types\/product"}],"replies":[{"embeddable":true,"href":"https:\/\/magazzinimanzanesi.it\/de\/wp-json\/wp\/v2\/comments?post=8599"}],"wp:featuredmedia":[{"embeddable":true,"href":"https:\/\/magazzinimanzanesi.it\/de\/wp-json\/wp\/v2\/media\/6656"}],"wp:attachment":[{"href":"https:\/\/magazzinimanzanesi.it\/de\/wp-json\/wp\/v2\/media?parent=8599"}],"wp:term":[{"taxonomy":"product_brand","embeddable":true,"href":"https:\/\/magazzinimanzanesi.it\/de\/wp-json\/wp\/v2\/product_brand?post=8599"},{"taxonomy":"product_cat","embeddable":true,"href":"https:\/\/magazzinimanzanesi.it\/de\/wp-json\/wp\/v2\/product_cat?post=8599"},{"taxonomy":"product_tag","embeddable":true,"href":"https:\/\/magazzinimanzanesi.it\/de\/wp-json\/wp\/v2\/product_tag?post=8599"}],"curies":[{"name":"wp","href":"https:\/\/api.w.org\/{rel}","templated":true}]}}