{"id":8601,"date":"2025-01-28T11:26:13","date_gmt":"2025-01-28T11:26:13","guid":{"rendered":"https:\/\/magazzinimanzanesi.it\/catalogo\/uncategorized\/mehrzweck-schmierspray\/"},"modified":"2025-01-28T11:26:13","modified_gmt":"2025-01-28T11:26:13","slug":"mehrzweck-schmierspray","status":"publish","type":"product","link":"https:\/\/magazzinimanzanesi.it\/de\/katalog\/technische-chemikalien\/mehrzweck-schmierspray\/","title":{"rendered":"Mehrzweck-Schmierspray"},"content":{"rendered":"<h1><strong>Mehrzweck-Schmiermittel<\/strong><\/h1>\n<h2><strong>Mehrzweck-Schmierspray: F\u00fcr Wartung und Werkstatt<\/strong><\/h2>\n<p>Mehrzweck-Schmierspray mit hochwertigen Wirkstoffen, geeignet f\u00fcr Wartungsarbeiten in Industrie, Nautik und Werkst\u00e4tten.<\/p>\n<p>&nbsp;<\/p>\n<p>&nbsp;<\/p>\n<h3><strong>Mehrzweck-Schmierspray \u2013 Flacone:<\/strong><\/h3>\n<ul>\n<li>400 ML<\/li>\n<\/ul>\n","protected":false},"excerpt":{"rendered":"<p>Mehrzweck-Schmiermittel Mehrzweck-Schmierspray: F\u00fcr Wartung und Werkstatt Mehrzweck-Schmierspray mit hochwertigen Wirkstoffen, geeignet f\u00fcr Wartungsarbeiten in Industrie, Nautik und Werkst\u00e4tten. &nbsp; &nbsp; Mehrzweck-Schmierspray \u2013 Flacone: 400 ML<\/p>\n","protected":false},"featured_media":6721,"comment_status":"closed","ping_status":"closed","template":"","meta":{"_acf_changed":false},"product_brand":[],"product_cat":[864],"product_tag":[],"class_list":{"0":"post-8601","1":"product","2":"type-product","3":"status-publish","4":"has-post-thumbnail","6":"product_cat-technische-chemikalien","8":"first","9":"instock","10":"shipping-taxable","11":"product-type-simple"},"acf":[],"_links":{"self":[{"href":"https:\/\/magazzinimanzanesi.it\/de\/wp-json\/wp\/v2\/product\/8601","targetHints":{"allow":["GET"]}}],"collection":[{"href":"https:\/\/magazzinimanzanesi.it\/de\/wp-json\/wp\/v2\/product"}],"about":[{"href":"https:\/\/magazzinimanzanesi.it\/de\/wp-json\/wp\/v2\/types\/product"}],"replies":[{"embeddable":true,"href":"https:\/\/magazzinimanzanesi.it\/de\/wp-json\/wp\/v2\/comments?post=8601"}],"wp:featuredmedia":[{"embeddable":true,"href":"https:\/\/magazzinimanzanesi.it\/de\/wp-json\/wp\/v2\/media\/6721"}],"wp:attachment":[{"href":"https:\/\/magazzinimanzanesi.it\/de\/wp-json\/wp\/v2\/media?parent=8601"}],"wp:term":[{"taxonomy":"product_brand","embeddable":true,"href":"https:\/\/magazzinimanzanesi.it\/de\/wp-json\/wp\/v2\/product_brand?post=8601"},{"taxonomy":"product_cat","embeddable":true,"href":"https:\/\/magazzinimanzanesi.it\/de\/wp-json\/wp\/v2\/product_cat?post=8601"},{"taxonomy":"product_tag","embeddable":true,"href":"https:\/\/magazzinimanzanesi.it\/de\/wp-json\/wp\/v2\/product_tag?post=8601"}],"curies":[{"name":"wp","href":"https:\/\/api.w.org\/{rel}","templated":true}]}}