{"id":8605,"date":"2025-01-28T10:37:00","date_gmt":"2025-01-28T10:37:00","guid":{"rendered":"https:\/\/magazzinimanzanesi.it\/catalogo\/uncategorized\/permanenter-mehrzweck-spruehkleber\/"},"modified":"2025-01-28T10:37:00","modified_gmt":"2025-01-28T10:37:00","slug":"permanenter-mehrzweck-spruehkleber","status":"publish","type":"product","link":"https:\/\/magazzinimanzanesi.it\/de\/katalog\/technische-chemikalien\/permanenter-mehrzweck-spruehkleber\/","title":{"rendered":"Permanenter Mehrzweck-Spr\u00fchkleber"},"content":{"rendered":"<h1><strong>Permanenter Spr\u00fchklebstoff<\/strong><\/h1>\n<p><strong>\u00a0<\/strong><\/p>\n<h2><strong>Permanenter Mehrzweck-Spr\u00fchkleber: Hitzebest\u00e4ndig<\/strong><\/h2>\n<p>Permanenter Mehrzweck-Spr\u00fchkleber mit hoher Hitzebest\u00e4ndigkeit, besonders geeignet zum Verkleben von Gummi, Textilien, Holz, Kunststoffen und Vinylmaterialien.<\/p>\n<p><strong>\u00a0<\/strong><\/p>\n<h3><strong>Permanenter Mehrzweck-Spr\u00fchkleber \u2013 Flacone:<\/strong><\/h3>\n<ul>\n<li>400 ML<\/li>\n<\/ul>\n<p>&nbsp;<\/p>\n","protected":false},"excerpt":{"rendered":"<p>Permanenter Spr\u00fchklebstoff \u00a0 Permanenter Mehrzweck-Spr\u00fchkleber: Hitzebest\u00e4ndig Permanenter Mehrzweck-Spr\u00fchkleber mit hoher Hitzebest\u00e4ndigkeit, besonders geeignet zum Verkleben von Gummi, Textilien, Holz, Kunststoffen und Vinylmaterialien. \u00a0 Permanenter Mehrzweck-Spr\u00fchkleber \u2013 Flacone: 400 ML &nbsp;<\/p>\n","protected":false},"featured_media":6646,"comment_status":"closed","ping_status":"closed","template":"","meta":{"_acf_changed":false},"product_brand":[],"product_cat":[864],"product_tag":[],"class_list":{"0":"post-8605","1":"product","2":"type-product","3":"status-publish","4":"has-post-thumbnail","6":"product_cat-technische-chemikalien","8":"first","9":"instock","10":"shipping-taxable","11":"product-type-simple"},"acf":[],"_links":{"self":[{"href":"https:\/\/magazzinimanzanesi.it\/de\/wp-json\/wp\/v2\/product\/8605","targetHints":{"allow":["GET"]}}],"collection":[{"href":"https:\/\/magazzinimanzanesi.it\/de\/wp-json\/wp\/v2\/product"}],"about":[{"href":"https:\/\/magazzinimanzanesi.it\/de\/wp-json\/wp\/v2\/types\/product"}],"replies":[{"embeddable":true,"href":"https:\/\/magazzinimanzanesi.it\/de\/wp-json\/wp\/v2\/comments?post=8605"}],"wp:featuredmedia":[{"embeddable":true,"href":"https:\/\/magazzinimanzanesi.it\/de\/wp-json\/wp\/v2\/media\/6646"}],"wp:attachment":[{"href":"https:\/\/magazzinimanzanesi.it\/de\/wp-json\/wp\/v2\/media?parent=8605"}],"wp:term":[{"taxonomy":"product_brand","embeddable":true,"href":"https:\/\/magazzinimanzanesi.it\/de\/wp-json\/wp\/v2\/product_brand?post=8605"},{"taxonomy":"product_cat","embeddable":true,"href":"https:\/\/magazzinimanzanesi.it\/de\/wp-json\/wp\/v2\/product_cat?post=8605"},{"taxonomy":"product_tag","embeddable":true,"href":"https:\/\/magazzinimanzanesi.it\/de\/wp-json\/wp\/v2\/product_tag?post=8605"}],"curies":[{"name":"wp","href":"https:\/\/api.w.org\/{rel}","templated":true}]}}