{"id":8606,"date":"2025-01-28T11:27:27","date_gmt":"2025-01-28T11:27:27","guid":{"rendered":"https:\/\/magazzinimanzanesi.it\/catalogo\/uncategorized\/silikonentferner-spray\/"},"modified":"2025-01-28T11:27:27","modified_gmt":"2025-01-28T11:27:27","slug":"silikonentferner-spray","status":"publish","type":"product","link":"https:\/\/magazzinimanzanesi.it\/de\/katalog\/technische-chemikalien\/silikonentferner-spray\/","title":{"rendered":"Silikonentferner-Spray"},"content":{"rendered":"<h1><strong>L\u00f6sungsmittel f\u00fcr Silikon<\/strong><\/h1>\n<p><strong>\u00a0<\/strong><\/p>\n<h2><strong>Silikonentferner-Spray: F\u00fcr frisches und ausgeh\u00e4rtetes Silikon<\/strong><\/h2>\n<p>Silikonentferner-Spray, ideal zum Entfernen von Silikon\u00fcbersch\u00fcssen und Silikonresten. Es wirkt schnell auf frisches Silikon und ist auch bei ausgeh\u00e4rtetem Silikon wirksam.<\/p>\n<p><strong>\u00a0<\/strong><\/p>\n<h3><strong>Silikonentferner-Spray \u2013 Flacone:<\/strong><\/h3>\n<ul>\n<li>200 ML<\/li>\n<\/ul>\n","protected":false},"excerpt":{"rendered":"<p>L\u00f6sungsmittel f\u00fcr Silikon \u00a0 Silikonentferner-Spray: F\u00fcr frisches und ausgeh\u00e4rtetes Silikon Silikonentferner-Spray, ideal zum Entfernen von Silikon\u00fcbersch\u00fcssen und Silikonresten. Es wirkt schnell auf frisches Silikon und ist auch bei ausgeh\u00e4rtetem Silikon wirksam. \u00a0 Silikonentferner-Spray \u2013 Flacone: 200 ML<\/p>\n","protected":false},"featured_media":6701,"comment_status":"closed","ping_status":"closed","template":"","meta":{"_acf_changed":false},"product_brand":[],"product_cat":[864],"product_tag":[],"class_list":{"0":"post-8606","1":"product","2":"type-product","3":"status-publish","4":"has-post-thumbnail","6":"product_cat-technische-chemikalien","8":"first","9":"instock","10":"shipping-taxable","11":"product-type-simple"},"acf":[],"_links":{"self":[{"href":"https:\/\/magazzinimanzanesi.it\/de\/wp-json\/wp\/v2\/product\/8606","targetHints":{"allow":["GET"]}}],"collection":[{"href":"https:\/\/magazzinimanzanesi.it\/de\/wp-json\/wp\/v2\/product"}],"about":[{"href":"https:\/\/magazzinimanzanesi.it\/de\/wp-json\/wp\/v2\/types\/product"}],"replies":[{"embeddable":true,"href":"https:\/\/magazzinimanzanesi.it\/de\/wp-json\/wp\/v2\/comments?post=8606"}],"wp:featuredmedia":[{"embeddable":true,"href":"https:\/\/magazzinimanzanesi.it\/de\/wp-json\/wp\/v2\/media\/6701"}],"wp:attachment":[{"href":"https:\/\/magazzinimanzanesi.it\/de\/wp-json\/wp\/v2\/media?parent=8606"}],"wp:term":[{"taxonomy":"product_brand","embeddable":true,"href":"https:\/\/magazzinimanzanesi.it\/de\/wp-json\/wp\/v2\/product_brand?post=8606"},{"taxonomy":"product_cat","embeddable":true,"href":"https:\/\/magazzinimanzanesi.it\/de\/wp-json\/wp\/v2\/product_cat?post=8606"},{"taxonomy":"product_tag","embeddable":true,"href":"https:\/\/magazzinimanzanesi.it\/de\/wp-json\/wp\/v2\/product_tag?post=8606"}],"curies":[{"name":"wp","href":"https:\/\/api.w.org\/{rel}","templated":true}]}}