{"id":8607,"date":"2025-01-28T11:27:43","date_gmt":"2025-01-28T11:27:43","guid":{"rendered":"https:\/\/magazzinimanzanesi.it\/catalogo\/uncategorized\/universelles-reinigungs-loesungsmittelspray\/"},"modified":"2025-01-28T11:27:43","modified_gmt":"2025-01-28T11:27:43","slug":"universelles-reinigungs-loesungsmittelspray","status":"publish","type":"product","link":"https:\/\/magazzinimanzanesi.it\/de\/katalog\/technische-chemikalien\/universelles-reinigungs-loesungsmittelspray\/","title":{"rendered":"Universelles Reinigungs-L\u00f6sungsmittelspray"},"content":{"rendered":"<h1><strong>Mehrzweck-L\u00f6sungsmittelspray<\/strong><\/h1>\n<h2><strong>Universelles Reinigungs-L\u00f6sungsmittelspray: Starke Entfettungswirkung<\/strong><\/h2>\n<p>Universelles Reinigungs-L\u00f6sungsmittelspray mit starker Entfettungs- und Reinigungswirkung. Es entfernt jede Art von Schmutz, ohne R\u00fcckst\u00e4nde zu hinterlassen.<\/p>\n<h3><strong>Universelles Reinigungs-L\u00f6sungsmittelspray \u2013 Flacone:<\/strong><\/h3>\n<ul>\n<li>400 ML<\/li>\n<\/ul>\n","protected":false},"excerpt":{"rendered":"<p>Mehrzweck-L\u00f6sungsmittelspray Universelles Reinigungs-L\u00f6sungsmittelspray: Starke Entfettungswirkung Universelles Reinigungs-L\u00f6sungsmittelspray mit starker Entfettungs- und Reinigungswirkung. Es entfernt jede Art von Schmutz, ohne R\u00fcckst\u00e4nde zu hinterlassen. Universelles Reinigungs-L\u00f6sungsmittelspray \u2013 Flacone: 400 ML<\/p>\n","protected":false},"featured_media":6706,"comment_status":"closed","ping_status":"closed","template":"","meta":{"_acf_changed":false},"product_brand":[],"product_cat":[864],"product_tag":[],"class_list":{"0":"post-8607","1":"product","2":"type-product","3":"status-publish","4":"has-post-thumbnail","6":"product_cat-technische-chemikalien","8":"first","9":"instock","10":"shipping-taxable","11":"product-type-simple"},"acf":[],"_links":{"self":[{"href":"https:\/\/magazzinimanzanesi.it\/de\/wp-json\/wp\/v2\/product\/8607","targetHints":{"allow":["GET"]}}],"collection":[{"href":"https:\/\/magazzinimanzanesi.it\/de\/wp-json\/wp\/v2\/product"}],"about":[{"href":"https:\/\/magazzinimanzanesi.it\/de\/wp-json\/wp\/v2\/types\/product"}],"replies":[{"embeddable":true,"href":"https:\/\/magazzinimanzanesi.it\/de\/wp-json\/wp\/v2\/comments?post=8607"}],"wp:featuredmedia":[{"embeddable":true,"href":"https:\/\/magazzinimanzanesi.it\/de\/wp-json\/wp\/v2\/media\/6706"}],"wp:attachment":[{"href":"https:\/\/magazzinimanzanesi.it\/de\/wp-json\/wp\/v2\/media?parent=8607"}],"wp:term":[{"taxonomy":"product_brand","embeddable":true,"href":"https:\/\/magazzinimanzanesi.it\/de\/wp-json\/wp\/v2\/product_brand?post=8607"},{"taxonomy":"product_cat","embeddable":true,"href":"https:\/\/magazzinimanzanesi.it\/de\/wp-json\/wp\/v2\/product_cat?post=8607"},{"taxonomy":"product_tag","embeddable":true,"href":"https:\/\/magazzinimanzanesi.it\/de\/wp-json\/wp\/v2\/product_tag?post=8607"}],"curies":[{"name":"wp","href":"https:\/\/api.w.org\/{rel}","templated":true}]}}