{"id":8608,"date":"2025-01-28T11:11:15","date_gmt":"2025-01-28T11:11:15","guid":{"rendered":"https:\/\/magazzinimanzanesi.it\/catalogo\/uncategorized\/trockenreiniger-fuer-elektrische-kontakte\/"},"modified":"2025-01-28T11:11:15","modified_gmt":"2025-01-28T11:11:15","slug":"trockenreiniger-fuer-elektrische-kontakte","status":"publish","type":"product","link":"https:\/\/magazzinimanzanesi.it\/de\/katalog\/technische-chemikalien\/trockenreiniger-fuer-elektrische-kontakte\/","title":{"rendered":"Trockenreiniger f\u00fcr elektrische Kontakte"},"content":{"rendered":"<h1><strong>Spray f\u00fcr elektrische Kontakte<\/strong><\/h1>\n<h2><strong>Trockenreiniger f\u00fcr elektrische Kontakte: Reinigt und entfettet sofort<\/strong><\/h2>\n<p>Trockenreiniger f\u00fcr elektrische Kontakte, ideal f\u00fcr die Reinigung elektrischer, elektronischer und elektromagnetischer Kontakte. Er entfernt sofort Feuchtigkeit sowie Stoffe wie Fett, \u00d6le, Wachs und Klebstoff und hinterl\u00e4sst das behandelte Teil sauber und entfettet.<\/p>\n<h3><strong>Trockenreiniger f\u00fcr elektrische Kontakte \u2013 Flacone:<\/strong><\/h3>\n<ul>\n<li>400 ML<\/li>\n<\/ul>\n","protected":false},"excerpt":{"rendered":"<p>Spray f\u00fcr elektrische Kontakte Trockenreiniger f\u00fcr elektrische Kontakte: Reinigt und entfettet sofort Trockenreiniger f\u00fcr elektrische Kontakte, ideal f\u00fcr die Reinigung elektrischer, elektronischer und elektromagnetischer Kontakte. Er entfernt sofort Feuchtigkeit sowie Stoffe wie Fett, \u00d6le, Wachs und Klebstoff und hinterl\u00e4sst das behandelte Teil sauber und entfettet. Trockenreiniger f\u00fcr elektrische Kontakte \u2013 Flacone: 400 ML<\/p>\n","protected":false},"featured_media":6696,"comment_status":"closed","ping_status":"closed","template":"","meta":{"_acf_changed":false},"product_brand":[],"product_cat":[864],"product_tag":[],"class_list":{"0":"post-8608","1":"product","2":"type-product","3":"status-publish","4":"has-post-thumbnail","6":"product_cat-technische-chemikalien","8":"first","9":"instock","10":"shipping-taxable","11":"product-type-simple"},"acf":[],"_links":{"self":[{"href":"https:\/\/magazzinimanzanesi.it\/de\/wp-json\/wp\/v2\/product\/8608","targetHints":{"allow":["GET"]}}],"collection":[{"href":"https:\/\/magazzinimanzanesi.it\/de\/wp-json\/wp\/v2\/product"}],"about":[{"href":"https:\/\/magazzinimanzanesi.it\/de\/wp-json\/wp\/v2\/types\/product"}],"replies":[{"embeddable":true,"href":"https:\/\/magazzinimanzanesi.it\/de\/wp-json\/wp\/v2\/comments?post=8608"}],"wp:featuredmedia":[{"embeddable":true,"href":"https:\/\/magazzinimanzanesi.it\/de\/wp-json\/wp\/v2\/media\/6696"}],"wp:attachment":[{"href":"https:\/\/magazzinimanzanesi.it\/de\/wp-json\/wp\/v2\/media?parent=8608"}],"wp:term":[{"taxonomy":"product_brand","embeddable":true,"href":"https:\/\/magazzinimanzanesi.it\/de\/wp-json\/wp\/v2\/product_brand?post=8608"},{"taxonomy":"product_cat","embeddable":true,"href":"https:\/\/magazzinimanzanesi.it\/de\/wp-json\/wp\/v2\/product_cat?post=8608"},{"taxonomy":"product_tag","embeddable":true,"href":"https:\/\/magazzinimanzanesi.it\/de\/wp-json\/wp\/v2\/product_tag?post=8608"}],"curies":[{"name":"wp","href":"https:\/\/api.w.org\/{rel}","templated":true}]}}