{"id":8609,"date":"2025-01-28T11:26:33","date_gmt":"2025-01-28T11:26:33","guid":{"rendered":"https:\/\/magazzinimanzanesi.it\/catalogo\/uncategorized\/reinigungs-und-polierspray-fuer-edelstahl\/"},"modified":"2025-01-28T11:26:33","modified_gmt":"2025-01-28T11:26:33","slug":"reinigungs-und-polierspray-fuer-edelstahl","status":"publish","type":"product","link":"https:\/\/magazzinimanzanesi.it\/de\/katalog\/technische-chemikalien\/reinigungs-und-polierspray-fuer-edelstahl\/","title":{"rendered":"Reinigungs- und Polierspray f\u00fcr Edelstahl"},"content":{"rendered":"<h1><strong>Edelstahlreiniger<\/strong><\/h1>\n<h2><strong>Reinigungs- und Polierspray f\u00fcr Edelstahl: Entfettet, reinigt und poliert<\/strong><\/h2>\n<p>Reinigungs- und Polierspray f\u00fcr Edelstahl aus \u00d6len, nat\u00fcrlichen Extrakten und L\u00f6sungsmitteln, geeignet zum Entfetten, Reinigen und Polieren von Edelstahl.<\/p>\n<h3><strong>Reinigungs- und Polierspray f\u00fcr Edelstahl \u2013 Flacone:<\/strong><\/h3>\n<ul>\n<li>400 ML<\/li>\n<\/ul>\n","protected":false},"excerpt":{"rendered":"<p>Edelstahlreiniger Reinigungs- und Polierspray f\u00fcr Edelstahl: Entfettet, reinigt und poliert Reinigungs- und Polierspray f\u00fcr Edelstahl aus \u00d6len, nat\u00fcrlichen Extrakten und L\u00f6sungsmitteln, geeignet zum Entfetten, Reinigen und Polieren von Edelstahl. Reinigungs- und Polierspray f\u00fcr Edelstahl \u2013 Flacone: 400 ML<\/p>\n","protected":false},"featured_media":6671,"comment_status":"closed","ping_status":"closed","template":"","meta":{"_acf_changed":false},"product_brand":[],"product_cat":[864],"product_tag":[],"class_list":{"0":"post-8609","1":"product","2":"type-product","3":"status-publish","4":"has-post-thumbnail","6":"product_cat-technische-chemikalien","8":"first","9":"instock","10":"shipping-taxable","11":"product-type-simple"},"acf":[],"_links":{"self":[{"href":"https:\/\/magazzinimanzanesi.it\/de\/wp-json\/wp\/v2\/product\/8609","targetHints":{"allow":["GET"]}}],"collection":[{"href":"https:\/\/magazzinimanzanesi.it\/de\/wp-json\/wp\/v2\/product"}],"about":[{"href":"https:\/\/magazzinimanzanesi.it\/de\/wp-json\/wp\/v2\/types\/product"}],"replies":[{"embeddable":true,"href":"https:\/\/magazzinimanzanesi.it\/de\/wp-json\/wp\/v2\/comments?post=8609"}],"wp:featuredmedia":[{"embeddable":true,"href":"https:\/\/magazzinimanzanesi.it\/de\/wp-json\/wp\/v2\/media\/6671"}],"wp:attachment":[{"href":"https:\/\/magazzinimanzanesi.it\/de\/wp-json\/wp\/v2\/media?parent=8609"}],"wp:term":[{"taxonomy":"product_brand","embeddable":true,"href":"https:\/\/magazzinimanzanesi.it\/de\/wp-json\/wp\/v2\/product_brand?post=8609"},{"taxonomy":"product_cat","embeddable":true,"href":"https:\/\/magazzinimanzanesi.it\/de\/wp-json\/wp\/v2\/product_cat?post=8609"},{"taxonomy":"product_tag","embeddable":true,"href":"https:\/\/magazzinimanzanesi.it\/de\/wp-json\/wp\/v2\/product_tag?post=8609"}],"curies":[{"name":"wp","href":"https:\/\/api.w.org\/{rel}","templated":true}]}}