{"id":8610,"date":"2025-01-28T11:27:10","date_gmt":"2025-01-28T11:27:10","guid":{"rendered":"https:\/\/magazzinimanzanesi.it\/catalogo\/uncategorized\/spray-zum-entfernen-von-klebstoff-und-etiketten\/"},"modified":"2026-04-08T13:59:17","modified_gmt":"2026-04-08T13:59:17","slug":"spray-zum-entfernen-von-klebstoff-und-etiketten","status":"publish","type":"product","link":"https:\/\/magazzinimanzanesi.it\/de\/katalog\/technische-chemikalien\/spray-zum-entfernen-von-klebstoff-und-etiketten\/","title":{"rendered":"Spray zum Entfernen von Klebstoff und Etiketten"},"content":{"rendered":"<h1><strong>L\u00f6sungsmittel f\u00fcr Klebstoff und Etiketten<\/strong><\/h1>\n<h2><strong>Spray zum Entfernen von Klebstoff und Etiketten: L\u00f6st verschiedene Klebstoffe<\/strong><\/h2>\n<p>Spray zum Entfernen von Klebstoff und Etiketten auf L\u00f6sungsmittelbasis und synthetischen Polymeren mit starker Wirkung beim L\u00f6sen verschiedenster Klebstoffe.<\/p>\n<h3><strong>Spray zum Entfernen von Klebstoff und Etiketten \u2013 Flacone:<\/strong><\/h3>\n<ul>\n<li>200 ML<\/li>\n<\/ul>\n","protected":false},"excerpt":{"rendered":"<p>L\u00f6sungsmittel f\u00fcr Klebstoff und Etiketten Spray zum Entfernen von Klebstoff und Etiketten: L\u00f6st verschiedene Klebstoffe Spray zum Entfernen von Klebstoff und Etiketten auf L\u00f6sungsmittelbasis und synthetischen Polymeren mit starker Wirkung beim L\u00f6sen verschiedenster Klebstoffe. Spray zum Entfernen von Klebstoff und Etiketten \u2013 Flacone: 200 ML<\/p>\n","protected":false},"featured_media":7206,"comment_status":"closed","ping_status":"closed","template":"","meta":{"_acf_changed":false},"product_brand":[],"product_cat":[864],"product_tag":[],"class_list":{"0":"post-8610","1":"product","2":"type-product","3":"status-publish","4":"has-post-thumbnail","6":"product_cat-technische-chemikalien","8":"first","9":"instock","10":"shipping-taxable","11":"product-type-simple"},"acf":[],"_links":{"self":[{"href":"https:\/\/magazzinimanzanesi.it\/de\/wp-json\/wp\/v2\/product\/8610","targetHints":{"allow":["GET"]}}],"collection":[{"href":"https:\/\/magazzinimanzanesi.it\/de\/wp-json\/wp\/v2\/product"}],"about":[{"href":"https:\/\/magazzinimanzanesi.it\/de\/wp-json\/wp\/v2\/types\/product"}],"replies":[{"embeddable":true,"href":"https:\/\/magazzinimanzanesi.it\/de\/wp-json\/wp\/v2\/comments?post=8610"}],"wp:featuredmedia":[{"embeddable":true,"href":"https:\/\/magazzinimanzanesi.it\/de\/wp-json\/wp\/v2\/media\/7206"}],"wp:attachment":[{"href":"https:\/\/magazzinimanzanesi.it\/de\/wp-json\/wp\/v2\/media?parent=8610"}],"wp:term":[{"taxonomy":"product_brand","embeddable":true,"href":"https:\/\/magazzinimanzanesi.it\/de\/wp-json\/wp\/v2\/product_brand?post=8610"},{"taxonomy":"product_cat","embeddable":true,"href":"https:\/\/magazzinimanzanesi.it\/de\/wp-json\/wp\/v2\/product_cat?post=8610"},{"taxonomy":"product_tag","embeddable":true,"href":"https:\/\/magazzinimanzanesi.it\/de\/wp-json\/wp\/v2\/product_tag?post=8610"}],"curies":[{"name":"wp","href":"https:\/\/api.w.org\/{rel}","templated":true}]}}