{"id":8611,"date":"2025-01-28T10:36:32","date_gmt":"2025-01-28T10:36:32","guid":{"rendered":"https:\/\/magazzinimanzanesi.it\/catalogo\/uncategorized\/riemen-haftspray\/"},"modified":"2025-01-28T10:36:32","modified_gmt":"2025-01-28T10:36:32","slug":"riemen-haftspray","status":"publish","type":"product","link":"https:\/\/magazzinimanzanesi.it\/de\/katalog\/technische-chemikalien\/riemen-haftspray\/","title":{"rendered":"Riemen-Haftspray"},"content":{"rendered":"<h1><strong>Anti-Rutsch-Spray f\u00fcr Riemen<\/strong><\/h1>\n<p><strong>\u00a0<\/strong><\/p>\n<h2><strong>Riemen-Haftspray: F\u00fcr bessere Haftung<\/strong><\/h2>\n<p>Anti-Rutsch-Spray f\u00fcr Riemen. Der Artikel ist in der Kategorie Spray eindeutig als eigenst\u00e4ndiges Produkt aufgef\u00fchrt, die Detailseite war beim Abruf jedoch nicht stabil verf\u00fcgbar.<\/p>\n<p><strong>\u00a0<\/strong><\/p>\n<h3><strong>Riemen-Haftspray \u2013 Flacone:<\/strong><\/h3>\n<ul>\n<li>400 ML<\/li>\n<\/ul>\n<p>&nbsp;<\/p>\n","protected":false},"excerpt":{"rendered":"<p>Anti-Rutsch-Spray f\u00fcr Riemen \u00a0 Riemen-Haftspray: F\u00fcr bessere Haftung Anti-Rutsch-Spray f\u00fcr Riemen. Der Artikel ist in der Kategorie Spray eindeutig als eigenst\u00e4ndiges Produkt aufgef\u00fchrt, die Detailseite war beim Abruf jedoch nicht stabil verf\u00fcgbar. \u00a0 Riemen-Haftspray \u2013 Flacone: 400 ML &nbsp;<\/p>\n","protected":false},"featured_media":6641,"comment_status":"closed","ping_status":"closed","template":"","meta":{"_acf_changed":false},"product_brand":[],"product_cat":[864],"product_tag":[],"class_list":{"0":"post-8611","1":"product","2":"type-product","3":"status-publish","4":"has-post-thumbnail","6":"product_cat-technische-chemikalien","8":"first","9":"instock","10":"shipping-taxable","11":"product-type-simple"},"acf":[],"_links":{"self":[{"href":"https:\/\/magazzinimanzanesi.it\/de\/wp-json\/wp\/v2\/product\/8611","targetHints":{"allow":["GET"]}}],"collection":[{"href":"https:\/\/magazzinimanzanesi.it\/de\/wp-json\/wp\/v2\/product"}],"about":[{"href":"https:\/\/magazzinimanzanesi.it\/de\/wp-json\/wp\/v2\/types\/product"}],"replies":[{"embeddable":true,"href":"https:\/\/magazzinimanzanesi.it\/de\/wp-json\/wp\/v2\/comments?post=8611"}],"wp:featuredmedia":[{"embeddable":true,"href":"https:\/\/magazzinimanzanesi.it\/de\/wp-json\/wp\/v2\/media\/6641"}],"wp:attachment":[{"href":"https:\/\/magazzinimanzanesi.it\/de\/wp-json\/wp\/v2\/media?parent=8611"}],"wp:term":[{"taxonomy":"product_brand","embeddable":true,"href":"https:\/\/magazzinimanzanesi.it\/de\/wp-json\/wp\/v2\/product_brand?post=8611"},{"taxonomy":"product_cat","embeddable":true,"href":"https:\/\/magazzinimanzanesi.it\/de\/wp-json\/wp\/v2\/product_cat?post=8611"},{"taxonomy":"product_tag","embeddable":true,"href":"https:\/\/magazzinimanzanesi.it\/de\/wp-json\/wp\/v2\/product_tag?post=8611"}],"curies":[{"name":"wp","href":"https:\/\/api.w.org\/{rel}","templated":true}]}}