{"id":8612,"date":"2025-01-28T11:25:42","date_gmt":"2025-01-28T11:25:42","guid":{"rendered":"https:\/\/magazzinimanzanesi.it\/catalogo\/uncategorized\/acrylspray\/"},"modified":"2025-01-28T11:25:42","modified_gmt":"2025-01-28T11:25:42","slug":"acrylspray","status":"publish","type":"product","link":"https:\/\/magazzinimanzanesi.it\/de\/katalog\/technische-chemikalien\/acrylspray\/","title":{"rendered":"Acrylspray"},"content":{"rendered":"<h1><strong>Smalto acrilico<\/strong><\/h1>\n<p><strong>\u00a0<\/strong><\/p>\n<h2><strong>Acrylspray: F\u00fcr Innen- und Au\u00dfenbereiche<\/strong><\/h2>\n<p>Acrylspray f\u00fcr Innen- und Au\u00dfenbereiche, anwendbar auf Holz, Metall, Glas und Keramik. Oberfl\u00e4chentrocknung in 15 Minuten, Durchtrocknung in 22 Stunden.<\/p>\n<p><strong>\u00a0<\/strong><\/p>\n<h3><strong>Acrylspray \u2013 Flacone:<\/strong><\/h3>\n<ul>\n<li>400 ML<\/li>\n<\/ul>\n<p><strong>\u00a0<\/strong><\/p>\n<h4><strong>Acrylspray \u2013 Farben:<\/strong><\/h4>\n<ul>\n<li>RAL 3020 Rot<\/li>\n<li>RAL 9005 Schwarz gl\u00e4nzend<\/li>\n<li>RAL 9005 Schwarz matt<\/li>\n<li>RAL 9010 Wei\u00df matt<\/li>\n<li>RAL 9010 Wei\u00df gl\u00e4nzend<\/li>\n<li>RAL 9006 Aluminium<\/li>\n<li>RAL 5017 Verkehrsblau<\/li>\n<li>RAL 7035 Lichtgrau<\/li>\n<li>RAL 6011 Resedagr\u00fcn<\/li>\n<li>RAL 6024 Verkehrsgr\u00fcn<\/li>\n<li>RAL 7000 Fehgrau<\/li>\n<li>Warmgelb<\/li>\n<li>Spiegelbraun<\/li>\n<li>Spiegeleffekt Chrom<\/li>\n<\/ul>\n","protected":false},"excerpt":{"rendered":"<p>Smalto acrilico \u00a0 Acrylspray: F\u00fcr Innen- und Au\u00dfenbereiche Acrylspray f\u00fcr Innen- und Au\u00dfenbereiche, anwendbar auf Holz, Metall, Glas und Keramik. Oberfl\u00e4chentrocknung in 15 Minuten, Durchtrocknung in 22 Stunden. \u00a0 Acrylspray \u2013 Flacone: 400 ML \u00a0 Acrylspray \u2013 Farben: RAL 3020 Rot RAL 9005 Schwarz gl\u00e4nzend RAL 9005 Schwarz matt RAL 9010 Wei\u00df matt RAL 9010 [&hellip;]<\/p>\n","protected":false},"featured_media":6711,"comment_status":"closed","ping_status":"closed","template":"","meta":{"_acf_changed":false},"product_brand":[],"product_cat":[864],"product_tag":[],"class_list":{"0":"post-8612","1":"product","2":"type-product","3":"status-publish","4":"has-post-thumbnail","6":"product_cat-technische-chemikalien","8":"first","9":"instock","10":"shipping-taxable","11":"product-type-simple"},"acf":[],"_links":{"self":[{"href":"https:\/\/magazzinimanzanesi.it\/de\/wp-json\/wp\/v2\/product\/8612","targetHints":{"allow":["GET"]}}],"collection":[{"href":"https:\/\/magazzinimanzanesi.it\/de\/wp-json\/wp\/v2\/product"}],"about":[{"href":"https:\/\/magazzinimanzanesi.it\/de\/wp-json\/wp\/v2\/types\/product"}],"replies":[{"embeddable":true,"href":"https:\/\/magazzinimanzanesi.it\/de\/wp-json\/wp\/v2\/comments?post=8612"}],"wp:featuredmedia":[{"embeddable":true,"href":"https:\/\/magazzinimanzanesi.it\/de\/wp-json\/wp\/v2\/media\/6711"}],"wp:attachment":[{"href":"https:\/\/magazzinimanzanesi.it\/de\/wp-json\/wp\/v2\/media?parent=8612"}],"wp:term":[{"taxonomy":"product_brand","embeddable":true,"href":"https:\/\/magazzinimanzanesi.it\/de\/wp-json\/wp\/v2\/product_brand?post=8612"},{"taxonomy":"product_cat","embeddable":true,"href":"https:\/\/magazzinimanzanesi.it\/de\/wp-json\/wp\/v2\/product_cat?post=8612"},{"taxonomy":"product_tag","embeddable":true,"href":"https:\/\/magazzinimanzanesi.it\/de\/wp-json\/wp\/v2\/product_tag?post=8612"}],"curies":[{"name":"wp","href":"https:\/\/api.w.org\/{rel}","templated":true}]}}