{"id":8613,"date":"2025-01-28T11:35:00","date_gmt":"2025-01-28T11:35:00","guid":{"rendered":"https:\/\/magazzinimanzanesi.it\/catalogo\/uncategorized\/helles-zinkspray\/"},"modified":"2025-01-28T11:35:00","modified_gmt":"2025-01-28T11:35:00","slug":"helles-zinkspray","status":"publish","type":"product","link":"https:\/\/magazzinimanzanesi.it\/de\/katalog\/technische-chemikalien\/helles-zinkspray\/","title":{"rendered":"Helles Zinkspray"},"content":{"rendered":"<h1><strong>Zinkspray<\/strong><\/h1>\n<p><strong>\u00a0<\/strong><\/p>\n<h2><strong>Helles Zinkspray: F\u00fcr verzinkte Teile und Ausbesserungen<\/strong><\/h2>\n<p>Helles Zinkspray auf Basis von Kunstharz und hochmolekularem reinem Zinkpulver. Es bildet eine wetterbest\u00e4ndige Barriere gegen Rost und h\u00e4rtet chemisch zu einer metallischen Beschichtung hoher H\u00e4rte aus. Ideal f\u00fcr Ausbesserungen und Reparaturen verzinkter Teile.<\/p>\n<p><strong>\u00a0<\/strong><\/p>\n<h3><strong>Helles Zinkspray \u2013 Flacone:<\/strong><\/h3>\n<ul>\n<li>400 ML<\/li>\n<\/ul>\n","protected":false},"excerpt":{"rendered":"<p>Zinkspray \u00a0 Helles Zinkspray: F\u00fcr verzinkte Teile und Ausbesserungen Helles Zinkspray auf Basis von Kunstharz und hochmolekularem reinem Zinkpulver. Es bildet eine wetterbest\u00e4ndige Barriere gegen Rost und h\u00e4rtet chemisch zu einer metallischen Beschichtung hoher H\u00e4rte aus. Ideal f\u00fcr Ausbesserungen und Reparaturen verzinkter Teile. \u00a0 Helles Zinkspray \u2013 Flacone: 400 ML<\/p>\n","protected":false},"featured_media":6726,"comment_status":"closed","ping_status":"closed","template":"","meta":{"_acf_changed":false},"product_brand":[],"product_cat":[864],"product_tag":[],"class_list":{"0":"post-8613","1":"product","2":"type-product","3":"status-publish","4":"has-post-thumbnail","6":"product_cat-technische-chemikalien","8":"first","9":"instock","10":"shipping-taxable","11":"product-type-simple"},"acf":[],"_links":{"self":[{"href":"https:\/\/magazzinimanzanesi.it\/de\/wp-json\/wp\/v2\/product\/8613","targetHints":{"allow":["GET"]}}],"collection":[{"href":"https:\/\/magazzinimanzanesi.it\/de\/wp-json\/wp\/v2\/product"}],"about":[{"href":"https:\/\/magazzinimanzanesi.it\/de\/wp-json\/wp\/v2\/types\/product"}],"replies":[{"embeddable":true,"href":"https:\/\/magazzinimanzanesi.it\/de\/wp-json\/wp\/v2\/comments?post=8613"}],"wp:featuredmedia":[{"embeddable":true,"href":"https:\/\/magazzinimanzanesi.it\/de\/wp-json\/wp\/v2\/media\/6726"}],"wp:attachment":[{"href":"https:\/\/magazzinimanzanesi.it\/de\/wp-json\/wp\/v2\/media?parent=8613"}],"wp:term":[{"taxonomy":"product_brand","embeddable":true,"href":"https:\/\/magazzinimanzanesi.it\/de\/wp-json\/wp\/v2\/product_brand?post=8613"},{"taxonomy":"product_cat","embeddable":true,"href":"https:\/\/magazzinimanzanesi.it\/de\/wp-json\/wp\/v2\/product_cat?post=8613"},{"taxonomy":"product_tag","embeddable":true,"href":"https:\/\/magazzinimanzanesi.it\/de\/wp-json\/wp\/v2\/product_tag?post=8613"}],"curies":[{"name":"wp","href":"https:\/\/api.w.org\/{rel}","templated":true}]}}