{"id":8616,"date":"2025-01-28T10:38:14","date_gmt":"2025-01-28T10:38:14","guid":{"rendered":"https:\/\/magazzinimanzanesi.it\/catalogo\/uncategorized\/desinfektionsspray-fuer-oberflaechen\/"},"modified":"2025-01-28T10:38:14","modified_gmt":"2025-01-28T10:38:14","slug":"desinfektionsspray-fuer-oberflaechen","status":"publish","type":"product","link":"https:\/\/magazzinimanzanesi.it\/de\/katalog\/technische-chemikalien\/desinfektionsspray-fuer-oberflaechen\/","title":{"rendered":"Desinfektionsspray f\u00fcr Oberfl\u00e4chen"},"content":{"rendered":"<h1><strong>Hygienespray<\/strong><\/h1>\n<p><strong>\u00a0<\/strong><\/p>\n<h2><strong>Desinfektionsspray f\u00fcr Oberfl\u00e4chen: Schnell und r\u00fcckstandsfrei<\/strong><\/h2>\n<p>Farbloses Desinfektionsspray auf Alkoholbasis f\u00fcr Oberfl\u00e4chen, das jede Art von Oberfl\u00e4che von Bakterien und Viren reinigt und desinfiziert, ohne R\u00fcckst\u00e4nde zu hinterlassen. Entwickelt f\u00fcr eine schnelle und wirksame Desinfektion mit gr\u00fcndlicher Reinigung.<\/p>\n<p><strong>\u00a0<\/strong><\/p>\n<h3><strong>Desinfektionsspray f\u00fcr Oberfl\u00e4chen \u2013 Flacone:<\/strong><\/h3>\n<ul>\n<li>400 ML<\/li>\n<\/ul>\n","protected":false},"excerpt":{"rendered":"<p>Hygienespray \u00a0 Desinfektionsspray f\u00fcr Oberfl\u00e4chen: Schnell und r\u00fcckstandsfrei Farbloses Desinfektionsspray auf Alkoholbasis f\u00fcr Oberfl\u00e4chen, das jede Art von Oberfl\u00e4che von Bakterien und Viren reinigt und desinfiziert, ohne R\u00fcckst\u00e4nde zu hinterlassen. Entwickelt f\u00fcr eine schnelle und wirksame Desinfektion mit gr\u00fcndlicher Reinigung. \u00a0 Desinfektionsspray f\u00fcr Oberfl\u00e4chen \u2013 Flacone: 400 ML<\/p>\n","protected":false},"featured_media":6651,"comment_status":"closed","ping_status":"closed","template":"","meta":{"_acf_changed":false},"product_brand":[],"product_cat":[864],"product_tag":[],"class_list":{"0":"post-8616","1":"product","2":"type-product","3":"status-publish","4":"has-post-thumbnail","6":"product_cat-technische-chemikalien","8":"first","9":"instock","10":"shipping-taxable","11":"product-type-simple"},"acf":[],"_links":{"self":[{"href":"https:\/\/magazzinimanzanesi.it\/de\/wp-json\/wp\/v2\/product\/8616","targetHints":{"allow":["GET"]}}],"collection":[{"href":"https:\/\/magazzinimanzanesi.it\/de\/wp-json\/wp\/v2\/product"}],"about":[{"href":"https:\/\/magazzinimanzanesi.it\/de\/wp-json\/wp\/v2\/types\/product"}],"replies":[{"embeddable":true,"href":"https:\/\/magazzinimanzanesi.it\/de\/wp-json\/wp\/v2\/comments?post=8616"}],"wp:featuredmedia":[{"embeddable":true,"href":"https:\/\/magazzinimanzanesi.it\/de\/wp-json\/wp\/v2\/media\/6651"}],"wp:attachment":[{"href":"https:\/\/magazzinimanzanesi.it\/de\/wp-json\/wp\/v2\/media?parent=8616"}],"wp:term":[{"taxonomy":"product_brand","embeddable":true,"href":"https:\/\/magazzinimanzanesi.it\/de\/wp-json\/wp\/v2\/product_brand?post=8616"},{"taxonomy":"product_cat","embeddable":true,"href":"https:\/\/magazzinimanzanesi.it\/de\/wp-json\/wp\/v2\/product_cat?post=8616"},{"taxonomy":"product_tag","embeddable":true,"href":"https:\/\/magazzinimanzanesi.it\/de\/wp-json\/wp\/v2\/product_tag?post=8616"}],"curies":[{"name":"wp","href":"https:\/\/api.w.org\/{rel}","templated":true}]}}