{"id":8619,"date":"2025-01-28T10:49:58","date_gmt":"2025-01-28T10:49:58","guid":{"rendered":"https:\/\/magazzinimanzanesi.it\/catalogo\/uncategorized\/waschpistole\/"},"modified":"2025-01-28T10:49:58","modified_gmt":"2025-01-28T10:49:58","slug":"waschpistole","status":"publish","type":"product","link":"https:\/\/magazzinimanzanesi.it\/de\/katalog\/pneumatik\/waschpistole\/","title":{"rendered":"Waschpistole"},"content":{"rendered":"<h1><strong>Waschpistole mit Beh\u00e4lter<\/strong><\/h1>\n<p>&nbsp;<\/p>\n<h2><strong>Waschpistole: F\u00fcr verschiedene Fl\u00fcssigkeiten<\/strong><\/h2>\n<p>Druckluft-Waschpistole mit Schraubanschluss, verstellbarer D\u00fcse und Beh\u00e4lter, geeignet f\u00fcr verschiedene Fl\u00fcssigkeiten.<\/p>\n<p>&nbsp;<\/p>\n<h3><strong>Waschpistole \u2013 Ma\u00dfe:<\/strong><\/h3>\n<ul>\n<li>Beh\u00e4lterkapazit\u00e4t 1000 cc<\/li>\n<\/ul>\n","protected":false},"excerpt":{"rendered":"<p>Waschpistole mit Beh\u00e4lter &nbsp; Waschpistole: F\u00fcr verschiedene Fl\u00fcssigkeiten Druckluft-Waschpistole mit Schraubanschluss, verstellbarer D\u00fcse und Beh\u00e4lter, geeignet f\u00fcr verschiedene Fl\u00fcssigkeiten. &nbsp; Waschpistole \u2013 Ma\u00dfe: Beh\u00e4lterkapazit\u00e4t 1000 cc<\/p>\n","protected":false},"featured_media":7234,"comment_status":"closed","ping_status":"closed","template":"","meta":{"_acf_changed":false},"product_brand":[],"product_cat":[872],"product_tag":[],"class_list":{"0":"post-8619","1":"product","2":"type-product","3":"status-publish","4":"has-post-thumbnail","6":"product_cat-pneumatik","8":"first","9":"instock","10":"shipping-taxable","11":"product-type-simple"},"acf":[],"_links":{"self":[{"href":"https:\/\/magazzinimanzanesi.it\/de\/wp-json\/wp\/v2\/product\/8619","targetHints":{"allow":["GET"]}}],"collection":[{"href":"https:\/\/magazzinimanzanesi.it\/de\/wp-json\/wp\/v2\/product"}],"about":[{"href":"https:\/\/magazzinimanzanesi.it\/de\/wp-json\/wp\/v2\/types\/product"}],"replies":[{"embeddable":true,"href":"https:\/\/magazzinimanzanesi.it\/de\/wp-json\/wp\/v2\/comments?post=8619"}],"wp:featuredmedia":[{"embeddable":true,"href":"https:\/\/magazzinimanzanesi.it\/de\/wp-json\/wp\/v2\/media\/7234"}],"wp:attachment":[{"href":"https:\/\/magazzinimanzanesi.it\/de\/wp-json\/wp\/v2\/media?parent=8619"}],"wp:term":[{"taxonomy":"product_brand","embeddable":true,"href":"https:\/\/magazzinimanzanesi.it\/de\/wp-json\/wp\/v2\/product_brand?post=8619"},{"taxonomy":"product_cat","embeddable":true,"href":"https:\/\/magazzinimanzanesi.it\/de\/wp-json\/wp\/v2\/product_cat?post=8619"},{"taxonomy":"product_tag","embeddable":true,"href":"https:\/\/magazzinimanzanesi.it\/de\/wp-json\/wp\/v2\/product_tag?post=8619"}],"curies":[{"name":"wp","href":"https:\/\/api.w.org\/{rel}","templated":true}]}}