{"id":8620,"date":"2025-01-28T10:49:39","date_gmt":"2025-01-28T10:49:39","guid":{"rendered":"https:\/\/magazzinimanzanesi.it\/catalogo\/uncategorized\/reifenfuellpistole\/"},"modified":"2026-04-09T11:57:20","modified_gmt":"2026-04-09T11:57:20","slug":"reifenfuellpistole","status":"publish","type":"product","link":"https:\/\/magazzinimanzanesi.it\/de\/katalog\/pneumatik\/reifenfuellpistole\/","title":{"rendered":"Reifenf\u00fcllpistole"},"content":{"rendered":"<h1><strong>Luftpistole f\u00fcr Reifen<\/strong><\/h1>\n<p>&nbsp;<\/p>\n<h2><strong>Reifenf\u00fcllpistole: Mit Manometer<\/strong><\/h2>\n<p>Reifenf\u00fcllpistole mit Manometer zur Kontrolle und Regelung des Reifendrucks.<\/p>\n<p>&nbsp;<\/p>\n<h3><strong>Reifenf\u00fcllpistole \u2013 Ma\u00dfe:<\/strong><\/h3>\n<ul>\n<li>Manometer \u00d8 63 mm<\/li>\n<li>Schlauchl\u00e4nge 40 cm<\/li>\n<li>Arbeitsdruck 0 bis 12 bar<\/li>\n<\/ul>\n","protected":false},"excerpt":{"rendered":"<p>Luftpistole f\u00fcr Reifen &nbsp; Reifenf\u00fcllpistole: Mit Manometer Reifenf\u00fcllpistole mit Manometer zur Kontrolle und Regelung des Reifendrucks. &nbsp; Reifenf\u00fcllpistole \u2013 Ma\u00dfe: Manometer \u00d8 63 mm Schlauchl\u00e4nge 40 cm Arbeitsdruck 0 bis 12 bar<\/p>\n","protected":false},"featured_media":6866,"comment_status":"closed","ping_status":"closed","template":"","meta":{"_acf_changed":false},"product_brand":[],"product_cat":[872],"product_tag":[],"class_list":{"0":"post-8620","1":"product","2":"type-product","3":"status-publish","4":"has-post-thumbnail","6":"product_cat-pneumatik","8":"first","9":"instock","10":"shipping-taxable","11":"product-type-simple"},"acf":[],"_links":{"self":[{"href":"https:\/\/magazzinimanzanesi.it\/de\/wp-json\/wp\/v2\/product\/8620","targetHints":{"allow":["GET"]}}],"collection":[{"href":"https:\/\/magazzinimanzanesi.it\/de\/wp-json\/wp\/v2\/product"}],"about":[{"href":"https:\/\/magazzinimanzanesi.it\/de\/wp-json\/wp\/v2\/types\/product"}],"replies":[{"embeddable":true,"href":"https:\/\/magazzinimanzanesi.it\/de\/wp-json\/wp\/v2\/comments?post=8620"}],"wp:featuredmedia":[{"embeddable":true,"href":"https:\/\/magazzinimanzanesi.it\/de\/wp-json\/wp\/v2\/media\/6866"}],"wp:attachment":[{"href":"https:\/\/magazzinimanzanesi.it\/de\/wp-json\/wp\/v2\/media?parent=8620"}],"wp:term":[{"taxonomy":"product_brand","embeddable":true,"href":"https:\/\/magazzinimanzanesi.it\/de\/wp-json\/wp\/v2\/product_brand?post=8620"},{"taxonomy":"product_cat","embeddable":true,"href":"https:\/\/magazzinimanzanesi.it\/de\/wp-json\/wp\/v2\/product_cat?post=8620"},{"taxonomy":"product_tag","embeddable":true,"href":"https:\/\/magazzinimanzanesi.it\/de\/wp-json\/wp\/v2\/product_tag?post=8620"}],"curies":[{"name":"wp","href":"https:\/\/api.w.org\/{rel}","templated":true}]}}