{"id":8623,"date":"2025-01-28T11:21:34","date_gmt":"2025-01-28T11:21:34","guid":{"rendered":"https:\/\/magazzinimanzanesi.it\/catalogo\/uncategorized\/schnellhahn-mit-feder\/"},"modified":"2025-01-28T11:21:34","modified_gmt":"2025-01-28T11:21:34","slug":"schnellhahn-mit-feder","status":"publish","type":"product","link":"https:\/\/magazzinimanzanesi.it\/de\/katalog\/pneumatik\/schnellhahn-mit-feder\/","title":{"rendered":"Schnellhahn mit Feder"},"content":{"rendered":"<h1><strong>Spiralierter Schnellhahn<\/strong><\/h1>\n<p>&nbsp;<\/p>\n<h2><strong>Schnellhahn mit Feder: F\u00fcr Druckluftkreise<\/strong><\/h2>\n<p>Schnellhahn mit Feder f\u00fcr Anwendungen in Druckluftkreisen.<\/p>\n<p>&nbsp;<\/p>\n<h3><strong>Schnellhahn mit Feder \u2013 Ma\u00dfe:<\/strong><\/h3>\n<ul>\n<li>\u00d8 6X8 mm<\/li>\n<li>\u00d8 8X10 mm<\/li>\n<li>\u00d8 10X12 mm<\/li>\n<\/ul>\n","protected":false},"excerpt":{"rendered":"<p>Spiralierter Schnellhahn &nbsp; Schnellhahn mit Feder: F\u00fcr Druckluftkreise Schnellhahn mit Feder f\u00fcr Anwendungen in Druckluftkreisen. &nbsp; Schnellhahn mit Feder \u2013 Ma\u00dfe: \u00d8 6X8 mm \u00d8 8X10 mm \u00d8 10X12 mm<\/p>\n","protected":false},"featured_media":6841,"comment_status":"closed","ping_status":"closed","template":"","meta":{"_acf_changed":false},"product_brand":[],"product_cat":[872],"product_tag":[],"class_list":{"0":"post-8623","1":"product","2":"type-product","3":"status-publish","4":"has-post-thumbnail","6":"product_cat-pneumatik","8":"first","9":"instock","10":"shipping-taxable","11":"product-type-simple"},"acf":[],"_links":{"self":[{"href":"https:\/\/magazzinimanzanesi.it\/de\/wp-json\/wp\/v2\/product\/8623","targetHints":{"allow":["GET"]}}],"collection":[{"href":"https:\/\/magazzinimanzanesi.it\/de\/wp-json\/wp\/v2\/product"}],"about":[{"href":"https:\/\/magazzinimanzanesi.it\/de\/wp-json\/wp\/v2\/types\/product"}],"replies":[{"embeddable":true,"href":"https:\/\/magazzinimanzanesi.it\/de\/wp-json\/wp\/v2\/comments?post=8623"}],"wp:featuredmedia":[{"embeddable":true,"href":"https:\/\/magazzinimanzanesi.it\/de\/wp-json\/wp\/v2\/media\/6841"}],"wp:attachment":[{"href":"https:\/\/magazzinimanzanesi.it\/de\/wp-json\/wp\/v2\/media?parent=8623"}],"wp:term":[{"taxonomy":"product_brand","embeddable":true,"href":"https:\/\/magazzinimanzanesi.it\/de\/wp-json\/wp\/v2\/product_brand?post=8623"},{"taxonomy":"product_cat","embeddable":true,"href":"https:\/\/magazzinimanzanesi.it\/de\/wp-json\/wp\/v2\/product_cat?post=8623"},{"taxonomy":"product_tag","embeddable":true,"href":"https:\/\/magazzinimanzanesi.it\/de\/wp-json\/wp\/v2\/product_tag?post=8623"}],"curies":[{"name":"wp","href":"https:\/\/api.w.org\/{rel}","templated":true}]}}