{"id":8624,"date":"2025-01-28T11:22:14","date_gmt":"2025-01-28T11:22:14","guid":{"rendered":"https:\/\/magazzinimanzanesi.it\/catalogo\/uncategorized\/schnellhahn-mit-schlauchtuelle\/"},"modified":"2025-01-28T11:22:14","modified_gmt":"2025-01-28T11:22:14","slug":"schnellhahn-mit-schlauchtuelle","status":"publish","type":"product","link":"https:\/\/magazzinimanzanesi.it\/de\/katalog\/pneumatik\/schnellhahn-mit-schlauchtuelle\/","title":{"rendered":"Schnellhahn mit Schlaucht\u00fclle"},"content":{"rendered":"<h1><strong>Schnellhahn mit Schlauchanschluss<\/strong><\/h1>\n<h2><strong>Schnellhahn mit Schlaucht\u00fclle: F\u00fcr Druckluftkreise<\/strong><\/h2>\n<p>Schnellhahn mit Schlaucht\u00fclle f\u00fcr Anwendungen in Druckluftkreisen.<\/p>\n<p>&nbsp;<\/p>\n<h3><strong>Schnellhahn mit Schlaucht\u00fclle \u2013 Ma\u00dfe:<\/strong><\/h3>\n<ul>\n<li>6X14 mm<\/li>\n<li>8&#215;17 mm<\/li>\n<\/ul>\n","protected":false},"excerpt":{"rendered":"<p>Schnellhahn mit Schlauchanschluss Schnellhahn mit Schlaucht\u00fclle: F\u00fcr Druckluftkreise Schnellhahn mit Schlaucht\u00fclle f\u00fcr Anwendungen in Druckluftkreisen. &nbsp; Schnellhahn mit Schlaucht\u00fclle \u2013 Ma\u00dfe: 6X14 mm 8&#215;17 mm<\/p>\n","protected":false},"featured_media":6836,"comment_status":"closed","ping_status":"closed","template":"","meta":{"_acf_changed":false},"product_brand":[],"product_cat":[872],"product_tag":[],"class_list":{"0":"post-8624","1":"product","2":"type-product","3":"status-publish","4":"has-post-thumbnail","6":"product_cat-pneumatik","8":"first","9":"instock","10":"shipping-taxable","11":"product-type-simple"},"acf":[],"_links":{"self":[{"href":"https:\/\/magazzinimanzanesi.it\/de\/wp-json\/wp\/v2\/product\/8624","targetHints":{"allow":["GET"]}}],"collection":[{"href":"https:\/\/magazzinimanzanesi.it\/de\/wp-json\/wp\/v2\/product"}],"about":[{"href":"https:\/\/magazzinimanzanesi.it\/de\/wp-json\/wp\/v2\/types\/product"}],"replies":[{"embeddable":true,"href":"https:\/\/magazzinimanzanesi.it\/de\/wp-json\/wp\/v2\/comments?post=8624"}],"wp:featuredmedia":[{"embeddable":true,"href":"https:\/\/magazzinimanzanesi.it\/de\/wp-json\/wp\/v2\/media\/6836"}],"wp:attachment":[{"href":"https:\/\/magazzinimanzanesi.it\/de\/wp-json\/wp\/v2\/media?parent=8624"}],"wp:term":[{"taxonomy":"product_brand","embeddable":true,"href":"https:\/\/magazzinimanzanesi.it\/de\/wp-json\/wp\/v2\/product_brand?post=8624"},{"taxonomy":"product_cat","embeddable":true,"href":"https:\/\/magazzinimanzanesi.it\/de\/wp-json\/wp\/v2\/product_cat?post=8624"},{"taxonomy":"product_tag","embeddable":true,"href":"https:\/\/magazzinimanzanesi.it\/de\/wp-json\/wp\/v2\/product_tag?post=8624"}],"curies":[{"name":"wp","href":"https:\/\/api.w.org\/{rel}","templated":true}]}}