{"id":8627,"date":"2025-01-28T10:41:01","date_gmt":"2025-01-28T10:41:01","guid":{"rendered":"https:\/\/magazzinimanzanesi.it\/catalogo\/uncategorized\/schnellkupplungsstecker-mit-feder-fuer-schlaeuche-und-spiralen\/"},"modified":"2025-01-28T10:41:01","modified_gmt":"2025-01-28T10:41:01","slug":"schnellkupplungsstecker-mit-feder-fuer-schlaeuche-und-spiralen","status":"publish","type":"product","link":"https:\/\/magazzinimanzanesi.it\/de\/katalog\/pneumatik\/schnellkupplungsstecker-mit-feder-fuer-schlaeuche-und-spiralen\/","title":{"rendered":"Schnellkupplungsstecker mit Feder f\u00fcr Schl\u00e4uche und Spiralen"},"content":{"rendered":"<h1><strong>Schnellstecker mit Spiralfeder<\/strong><\/h1>\n<p>&nbsp;<\/p>\n<h2><strong>Schnellkupplungsstecker mit Feder f\u00fcr Schl\u00e4uche und Spiralen: F\u00fcr Druckluftkreise<\/strong><\/h2>\n<p>Schnellkupplungsstecker mit Feder f\u00fcr Schl\u00e4uche und Spiralen, aufgef\u00fchrt als eigenst\u00e4ndiger Artikel der Kategorie Raccorderia. Die Detailseite war beim Abruf jedoch nicht stabil verf\u00fcgbar.<\/p>\n<p><strong>\u00a0<\/strong><\/p>\n<p><strong>Schnellkupplungsstecker mit Feder f\u00fcr Schl\u00e4uche und Spiralen \u2013 Ma\u00dfe:<\/strong><\/p>\n<ul>\n<li>\u00d8 6X8 mm<\/li>\n<li>\u00d8 8X10 mm<\/li>\n<li>\u00d8 10X12 mm<\/li>\n<\/ul>\n","protected":false},"excerpt":{"rendered":"<p>Schnellstecker mit Spiralfeder &nbsp; Schnellkupplungsstecker mit Feder f\u00fcr Schl\u00e4uche und Spiralen: F\u00fcr Druckluftkreise Schnellkupplungsstecker mit Feder f\u00fcr Schl\u00e4uche und Spiralen, aufgef\u00fchrt als eigenst\u00e4ndiger Artikel der Kategorie Raccorderia. Die Detailseite war beim Abruf jedoch nicht stabil verf\u00fcgbar. \u00a0 Schnellkupplungsstecker mit Feder f\u00fcr Schl\u00e4uche und Spiralen \u2013 Ma\u00dfe: \u00d8 6X8 mm \u00d8 8X10 mm \u00d8 10X12 mm<\/p>\n","protected":false},"featured_media":6891,"comment_status":"closed","ping_status":"closed","template":"","meta":{"_acf_changed":false},"product_brand":[],"product_cat":[872],"product_tag":[],"class_list":{"0":"post-8627","1":"product","2":"type-product","3":"status-publish","4":"has-post-thumbnail","6":"product_cat-pneumatik","8":"first","9":"instock","10":"shipping-taxable","11":"product-type-simple"},"acf":[],"_links":{"self":[{"href":"https:\/\/magazzinimanzanesi.it\/de\/wp-json\/wp\/v2\/product\/8627","targetHints":{"allow":["GET"]}}],"collection":[{"href":"https:\/\/magazzinimanzanesi.it\/de\/wp-json\/wp\/v2\/product"}],"about":[{"href":"https:\/\/magazzinimanzanesi.it\/de\/wp-json\/wp\/v2\/types\/product"}],"replies":[{"embeddable":true,"href":"https:\/\/magazzinimanzanesi.it\/de\/wp-json\/wp\/v2\/comments?post=8627"}],"wp:featuredmedia":[{"embeddable":true,"href":"https:\/\/magazzinimanzanesi.it\/de\/wp-json\/wp\/v2\/media\/6891"}],"wp:attachment":[{"href":"https:\/\/magazzinimanzanesi.it\/de\/wp-json\/wp\/v2\/media?parent=8627"}],"wp:term":[{"taxonomy":"product_brand","embeddable":true,"href":"https:\/\/magazzinimanzanesi.it\/de\/wp-json\/wp\/v2\/product_brand?post=8627"},{"taxonomy":"product_cat","embeddable":true,"href":"https:\/\/magazzinimanzanesi.it\/de\/wp-json\/wp\/v2\/product_cat?post=8627"},{"taxonomy":"product_tag","embeddable":true,"href":"https:\/\/magazzinimanzanesi.it\/de\/wp-json\/wp\/v2\/product_tag?post=8627"}],"curies":[{"name":"wp","href":"https:\/\/api.w.org\/{rel}","templated":true}]}}