{"id":8629,"date":"2025-01-28T10:42:01","date_gmt":"2025-01-28T10:42:01","guid":{"rendered":"https:\/\/magazzinimanzanesi.it\/catalogo\/uncategorized\/schnellkupplungsstecker-mit-schlauchtuelle\/"},"modified":"2025-01-28T10:42:01","modified_gmt":"2025-01-28T10:42:01","slug":"schnellkupplungsstecker-mit-schlauchtuelle","status":"publish","type":"product","link":"https:\/\/magazzinimanzanesi.it\/de\/katalog\/pneumatik\/schnellkupplungsstecker-mit-schlauchtuelle\/","title":{"rendered":"Schnellkupplungsstecker mit Schlaucht\u00fclle"},"content":{"rendered":"<h1><strong>Schnellstecker mit Schlauchanschluss<\/strong><\/h1>\n<h2><strong>Schnellkupplungsstecker mit Schlaucht\u00fclle: F\u00fcr Druckluftkreise<\/strong><\/h2>\n<p>Schnellkupplungsstecker mit Schlaucht\u00fclle, als eigenst\u00e4ndiger Artikel in der Kategorie Raccorderia gelistet. Die Produktseite war beim Abruf nicht zuverl\u00e4ssig lesbar.<\/p>\n<p><strong>\u00a0<\/strong><\/p>\n<h3><strong>Schnellkupplungsstecker mit Schlaucht\u00fclle \u2013 Ma\u00dfe:<\/strong><\/h3>\n<ul>\n<li>\u00d8 6X14 mm<\/li>\n<li>\u00d8 8X17 mm<\/li>\n<li>Profil Italia<\/li>\n<\/ul>\n","protected":false},"excerpt":{"rendered":"<p>Schnellstecker mit Schlauchanschluss Schnellkupplungsstecker mit Schlaucht\u00fclle: F\u00fcr Druckluftkreise Schnellkupplungsstecker mit Schlaucht\u00fclle, als eigenst\u00e4ndiger Artikel in der Kategorie Raccorderia gelistet. Die Produktseite war beim Abruf nicht zuverl\u00e4ssig lesbar. \u00a0 Schnellkupplungsstecker mit Schlaucht\u00fclle \u2013 Ma\u00dfe: \u00d8 6X14 mm \u00d8 8X17 mm Profil Italia<\/p>\n","protected":false},"featured_media":6886,"comment_status":"closed","ping_status":"closed","template":"","meta":{"_acf_changed":false},"product_brand":[],"product_cat":[872],"product_tag":[],"class_list":{"0":"post-8629","1":"product","2":"type-product","3":"status-publish","4":"has-post-thumbnail","6":"product_cat-pneumatik","8":"first","9":"instock","10":"shipping-taxable","11":"product-type-simple"},"acf":[],"_links":{"self":[{"href":"https:\/\/magazzinimanzanesi.it\/de\/wp-json\/wp\/v2\/product\/8629","targetHints":{"allow":["GET"]}}],"collection":[{"href":"https:\/\/magazzinimanzanesi.it\/de\/wp-json\/wp\/v2\/product"}],"about":[{"href":"https:\/\/magazzinimanzanesi.it\/de\/wp-json\/wp\/v2\/types\/product"}],"replies":[{"embeddable":true,"href":"https:\/\/magazzinimanzanesi.it\/de\/wp-json\/wp\/v2\/comments?post=8629"}],"wp:featuredmedia":[{"embeddable":true,"href":"https:\/\/magazzinimanzanesi.it\/de\/wp-json\/wp\/v2\/media\/6886"}],"wp:attachment":[{"href":"https:\/\/magazzinimanzanesi.it\/de\/wp-json\/wp\/v2\/media?parent=8629"}],"wp:term":[{"taxonomy":"product_brand","embeddable":true,"href":"https:\/\/magazzinimanzanesi.it\/de\/wp-json\/wp\/v2\/product_brand?post=8629"},{"taxonomy":"product_cat","embeddable":true,"href":"https:\/\/magazzinimanzanesi.it\/de\/wp-json\/wp\/v2\/product_cat?post=8629"},{"taxonomy":"product_tag","embeddable":true,"href":"https:\/\/magazzinimanzanesi.it\/de\/wp-json\/wp\/v2\/product_tag?post=8629"}],"curies":[{"name":"wp","href":"https:\/\/api.w.org\/{rel}","templated":true}]}}