{"id":8632,"date":"2025-01-28T11:03:16","date_gmt":"2025-01-28T11:03:16","guid":{"rendered":"https:\/\/magazzinimanzanesi.it\/catalogo\/uncategorized\/gewindeanschluss-mit-schlauchtuelle\/"},"modified":"2025-01-28T11:03:16","modified_gmt":"2025-01-28T11:03:16","slug":"gewindeanschluss-mit-schlauchtuelle","status":"publish","type":"product","link":"https:\/\/magazzinimanzanesi.it\/de\/katalog\/pneumatik\/gewindeanschluss-mit-schlauchtuelle\/","title":{"rendered":"Gewindeanschluss mit Schlaucht\u00fclle"},"content":{"rendered":"<h1><strong>Gewindeter T\u00fcllenanschluss<\/strong><\/h1>\n<p>&nbsp;<\/p>\n<h2><strong>Gewindeanschluss mit Schlaucht\u00fclle: F\u00fcr Hydraulik- und Pneumatikkreise<\/strong><\/h2>\n<p>Gewindeanschluss mit Schlaucht\u00fclle f\u00fcr Anwendungen in oleodynamischen, hydraulischen und pneumatischen Kreisl\u00e4ufen.<\/p>\n<p><strong>\u00a0<\/strong><\/p>\n<h3><strong>Gewindeanschluss mit Schlaucht\u00fclle \u2013 Ma\u00dfe:<\/strong><\/h3>\n<ul>\n<li>\u00d8 6X14 MM 1\/4\u201d femmina<\/li>\n<li>\u00d8 6X14 MM 3\/8\u201d Innengewinde<\/li>\n<li>\u00d8 8X17 MM 1\/4\u201d Innengewinde<\/li>\n<li>\u00d8 6X14 MM 1\/4\u201d  Au\u00dfengewinde<\/li>\n<li>\u00d8 6X14 MM 3\/8\u201d  Au\u00dfengewinde<\/li>\n<li>\u00d8 8X17 MM 1\/4\u201d  Au\u00dfengewinde<\/li>\n<li>\u00d8 8X17 MM 3\/8\u201d  Au\u00dfengewinde<\/li>\n<\/ul>\n","protected":false},"excerpt":{"rendered":"<p>Gewindeter T\u00fcllenanschluss &nbsp; Gewindeanschluss mit Schlaucht\u00fclle: F\u00fcr Hydraulik- und Pneumatikkreise Gewindeanschluss mit Schlaucht\u00fclle f\u00fcr Anwendungen in oleodynamischen, hydraulischen und pneumatischen Kreisl\u00e4ufen. \u00a0 Gewindeanschluss mit Schlaucht\u00fclle \u2013 Ma\u00dfe: \u00d8 6X14 MM 1\/4\u201d femmina \u00d8 6X14 MM 3\/8\u201d Innengewinde \u00d8 8X17 MM 1\/4\u201d Innengewinde \u00d8 6X14 MM 1\/4\u201d Au\u00dfengewinde \u00d8 6X14 MM 3\/8\u201d Au\u00dfengewinde \u00d8 8X17 MM [&hellip;]<\/p>\n","protected":false},"featured_media":7263,"comment_status":"closed","ping_status":"closed","template":"","meta":{"_acf_changed":false},"product_brand":[],"product_cat":[872],"product_tag":[],"class_list":{"0":"post-8632","1":"product","2":"type-product","3":"status-publish","4":"has-post-thumbnail","6":"product_cat-pneumatik","8":"first","9":"instock","10":"shipping-taxable","11":"product-type-simple"},"acf":[],"_links":{"self":[{"href":"https:\/\/magazzinimanzanesi.it\/de\/wp-json\/wp\/v2\/product\/8632","targetHints":{"allow":["GET"]}}],"collection":[{"href":"https:\/\/magazzinimanzanesi.it\/de\/wp-json\/wp\/v2\/product"}],"about":[{"href":"https:\/\/magazzinimanzanesi.it\/de\/wp-json\/wp\/v2\/types\/product"}],"replies":[{"embeddable":true,"href":"https:\/\/magazzinimanzanesi.it\/de\/wp-json\/wp\/v2\/comments?post=8632"}],"wp:featuredmedia":[{"embeddable":true,"href":"https:\/\/magazzinimanzanesi.it\/de\/wp-json\/wp\/v2\/media\/7263"}],"wp:attachment":[{"href":"https:\/\/magazzinimanzanesi.it\/de\/wp-json\/wp\/v2\/media?parent=8632"}],"wp:term":[{"taxonomy":"product_brand","embeddable":true,"href":"https:\/\/magazzinimanzanesi.it\/de\/wp-json\/wp\/v2\/product_brand?post=8632"},{"taxonomy":"product_cat","embeddable":true,"href":"https:\/\/magazzinimanzanesi.it\/de\/wp-json\/wp\/v2\/product_cat?post=8632"},{"taxonomy":"product_tag","embeddable":true,"href":"https:\/\/magazzinimanzanesi.it\/de\/wp-json\/wp\/v2\/product_tag?post=8632"}],"curies":[{"name":"wp","href":"https:\/\/api.w.org\/{rel}","templated":true}]}}