{"id":8634,"date":"2025-01-28T11:02:09","date_gmt":"2025-01-28T11:02:09","guid":{"rendered":"https:\/\/magazzinimanzanesi.it\/catalogo\/uncategorized\/bajonettanschluss-mit-schlauchtuelle\/"},"modified":"2025-01-28T11:02:09","modified_gmt":"2025-01-28T11:02:09","slug":"bajonettanschluss-mit-schlauchtuelle","status":"publish","type":"product","link":"https:\/\/magazzinimanzanesi.it\/de\/katalog\/pneumatik\/bajonettanschluss-mit-schlauchtuelle\/","title":{"rendered":"Bajonettanschluss mit Schlaucht\u00fclle"},"content":{"rendered":"<h1><strong>Bajonett-T\u00fcllenanschluss<\/strong><\/h1>\n<p>&nbsp;<\/p>\n<h2><strong>Bajonettanschluss mit Schlaucht\u00fclle: F\u00fcr Gummi- und PU-Schl\u00e4uche<\/strong><\/h2>\n<p>Bajonettanschluss mit Schlaucht\u00fclle f\u00fcr Gummi- und PU-Schl\u00e4uche f\u00fcr Anwendungen in oleodynamischen, hydraulischen und pneumatischen Kreisl\u00e4ufen.<\/p>\n<p>&nbsp;<\/p>\n<h3><strong>Bajonettanschluss mit Schlaucht\u00fclle \u2013 Ma\u00dfe:<\/strong><\/h3>\n<ul>\n<li>\u00d8 6X14 mm<\/li>\n<li>\u00d8 8X17 mm<\/li>\n<\/ul>\n","protected":false},"excerpt":{"rendered":"<p>Bajonett-T\u00fcllenanschluss &nbsp; Bajonettanschluss mit Schlaucht\u00fclle: F\u00fcr Gummi- und PU-Schl\u00e4uche Bajonettanschluss mit Schlaucht\u00fclle f\u00fcr Gummi- und PU-Schl\u00e4uche f\u00fcr Anwendungen in oleodynamischen, hydraulischen und pneumatischen Kreisl\u00e4ufen. &nbsp; Bajonettanschluss mit Schlaucht\u00fclle \u2013 Ma\u00dfe: \u00d8 6X14 mm \u00d8 8X17 mm<\/p>\n","protected":false},"featured_media":6851,"comment_status":"closed","ping_status":"closed","template":"","meta":{"_acf_changed":false},"product_brand":[],"product_cat":[872],"product_tag":[],"class_list":{"0":"post-8634","1":"product","2":"type-product","3":"status-publish","4":"has-post-thumbnail","6":"product_cat-pneumatik","8":"first","9":"instock","10":"shipping-taxable","11":"product-type-simple"},"acf":[],"_links":{"self":[{"href":"https:\/\/magazzinimanzanesi.it\/de\/wp-json\/wp\/v2\/product\/8634","targetHints":{"allow":["GET"]}}],"collection":[{"href":"https:\/\/magazzinimanzanesi.it\/de\/wp-json\/wp\/v2\/product"}],"about":[{"href":"https:\/\/magazzinimanzanesi.it\/de\/wp-json\/wp\/v2\/types\/product"}],"replies":[{"embeddable":true,"href":"https:\/\/magazzinimanzanesi.it\/de\/wp-json\/wp\/v2\/comments?post=8634"}],"wp:featuredmedia":[{"embeddable":true,"href":"https:\/\/magazzinimanzanesi.it\/de\/wp-json\/wp\/v2\/media\/6851"}],"wp:attachment":[{"href":"https:\/\/magazzinimanzanesi.it\/de\/wp-json\/wp\/v2\/media?parent=8634"}],"wp:term":[{"taxonomy":"product_brand","embeddable":true,"href":"https:\/\/magazzinimanzanesi.it\/de\/wp-json\/wp\/v2\/product_brand?post=8634"},{"taxonomy":"product_cat","embeddable":true,"href":"https:\/\/magazzinimanzanesi.it\/de\/wp-json\/wp\/v2\/product_cat?post=8634"},{"taxonomy":"product_tag","embeddable":true,"href":"https:\/\/magazzinimanzanesi.it\/de\/wp-json\/wp\/v2\/product_tag?post=8634"}],"curies":[{"name":"wp","href":"https:\/\/api.w.org\/{rel}","templated":true}]}}