{"id":8637,"date":"2025-01-28T10:43:35","date_gmt":"2025-01-28T10:43:35","guid":{"rendered":"https:\/\/magazzinimanzanesi.it\/catalogo\/uncategorized\/reduziermuffe\/"},"modified":"2025-01-28T10:43:35","modified_gmt":"2025-01-28T10:43:35","slug":"reduziermuffe","status":"publish","type":"product","link":"https:\/\/magazzinimanzanesi.it\/de\/katalog\/pneumatik\/reduziermuffe\/","title":{"rendered":"Reduziermuffe"},"content":{"rendered":"<h1><strong>Reduziertes Muffenst\u00fcck<\/strong><\/h1>\n<p>&nbsp;<\/p>\n<h2><strong>Reduziermuffe: Gewindeverbindung mit Reduzierung<\/strong><\/h2>\n<p>Reduziermuffe f\u00fcr Anwendungen in oleodynamischen, hydraulischen und pneumatischen Kreisl\u00e4ufen.<\/p>\n<p>&nbsp;<\/p>\n<h3><strong>Reduziermuffe \u2013 Ma\u00dfe:<\/strong><\/h3>\n<ul>\n<li>1\/2\u2033 Innengewinde \u00d7 1\/2\u2033 Innengewinde<\/li>\n<li>1\/4\u2033 Innengewinde \u00d7 1\/2\u2033 Innengewinde<\/li>\n<li>1\/4\u2033 Innengewinde \u00d7 1\/4\u2033 Innengewinde<\/li>\n<li>1\/4\u2033 Innengewinde \u00d7 3\/8\u2033 Innengewinde<\/li>\n<li>1\/8\u2033 Innengewinde \u00d7 1\/2\u2033 Innengewinde<\/li>\n<li>1\/8\u2033 Innengewinde \u00d7 1\/4\u2033 Innengewinde<\/li>\n<li>1\/8\u2033 Innengewinde \u00d7 1\/8\u2033 Innengewinde<\/li>\n<li>1\/8\u2033 Innengewinde \u00d7 3\/8\u2033 Innengewinde<\/li>\n<li>3\/8\u2033 Innengewinde \u00d7 1\/2\u2033 Innengewinde<\/li>\n<li>3\/8\u2033 Innengewinde \u00d7 3\/8\u2033 Innengewinde<\/li>\n<\/ul>\n","protected":false},"excerpt":{"rendered":"<p>Reduziertes Muffenst\u00fcck &nbsp; Reduziermuffe: Gewindeverbindung mit Reduzierung Reduziermuffe f\u00fcr Anwendungen in oleodynamischen, hydraulischen und pneumatischen Kreisl\u00e4ufen. &nbsp; Reduziermuffe \u2013 Ma\u00dfe: 1\/2\u2033 Innengewinde \u00d7 1\/2\u2033 Innengewinde 1\/4\u2033 Innengewinde \u00d7 1\/2\u2033 Innengewinde 1\/4\u2033 Innengewinde \u00d7 1\/4\u2033 Innengewinde 1\/4\u2033 Innengewinde \u00d7 3\/8\u2033 Innengewinde 1\/8\u2033 Innengewinde \u00d7 1\/2\u2033 Innengewinde 1\/8\u2033 Innengewinde \u00d7 1\/4\u2033 Innengewinde 1\/8\u2033 Innengewinde \u00d7 1\/8\u2033 Innengewinde [&hellip;]<\/p>\n","protected":false},"featured_media":6901,"comment_status":"closed","ping_status":"closed","template":"","meta":{"_acf_changed":false},"product_brand":[],"product_cat":[872],"product_tag":[],"class_list":{"0":"post-8637","1":"product","2":"type-product","3":"status-publish","4":"has-post-thumbnail","6":"product_cat-pneumatik","8":"first","9":"instock","10":"shipping-taxable","11":"product-type-simple"},"acf":[],"_links":{"self":[{"href":"https:\/\/magazzinimanzanesi.it\/de\/wp-json\/wp\/v2\/product\/8637","targetHints":{"allow":["GET"]}}],"collection":[{"href":"https:\/\/magazzinimanzanesi.it\/de\/wp-json\/wp\/v2\/product"}],"about":[{"href":"https:\/\/magazzinimanzanesi.it\/de\/wp-json\/wp\/v2\/types\/product"}],"replies":[{"embeddable":true,"href":"https:\/\/magazzinimanzanesi.it\/de\/wp-json\/wp\/v2\/comments?post=8637"}],"wp:featuredmedia":[{"embeddable":true,"href":"https:\/\/magazzinimanzanesi.it\/de\/wp-json\/wp\/v2\/media\/6901"}],"wp:attachment":[{"href":"https:\/\/magazzinimanzanesi.it\/de\/wp-json\/wp\/v2\/media?parent=8637"}],"wp:term":[{"taxonomy":"product_brand","embeddable":true,"href":"https:\/\/magazzinimanzanesi.it\/de\/wp-json\/wp\/v2\/product_brand?post=8637"},{"taxonomy":"product_cat","embeddable":true,"href":"https:\/\/magazzinimanzanesi.it\/de\/wp-json\/wp\/v2\/product_cat?post=8637"},{"taxonomy":"product_tag","embeddable":true,"href":"https:\/\/magazzinimanzanesi.it\/de\/wp-json\/wp\/v2\/product_tag?post=8637"}],"curies":[{"name":"wp","href":"https:\/\/api.w.org\/{rel}","templated":true}]}}