{"id":8638,"date":"2025-01-28T10:44:39","date_gmt":"2025-01-28T10:44:39","guid":{"rendered":"https:\/\/magazzinimanzanesi.it\/catalogo\/uncategorized\/zylindernippel\/"},"modified":"2025-01-28T10:44:39","modified_gmt":"2025-01-28T10:44:39","slug":"zylindernippel","status":"publish","type":"product","link":"https:\/\/magazzinimanzanesi.it\/de\/katalog\/pneumatik\/zylindernippel\/","title":{"rendered":"Zylindernippel"},"content":{"rendered":"<h1><strong>Gewindenippel<\/strong><\/h1>\n<p>&nbsp;<\/p>\n<h2><strong>Zylindernippel: F\u00fcr oleodynamische, hydraulische und pneumatische Kreise<\/strong><\/h2>\n<p>Zylindernippel f\u00fcr Anwendungen in oleodynamischen, hydraulischen und pneumatischen Kreisl\u00e4ufen. Die Produktseite war beim Abruf nicht stabil verf\u00fcgbar, der Artikel ist aber eindeutig in der Kategorie Raccorderia gelistet.<\/p>\n<p>&nbsp;<\/p>\n<h3><strong>Zylindernippel \u2013 Ma\u00dfe:<\/strong><\/h3>\n<ul>\n<li>1\/2\u201d Au\u00dfengewinde x 1\/2\u201d Au\u00dfengewinde<\/li>\n<li>1\/4\u201d Au\u00dfengewinde x 1\/2\u201d Au\u00dfengewinde<\/li>\n<li>1\/4\u201d Au\u00dfengewinde x 1\/4\u201d Au\u00dfengewinde<\/li>\n<li>1\/4\u201d Au\u00dfengewinde x 3\/8\u201d Au\u00dfengewinde<\/li>\n<li>1\/8\u201d Au\u00dfengewinde x 1\/2\u201d Au\u00dfengewinde<\/li>\n<li>1\/8\u201d Au\u00dfengewinde x 1\/4\u201d Au\u00dfengewinde<\/li>\n<li>1\/8\u201d Au\u00dfengewinde x 1\/8\u201d Au\u00dfengewinde<\/li>\n<li>1\/8\u201d Au\u00dfengewinde x 3\/8\u201d Au\u00dfengewinde<\/li>\n<li>3\/8\u201d Au\u00dfengewinde x 1\/2\u201d Au\u00dfengewinde<\/li>\n<li>3\/8\u201d mAu\u00dfengewinde x 3\/8\u201d Au\u00dfengewinde<\/li>\n<\/ul>\n","protected":false},"excerpt":{"rendered":"<p>Gewindenippel &nbsp; Zylindernippel: F\u00fcr oleodynamische, hydraulische und pneumatische Kreise Zylindernippel f\u00fcr Anwendungen in oleodynamischen, hydraulischen und pneumatischen Kreisl\u00e4ufen. Die Produktseite war beim Abruf nicht stabil verf\u00fcgbar, der Artikel ist aber eindeutig in der Kategorie Raccorderia gelistet. &nbsp; Zylindernippel \u2013 Ma\u00dfe: 1\/2\u201d Au\u00dfengewinde x 1\/2\u201d Au\u00dfengewinde 1\/4\u201d Au\u00dfengewinde x 1\/2\u201d Au\u00dfengewinde 1\/4\u201d Au\u00dfengewinde x 1\/4\u201d Au\u00dfengewinde [&hellip;]<\/p>\n","protected":false},"featured_media":6916,"comment_status":"closed","ping_status":"closed","template":"","meta":{"_acf_changed":false},"product_brand":[],"product_cat":[872],"product_tag":[],"class_list":{"0":"post-8638","1":"product","2":"type-product","3":"status-publish","4":"has-post-thumbnail","6":"product_cat-pneumatik","8":"first","9":"instock","10":"shipping-taxable","11":"product-type-simple"},"acf":[],"_links":{"self":[{"href":"https:\/\/magazzinimanzanesi.it\/de\/wp-json\/wp\/v2\/product\/8638","targetHints":{"allow":["GET"]}}],"collection":[{"href":"https:\/\/magazzinimanzanesi.it\/de\/wp-json\/wp\/v2\/product"}],"about":[{"href":"https:\/\/magazzinimanzanesi.it\/de\/wp-json\/wp\/v2\/types\/product"}],"replies":[{"embeddable":true,"href":"https:\/\/magazzinimanzanesi.it\/de\/wp-json\/wp\/v2\/comments?post=8638"}],"wp:featuredmedia":[{"embeddable":true,"href":"https:\/\/magazzinimanzanesi.it\/de\/wp-json\/wp\/v2\/media\/6916"}],"wp:attachment":[{"href":"https:\/\/magazzinimanzanesi.it\/de\/wp-json\/wp\/v2\/media?parent=8638"}],"wp:term":[{"taxonomy":"product_brand","embeddable":true,"href":"https:\/\/magazzinimanzanesi.it\/de\/wp-json\/wp\/v2\/product_brand?post=8638"},{"taxonomy":"product_cat","embeddable":true,"href":"https:\/\/magazzinimanzanesi.it\/de\/wp-json\/wp\/v2\/product_cat?post=8638"},{"taxonomy":"product_tag","embeddable":true,"href":"https:\/\/magazzinimanzanesi.it\/de\/wp-json\/wp\/v2\/product_tag?post=8638"}],"curies":[{"name":"wp","href":"https:\/\/api.w.org\/{rel}","templated":true}]}}