{"id":8639,"date":"2025-01-28T11:29:00","date_gmt":"2025-01-28T11:29:00","guid":{"rendered":"https:\/\/magazzinimanzanesi.it\/catalogo\/uncategorized\/zylinderstopfen\/"},"modified":"2025-01-28T11:29:00","modified_gmt":"2025-01-28T11:29:00","slug":"zylinderstopfen","status":"publish","type":"product","link":"https:\/\/magazzinimanzanesi.it\/de\/katalog\/pneumatik\/zylinderstopfen\/","title":{"rendered":"Zylinderstopfen"},"content":{"rendered":"<h1><strong>Gewindestopfen<\/strong><\/h1>\n<p>&nbsp;<\/p>\n<h2><strong>Zylinderstopfen: F\u00fcr das Verschlie\u00dfen von Anschl\u00fcssen<\/strong><\/h2>\n<p>Zylinderstopfen f\u00fcr Anwendungen in oleodynamischen, hydraulischen und pneumatischen Kreisl\u00e4ufen. Der Artikel ist klar in der Kategorie Raccorderia vorhanden, die Detailseite war jedoch beim Abruf nicht stabil verf\u00fcgbar.<\/p>\n<p>&nbsp;<\/p>\n<h3><strong>Zylinderstopfen \u2013 Ma\u00dfe:<\/strong><\/h3>\n<ul>\n<li>\u00d8 1\/8\u201d<\/li>\n<li>\u00d8 1\/4&#8243;<\/li>\n<li>\u00d8 3\/8&#8243;<\/li>\n<li>\u00d8 1\/2&#8243;<\/li>\n<\/ul>\n","protected":false},"excerpt":{"rendered":"<p>Gewindestopfen &nbsp; Zylinderstopfen: F\u00fcr das Verschlie\u00dfen von Anschl\u00fcssen Zylinderstopfen f\u00fcr Anwendungen in oleodynamischen, hydraulischen und pneumatischen Kreisl\u00e4ufen. Der Artikel ist klar in der Kategorie Raccorderia vorhanden, die Detailseite war jedoch beim Abruf nicht stabil verf\u00fcgbar. &nbsp; Zylinderstopfen \u2013 Ma\u00dfe: \u00d8 1\/8\u201d \u00d8 1\/4&#8243; \u00d8 3\/8&#8243; \u00d8 1\/2&#8243;<\/p>\n","protected":false},"featured_media":6846,"comment_status":"closed","ping_status":"closed","template":"","meta":{"_acf_changed":false},"product_brand":[],"product_cat":[872],"product_tag":[],"class_list":{"0":"post-8639","1":"product","2":"type-product","3":"status-publish","4":"has-post-thumbnail","6":"product_cat-pneumatik","8":"first","9":"instock","10":"shipping-taxable","11":"product-type-simple"},"acf":[],"_links":{"self":[{"href":"https:\/\/magazzinimanzanesi.it\/de\/wp-json\/wp\/v2\/product\/8639","targetHints":{"allow":["GET"]}}],"collection":[{"href":"https:\/\/magazzinimanzanesi.it\/de\/wp-json\/wp\/v2\/product"}],"about":[{"href":"https:\/\/magazzinimanzanesi.it\/de\/wp-json\/wp\/v2\/types\/product"}],"replies":[{"embeddable":true,"href":"https:\/\/magazzinimanzanesi.it\/de\/wp-json\/wp\/v2\/comments?post=8639"}],"wp:featuredmedia":[{"embeddable":true,"href":"https:\/\/magazzinimanzanesi.it\/de\/wp-json\/wp\/v2\/media\/6846"}],"wp:attachment":[{"href":"https:\/\/magazzinimanzanesi.it\/de\/wp-json\/wp\/v2\/media?parent=8639"}],"wp:term":[{"taxonomy":"product_brand","embeddable":true,"href":"https:\/\/magazzinimanzanesi.it\/de\/wp-json\/wp\/v2\/product_brand?post=8639"},{"taxonomy":"product_cat","embeddable":true,"href":"https:\/\/magazzinimanzanesi.it\/de\/wp-json\/wp\/v2\/product_cat?post=8639"},{"taxonomy":"product_tag","embeddable":true,"href":"https:\/\/magazzinimanzanesi.it\/de\/wp-json\/wp\/v2\/product_tag?post=8639"}],"curies":[{"name":"wp","href":"https:\/\/api.w.org\/{rel}","templated":true}]}}