{"id":8642,"date":"2025-01-28T11:15:30","date_gmt":"2025-01-28T11:15:30","guid":{"rendered":"https:\/\/magazzinimanzanesi.it\/catalogo\/uncategorized\/winkelverschraubung-aussengewinde-innengewinde\/"},"modified":"2025-01-28T11:15:30","modified_gmt":"2025-01-28T11:15:30","slug":"winkelverschraubung-aussengewinde-innengewinde","status":"publish","type":"product","link":"https:\/\/magazzinimanzanesi.it\/de\/katalog\/pneumatik\/winkelverschraubung-aussengewinde-innengewinde\/","title":{"rendered":"Winkelverschraubung Au\u00dfengewinde-Innengewinde"},"content":{"rendered":"<h1><strong>L-f\u00f6rmiges Gewinde-Verbindungsst\u00fcck<\/strong><\/h1>\n<p>&nbsp;<\/p>\n<h2><strong>Winkelverschraubung Au\u00dfengewinde-Innengewinde: L-Form<\/strong><\/h2>\n<p>Winkelverschraubung Au\u00dfengewinde-Innengewinde f\u00fcr Anwendungen in oleodynamischen, hydraulischen und pneumatischen Kreisl\u00e4ufen.<\/p>\n<p>&nbsp;<\/p>\n<h3><strong>Winkelverschraubung Au\u00dfengewinde-Innengewinde \u2013 Ma\u00dfe:<\/strong><\/h3>\n<ul>\n<li>\u00d8 1\/2&#8243;<\/li>\n<li>\u00d8 1\/4&#8243;<\/li>\n<li>\u00d8 1\/8\u201d<\/li>\n<li>\u00d8 3\/8\u201d<\/li>\n<\/ul>\n","protected":false},"excerpt":{"rendered":"<p>L-f\u00f6rmiges Gewinde-Verbindungsst\u00fcck &nbsp; Winkelverschraubung Au\u00dfengewinde-Innengewinde: L-Form Winkelverschraubung Au\u00dfengewinde-Innengewinde f\u00fcr Anwendungen in oleodynamischen, hydraulischen und pneumatischen Kreisl\u00e4ufen. &nbsp; Winkelverschraubung Au\u00dfengewinde-Innengewinde \u2013 Ma\u00dfe: \u00d8 1\/2&#8243; \u00d8 1\/4&#8243; \u00d8 1\/8\u201d \u00d8 3\/8\u201d<\/p>\n","protected":false},"featured_media":6761,"comment_status":"closed","ping_status":"closed","template":"","meta":{"_acf_changed":false},"product_brand":[],"product_cat":[872],"product_tag":[],"class_list":{"0":"post-8642","1":"product","2":"type-product","3":"status-publish","4":"has-post-thumbnail","6":"product_cat-pneumatik","8":"first","9":"instock","10":"shipping-taxable","11":"product-type-simple"},"acf":[],"_links":{"self":[{"href":"https:\/\/magazzinimanzanesi.it\/de\/wp-json\/wp\/v2\/product\/8642","targetHints":{"allow":["GET"]}}],"collection":[{"href":"https:\/\/magazzinimanzanesi.it\/de\/wp-json\/wp\/v2\/product"}],"about":[{"href":"https:\/\/magazzinimanzanesi.it\/de\/wp-json\/wp\/v2\/types\/product"}],"replies":[{"embeddable":true,"href":"https:\/\/magazzinimanzanesi.it\/de\/wp-json\/wp\/v2\/comments?post=8642"}],"wp:featuredmedia":[{"embeddable":true,"href":"https:\/\/magazzinimanzanesi.it\/de\/wp-json\/wp\/v2\/media\/6761"}],"wp:attachment":[{"href":"https:\/\/magazzinimanzanesi.it\/de\/wp-json\/wp\/v2\/media?parent=8642"}],"wp:term":[{"taxonomy":"product_brand","embeddable":true,"href":"https:\/\/magazzinimanzanesi.it\/de\/wp-json\/wp\/v2\/product_brand?post=8642"},{"taxonomy":"product_cat","embeddable":true,"href":"https:\/\/magazzinimanzanesi.it\/de\/wp-json\/wp\/v2\/product_cat?post=8642"},{"taxonomy":"product_tag","embeddable":true,"href":"https:\/\/magazzinimanzanesi.it\/de\/wp-json\/wp\/v2\/product_tag?post=8642"}],"curies":[{"name":"wp","href":"https:\/\/api.w.org\/{rel}","templated":true}]}}