{"id":8645,"date":"2025-01-28T11:12:20","date_gmt":"2025-01-28T11:12:20","guid":{"rendered":"https:\/\/magazzinimanzanesi.it\/catalogo\/uncategorized\/zylindrischer-steckverbinder-mit-o-ring\/"},"modified":"2025-01-28T11:12:20","modified_gmt":"2025-01-28T11:12:20","slug":"zylindrischer-steckverbinder-mit-o-ring","status":"publish","type":"product","link":"https:\/\/magazzinimanzanesi.it\/de\/katalog\/pneumatik\/zylindrischer-steckverbinder-mit-o-ring\/","title":{"rendered":"Zylindrischer Steckverbinder mit O-Ring"},"content":{"rendered":"<h1><strong>Schnellsteckverbinder f\u00fcr Kunststoffschlauch<\/strong><\/h1>\n<p>&nbsp;<\/p>\n<h2><strong>Zylindrischer Steckverbinder mit O-Ring: F\u00fcr Kunststoffschl\u00e4uche<\/strong><\/h2>\n<p>Zylindrischer Schnellsteckverbinder mit O-Ring f\u00fcr Anwendungen in oleodynamischen, hydraulischen und pneumatischen Kreisl\u00e4ufen.<\/p>\n<p>&nbsp;<\/p>\n<h3><strong>Zylindrischer Steckverbinder mit O-Ring \u2013 Ma\u00dfe:<\/strong><\/h3>\n<ul>\n<li>\u00d8 M5 4X6 mm<\/li>\n<li>\u00d8 M6 2X4 mm<\/li>\n<\/ul>\n","protected":false},"excerpt":{"rendered":"<p>Schnellsteckverbinder f\u00fcr Kunststoffschlauch &nbsp; Zylindrischer Steckverbinder mit O-Ring: F\u00fcr Kunststoffschl\u00e4uche Zylindrischer Schnellsteckverbinder mit O-Ring f\u00fcr Anwendungen in oleodynamischen, hydraulischen und pneumatischen Kreisl\u00e4ufen. &nbsp; Zylindrischer Steckverbinder mit O-Ring \u2013 Ma\u00dfe: \u00d8 M5 4X6 mm \u00d8 M6 2X4 mm<\/p>\n","protected":false},"featured_media":7289,"comment_status":"closed","ping_status":"closed","template":"","meta":{"_acf_changed":false},"product_brand":[],"product_cat":[872],"product_tag":[],"class_list":{"0":"post-8645","1":"product","2":"type-product","3":"status-publish","4":"has-post-thumbnail","6":"product_cat-pneumatik","8":"first","9":"instock","10":"shipping-taxable","11":"product-type-simple"},"acf":[],"_links":{"self":[{"href":"https:\/\/magazzinimanzanesi.it\/de\/wp-json\/wp\/v2\/product\/8645","targetHints":{"allow":["GET"]}}],"collection":[{"href":"https:\/\/magazzinimanzanesi.it\/de\/wp-json\/wp\/v2\/product"}],"about":[{"href":"https:\/\/magazzinimanzanesi.it\/de\/wp-json\/wp\/v2\/types\/product"}],"replies":[{"embeddable":true,"href":"https:\/\/magazzinimanzanesi.it\/de\/wp-json\/wp\/v2\/comments?post=8645"}],"wp:featuredmedia":[{"embeddable":true,"href":"https:\/\/magazzinimanzanesi.it\/de\/wp-json\/wp\/v2\/media\/7289"}],"wp:attachment":[{"href":"https:\/\/magazzinimanzanesi.it\/de\/wp-json\/wp\/v2\/media?parent=8645"}],"wp:term":[{"taxonomy":"product_brand","embeddable":true,"href":"https:\/\/magazzinimanzanesi.it\/de\/wp-json\/wp\/v2\/product_brand?post=8645"},{"taxonomy":"product_cat","embeddable":true,"href":"https:\/\/magazzinimanzanesi.it\/de\/wp-json\/wp\/v2\/product_cat?post=8645"},{"taxonomy":"product_tag","embeddable":true,"href":"https:\/\/magazzinimanzanesi.it\/de\/wp-json\/wp\/v2\/product_tag?post=8645"}],"curies":[{"name":"wp","href":"https:\/\/api.w.org\/{rel}","templated":true}]}}