{"id":8646,"date":"2025-01-28T11:12:37","date_gmt":"2025-01-28T11:12:37","guid":{"rendered":"https:\/\/magazzinimanzanesi.it\/catalogo\/uncategorized\/konischer-schnellsteckverbinder-mit-teflon\/"},"modified":"2025-01-28T11:12:37","modified_gmt":"2025-01-28T11:12:37","slug":"konischer-schnellsteckverbinder-mit-teflon","status":"publish","type":"product","link":"https:\/\/magazzinimanzanesi.it\/de\/katalog\/pneumatik\/konischer-schnellsteckverbinder-mit-teflon\/","title":{"rendered":"Konischer Schnellsteckverbinder mit Teflon"},"content":{"rendered":"<h1><strong>Schnellsteckverbinder f\u00fcr Kunststoffschlauch mit Kegelgewinde<\/strong><\/h1>\n<p>&nbsp;<\/p>\n<h2><strong>Konischer Schnellsteckverbinder mit Teflon: F\u00fcr Kunststoffschl\u00e4uche<\/strong><\/h2>\n<p>Konischer Schnellsteckverbinder mit Teflon f\u00fcr Anwendungen in oleodynamischen, hydraulischen und pneumatischen Kreisl\u00e4ufen.<\/p>\n<p>&nbsp;<\/p>\n<h3><strong>Konischer Schnellsteckverbinder mit Teflon \u2013 Ma\u00dfe:<\/strong><\/h3>\n<ul>\n<li>\u00d8 1\/8\u201d Au\u00dfengewinde 4X6 mm<\/li>\n<li>\u00d8 1\/4\u201d Au\u00dfengewinde 6X8 mm<\/li>\n<li>\u00d8 1\/8\u201d Au\u00dfengewinde 6X8 mm<\/li>\n<li>\u00d8 1\/4\u201d Au\u00dfengewinde 8X10 mm<\/li>\n<li>\u00d8 1\/4\u201d Au\u00dfengewinde 6X8 mm<\/li>\n<li>\u00d8 3\/8\u201d Au\u00dfengewinde 10X12 mm<\/li>\n<\/ul>\n","protected":false},"excerpt":{"rendered":"<p>Schnellsteckverbinder f\u00fcr Kunststoffschlauch mit Kegelgewinde &nbsp; Konischer Schnellsteckverbinder mit Teflon: F\u00fcr Kunststoffschl\u00e4uche Konischer Schnellsteckverbinder mit Teflon f\u00fcr Anwendungen in oleodynamischen, hydraulischen und pneumatischen Kreisl\u00e4ufen. &nbsp; Konischer Schnellsteckverbinder mit Teflon \u2013 Ma\u00dfe: \u00d8 1\/8\u201d Au\u00dfengewinde 4X6 mm \u00d8 1\/4\u201d Au\u00dfengewinde 6X8 mm \u00d8 1\/8\u201d Au\u00dfengewinde 6X8 mm \u00d8 1\/4\u201d Au\u00dfengewinde 8X10 mm \u00d8 1\/4\u201d Au\u00dfengewinde 6X8 [&hellip;]<\/p>\n","protected":false},"featured_media":6786,"comment_status":"closed","ping_status":"closed","template":"","meta":{"_acf_changed":false},"product_brand":[],"product_cat":[872],"product_tag":[],"class_list":{"0":"post-8646","1":"product","2":"type-product","3":"status-publish","4":"has-post-thumbnail","6":"product_cat-pneumatik","8":"first","9":"instock","10":"shipping-taxable","11":"product-type-simple"},"acf":[],"_links":{"self":[{"href":"https:\/\/magazzinimanzanesi.it\/de\/wp-json\/wp\/v2\/product\/8646","targetHints":{"allow":["GET"]}}],"collection":[{"href":"https:\/\/magazzinimanzanesi.it\/de\/wp-json\/wp\/v2\/product"}],"about":[{"href":"https:\/\/magazzinimanzanesi.it\/de\/wp-json\/wp\/v2\/types\/product"}],"replies":[{"embeddable":true,"href":"https:\/\/magazzinimanzanesi.it\/de\/wp-json\/wp\/v2\/comments?post=8646"}],"wp:featuredmedia":[{"embeddable":true,"href":"https:\/\/magazzinimanzanesi.it\/de\/wp-json\/wp\/v2\/media\/6786"}],"wp:attachment":[{"href":"https:\/\/magazzinimanzanesi.it\/de\/wp-json\/wp\/v2\/media?parent=8646"}],"wp:term":[{"taxonomy":"product_brand","embeddable":true,"href":"https:\/\/magazzinimanzanesi.it\/de\/wp-json\/wp\/v2\/product_brand?post=8646"},{"taxonomy":"product_cat","embeddable":true,"href":"https:\/\/magazzinimanzanesi.it\/de\/wp-json\/wp\/v2\/product_cat?post=8646"},{"taxonomy":"product_tag","embeddable":true,"href":"https:\/\/magazzinimanzanesi.it\/de\/wp-json\/wp\/v2\/product_tag?post=8646"}],"curies":[{"name":"wp","href":"https:\/\/api.w.org\/{rel}","templated":true}]}}