{"id":8647,"date":"2025-01-28T11:13:18","date_gmt":"2025-01-28T11:13:18","guid":{"rendered":"https:\/\/magazzinimanzanesi.it\/catalogo\/uncategorized\/konische-l-foermige-schnellkupplung-mit-teflon\/"},"modified":"2025-01-28T11:13:18","modified_gmt":"2025-01-28T11:13:18","slug":"konische-l-foermige-schnellkupplung-mit-teflon","status":"publish","type":"product","link":"https:\/\/magazzinimanzanesi.it\/de\/katalog\/pneumatik\/konische-l-foermige-schnellkupplung-mit-teflon\/","title":{"rendered":"Konische L-f\u00f6rmige Schnellkupplung mit Teflon"},"content":{"rendered":"<h1><strong>Konische L-f\u00f6rmige Schnellkupplung f\u00fcr Kunststoffschl\u00e4uche mit Teflon<\/strong><\/h1>\n<p>&nbsp;<\/p>\n<h2><strong>Konische L-f\u00f6rmige Schnellkupplung mit Teflon \u2013 Beschreibung:<\/strong><\/h2>\n<p>Konische L-f\u00f6rmige Schnellkupplung mit Teflon f\u00fcr den Einsatz in hydraulischen, pneumatischen und \u00f6lhydraulischen Kreisl\u00e4ufen.<\/p>\n<p>&nbsp;<\/p>\n<h3><strong>Konische, drehbare L-Schnellkupplung mit Teflon \u2013 Ma\u00dfe:<\/strong><\/h3>\n<ul>\n<li>\u00d8 1\/8\u201d Au\u00dfengewinde 4X6 mm<\/li>\n<li>\u00d8 1\/4\u201d Au\u00dfengewinde 6X8 mm<\/li>\n<li>\u00d8 1\/8\u201d Au\u00dfengewinde 6X8 mm<\/li>\n<li>\u00d8 1\/4\u201d Au\u00dfengewinde 8X10 mm<\/li>\n<li>\u00d8 3\/8\u201d Au\u00dfengewinde 10X12 mm<\/li>\n<\/ul>\n","protected":false},"excerpt":{"rendered":"<p>Konische L-f\u00f6rmige Schnellkupplung f\u00fcr Kunststoffschl\u00e4uche mit Teflon &nbsp; Konische L-f\u00f6rmige Schnellkupplung mit Teflon \u2013 Beschreibung: Konische L-f\u00f6rmige Schnellkupplung mit Teflon f\u00fcr den Einsatz in hydraulischen, pneumatischen und \u00f6lhydraulischen Kreisl\u00e4ufen. &nbsp; Konische, drehbare L-Schnellkupplung mit Teflon \u2013 Ma\u00dfe: \u00d8 1\/8\u201d Au\u00dfengewinde 4X6 mm \u00d8 1\/4\u201d Au\u00dfengewinde 6X8 mm \u00d8 1\/8\u201d Au\u00dfengewinde 6X8 mm \u00d8 1\/4\u201d Au\u00dfengewinde [&hellip;]<\/p>\n","protected":false},"featured_media":6791,"comment_status":"closed","ping_status":"closed","template":"","meta":{"_acf_changed":false},"product_brand":[],"product_cat":[872],"product_tag":[],"class_list":{"0":"post-8647","1":"product","2":"type-product","3":"status-publish","4":"has-post-thumbnail","6":"product_cat-pneumatik","8":"first","9":"instock","10":"shipping-taxable","11":"product-type-simple"},"acf":[],"_links":{"self":[{"href":"https:\/\/magazzinimanzanesi.it\/de\/wp-json\/wp\/v2\/product\/8647","targetHints":{"allow":["GET"]}}],"collection":[{"href":"https:\/\/magazzinimanzanesi.it\/de\/wp-json\/wp\/v2\/product"}],"about":[{"href":"https:\/\/magazzinimanzanesi.it\/de\/wp-json\/wp\/v2\/types\/product"}],"replies":[{"embeddable":true,"href":"https:\/\/magazzinimanzanesi.it\/de\/wp-json\/wp\/v2\/comments?post=8647"}],"wp:featuredmedia":[{"embeddable":true,"href":"https:\/\/magazzinimanzanesi.it\/de\/wp-json\/wp\/v2\/media\/6791"}],"wp:attachment":[{"href":"https:\/\/magazzinimanzanesi.it\/de\/wp-json\/wp\/v2\/media?parent=8647"}],"wp:term":[{"taxonomy":"product_brand","embeddable":true,"href":"https:\/\/magazzinimanzanesi.it\/de\/wp-json\/wp\/v2\/product_brand?post=8647"},{"taxonomy":"product_cat","embeddable":true,"href":"https:\/\/magazzinimanzanesi.it\/de\/wp-json\/wp\/v2\/product_cat?post=8647"},{"taxonomy":"product_tag","embeddable":true,"href":"https:\/\/magazzinimanzanesi.it\/de\/wp-json\/wp\/v2\/product_tag?post=8647"}],"curies":[{"name":"wp","href":"https:\/\/api.w.org\/{rel}","templated":true}]}}