{"id":8648,"date":"2025-01-28T11:13:04","date_gmt":"2025-01-28T11:13:04","guid":{"rendered":"https:\/\/magazzinimanzanesi.it\/catalogo\/uncategorized\/zylindrischer-drehbarer-l-schnellkupplungsanschluss-mit-o-ring\/"},"modified":"2025-01-28T11:13:04","modified_gmt":"2025-01-28T11:13:04","slug":"zylindrischer-drehbarer-l-schnellkupplungsanschluss-mit-o-ring","status":"publish","type":"product","link":"https:\/\/magazzinimanzanesi.it\/de\/katalog\/pneumatik\/zylindrischer-drehbarer-l-schnellkupplungsanschluss-mit-o-ring\/","title":{"rendered":"Zylindrischer, drehbarer L-Schnellkupplungsanschluss mit O-Ring"},"content":{"rendered":"<h1><strong>Drehbare L-Schnellkupplung f\u00fcr Kunststoffrohre mit O-Ring<\/strong><\/h1>\n<p>&nbsp;<\/p>\n<h2><strong>Zylindrischer, drehbarer L-Schnellkupplungsanschluss mit O-Ring \u2013 Beschreibung:<\/strong><\/h2>\n<p>Zylindrischer, drehbarer L-Schnellkupplungsanschluss mit O-Ring f\u00fcr Anwendungen in hydraulischen, pneumatischen und \u00f6lhydraulischen Kreisl\u00e4ufen.<\/p>\n<p>&nbsp;<\/p>\n<h3><strong>Zylindrische L-f\u00f6rmige drehbare Schnellkupplung mit O-Ring \u2013 Ma\u00dfe:<\/strong><\/h3>\n<ul>\n<li>\u00d8 1\/8\u201d Au\u00dfengewinde 2X4 mm<\/li>\n<li>M5 Au\u00dfengewinde 2X4 mm<\/li>\n<\/ul>\n","protected":false},"excerpt":{"rendered":"<p>Drehbare L-Schnellkupplung f\u00fcr Kunststoffrohre mit O-Ring &nbsp; Zylindrischer, drehbarer L-Schnellkupplungsanschluss mit O-Ring \u2013 Beschreibung: Zylindrischer, drehbarer L-Schnellkupplungsanschluss mit O-Ring f\u00fcr Anwendungen in hydraulischen, pneumatischen und \u00f6lhydraulischen Kreisl\u00e4ufen. &nbsp; Zylindrische L-f\u00f6rmige drehbare Schnellkupplung mit O-Ring \u2013 Ma\u00dfe: \u00d8 1\/8\u201d Au\u00dfengewinde 2X4 mm M5 Au\u00dfengewinde 2X4 mm<\/p>\n","protected":false},"featured_media":7303,"comment_status":"closed","ping_status":"closed","template":"","meta":{"_acf_changed":false},"product_brand":[],"product_cat":[872],"product_tag":[],"class_list":{"0":"post-8648","1":"product","2":"type-product","3":"status-publish","4":"has-post-thumbnail","6":"product_cat-pneumatik","8":"first","9":"instock","10":"shipping-taxable","11":"product-type-simple"},"acf":[],"_links":{"self":[{"href":"https:\/\/magazzinimanzanesi.it\/de\/wp-json\/wp\/v2\/product\/8648","targetHints":{"allow":["GET"]}}],"collection":[{"href":"https:\/\/magazzinimanzanesi.it\/de\/wp-json\/wp\/v2\/product"}],"about":[{"href":"https:\/\/magazzinimanzanesi.it\/de\/wp-json\/wp\/v2\/types\/product"}],"replies":[{"embeddable":true,"href":"https:\/\/magazzinimanzanesi.it\/de\/wp-json\/wp\/v2\/comments?post=8648"}],"wp:featuredmedia":[{"embeddable":true,"href":"https:\/\/magazzinimanzanesi.it\/de\/wp-json\/wp\/v2\/media\/7303"}],"wp:attachment":[{"href":"https:\/\/magazzinimanzanesi.it\/de\/wp-json\/wp\/v2\/media?parent=8648"}],"wp:term":[{"taxonomy":"product_brand","embeddable":true,"href":"https:\/\/magazzinimanzanesi.it\/de\/wp-json\/wp\/v2\/product_brand?post=8648"},{"taxonomy":"product_cat","embeddable":true,"href":"https:\/\/magazzinimanzanesi.it\/de\/wp-json\/wp\/v2\/product_cat?post=8648"},{"taxonomy":"product_tag","embeddable":true,"href":"https:\/\/magazzinimanzanesi.it\/de\/wp-json\/wp\/v2\/product_tag?post=8648"}],"curies":[{"name":"wp","href":"https:\/\/api.w.org\/{rel}","templated":true}]}}