{"id":8650,"date":"2025-01-30T09:45:48","date_gmt":"2025-01-30T09:45:48","guid":{"rendered":"https:\/\/magazzinimanzanesi.it\/catalogo\/uncategorized\/gerade-doppelschlauch-schnellkupplung\/"},"modified":"2026-04-09T13:19:29","modified_gmt":"2026-04-09T13:19:29","slug":"gerade-doppelschlauch-schnellkupplung","status":"publish","type":"product","link":"https:\/\/magazzinimanzanesi.it\/de\/katalog\/pneumatik\/gerade-doppelschlauch-schnellkupplung\/","title":{"rendered":"L-f\u00f6rmige Doppelschlauch-Schnellkupplung"},"content":{"rendered":"<h1><strong>Winkel-Schnellverbinder f\u00fcr zwei Kunststoffschl\u00e4uche<\/strong><\/h1>\n<p>&nbsp;<\/p>\n<h2><strong>L-f\u00f6rmige Doppelschlauch-Schnellkupplung: 90\u00b0-Verbindung<\/strong><\/h2>\n<p>L-f\u00f6rmige Doppelschlauch-Schnellkupplung f\u00fcr Anwendungen in hydraulischen, pneumatischen und \u00f6lhydraulischen Kreisl\u00e4ufen.<\/p>\n<p>&nbsp;<\/p>\n<h3><strong>L-f\u00f6rmige Doppelschlauch-Schnellkupplung \u2013 Ma\u00dfe:<\/strong><\/h3>\n<ul>\n<li>2&#215;4 mm<\/li>\n<li>4&#215;6 mm<\/li>\n<li>6&#215;8 mm<\/li>\n<li>8&#215;10 mm<\/li>\n<\/ul>\n<p>&nbsp;<\/p>\n","protected":false},"excerpt":{"rendered":"<p>Winkel-Schnellverbinder f\u00fcr zwei Kunststoffschl\u00e4uche &nbsp; L-f\u00f6rmige Doppelschlauch-Schnellkupplung: 90\u00b0-Verbindung L-f\u00f6rmige Doppelschlauch-Schnellkupplung f\u00fcr Anwendungen in hydraulischen, pneumatischen und \u00f6lhydraulischen Kreisl\u00e4ufen. &nbsp; L-f\u00f6rmige Doppelschlauch-Schnellkupplung \u2013 Ma\u00dfe: 2&#215;4 mm 4&#215;6 mm 6&#215;8 mm 8&#215;10 mm &nbsp;<\/p>\n","protected":false},"featured_media":7861,"comment_status":"closed","ping_status":"closed","template":"","meta":{"_acf_changed":false},"product_brand":[],"product_cat":[872],"product_tag":[],"class_list":{"0":"post-8650","1":"product","2":"type-product","3":"status-publish","4":"has-post-thumbnail","6":"product_cat-pneumatik","8":"first","9":"instock","10":"shipping-taxable","11":"product-type-simple"},"acf":[],"_links":{"self":[{"href":"https:\/\/magazzinimanzanesi.it\/de\/wp-json\/wp\/v2\/product\/8650","targetHints":{"allow":["GET"]}}],"collection":[{"href":"https:\/\/magazzinimanzanesi.it\/de\/wp-json\/wp\/v2\/product"}],"about":[{"href":"https:\/\/magazzinimanzanesi.it\/de\/wp-json\/wp\/v2\/types\/product"}],"replies":[{"embeddable":true,"href":"https:\/\/magazzinimanzanesi.it\/de\/wp-json\/wp\/v2\/comments?post=8650"}],"wp:featuredmedia":[{"embeddable":true,"href":"https:\/\/magazzinimanzanesi.it\/de\/wp-json\/wp\/v2\/media\/7861"}],"wp:attachment":[{"href":"https:\/\/magazzinimanzanesi.it\/de\/wp-json\/wp\/v2\/media?parent=8650"}],"wp:term":[{"taxonomy":"product_brand","embeddable":true,"href":"https:\/\/magazzinimanzanesi.it\/de\/wp-json\/wp\/v2\/product_brand?post=8650"},{"taxonomy":"product_cat","embeddable":true,"href":"https:\/\/magazzinimanzanesi.it\/de\/wp-json\/wp\/v2\/product_cat?post=8650"},{"taxonomy":"product_tag","embeddable":true,"href":"https:\/\/magazzinimanzanesi.it\/de\/wp-json\/wp\/v2\/product_tag?post=8650"}],"curies":[{"name":"wp","href":"https:\/\/api.w.org\/{rel}","templated":true}]}}