{"id":8651,"date":"2025-01-28T11:17:24","date_gmt":"2025-01-28T11:17:24","guid":{"rendered":"https:\/\/magazzinimanzanesi.it\/catalogo\/uncategorized\/l-foermige-doppelschlauch-schnellkupplung\/"},"modified":"2026-04-09T13:16:33","modified_gmt":"2026-04-09T13:16:33","slug":"l-foermige-doppelschlauch-schnellkupplung","status":"publish","type":"product","link":"https:\/\/magazzinimanzanesi.it\/de\/katalog\/pneumatik\/l-foermige-doppelschlauch-schnellkupplung\/","title":{"rendered":"T-f\u00f6rmige Dreifach-Schnellkupplung"},"content":{"rendered":"<h1><strong>Schnellkupplung f\u00fcr drei Kunststoffschl\u00e4uche<\/strong><\/h1>\n<p>&nbsp;<\/p>\n<h2><strong>T-f\u00f6rmige Dreifach-Schnellkupplung: F\u00fcr Kunststoffschl\u00e4uche<\/strong><\/h2>\n<p>T-f\u00f6rmige Dreifach-Schnellkupplung f\u00fcr Anwendungen in hydraulischen, pneumatischen und \u00f6lhydraulischen Kreisl\u00e4ufen.<\/p>\n<p>&nbsp;<\/p>\n<h3><strong>T-f\u00f6rmige Dreifach-Schnellkupplung \u2013 Ma\u00dfe:<\/strong><\/h3>\n<ul>\n<li>\u00d8 4&#215;6 mm<\/li>\n<li>\u00d8 6&#215;8 mm<\/li>\n<li>\u00d8 8&#215;10 mm<\/li>\n<li>\u00d8 10&#215;12 mm<\/li>\n<\/ul>\n","protected":false},"excerpt":{"rendered":"<p>Schnellkupplung f\u00fcr drei Kunststoffschl\u00e4uche &nbsp; T-f\u00f6rmige Dreifach-Schnellkupplung: F\u00fcr Kunststoffschl\u00e4uche T-f\u00f6rmige Dreifach-Schnellkupplung f\u00fcr Anwendungen in hydraulischen, pneumatischen und \u00f6lhydraulischen Kreisl\u00e4ufen. &nbsp; T-f\u00f6rmige Dreifach-Schnellkupplung \u2013 Ma\u00dfe: \u00d8 4&#215;6 mm \u00d8 6&#215;8 mm \u00d8 8&#215;10 mm \u00d8 10&#215;12 mm<\/p>\n","protected":false},"featured_media":6796,"comment_status":"closed","ping_status":"closed","template":"","meta":{"_acf_changed":false},"product_brand":[],"product_cat":[872],"product_tag":[],"class_list":{"0":"post-8651","1":"product","2":"type-product","3":"status-publish","4":"has-post-thumbnail","6":"product_cat-pneumatik","8":"first","9":"instock","10":"shipping-taxable","11":"product-type-simple"},"acf":[],"_links":{"self":[{"href":"https:\/\/magazzinimanzanesi.it\/de\/wp-json\/wp\/v2\/product\/8651","targetHints":{"allow":["GET"]}}],"collection":[{"href":"https:\/\/magazzinimanzanesi.it\/de\/wp-json\/wp\/v2\/product"}],"about":[{"href":"https:\/\/magazzinimanzanesi.it\/de\/wp-json\/wp\/v2\/types\/product"}],"replies":[{"embeddable":true,"href":"https:\/\/magazzinimanzanesi.it\/de\/wp-json\/wp\/v2\/comments?post=8651"}],"wp:featuredmedia":[{"embeddable":true,"href":"https:\/\/magazzinimanzanesi.it\/de\/wp-json\/wp\/v2\/media\/6796"}],"wp:attachment":[{"href":"https:\/\/magazzinimanzanesi.it\/de\/wp-json\/wp\/v2\/media?parent=8651"}],"wp:term":[{"taxonomy":"product_brand","embeddable":true,"href":"https:\/\/magazzinimanzanesi.it\/de\/wp-json\/wp\/v2\/product_brand?post=8651"},{"taxonomy":"product_cat","embeddable":true,"href":"https:\/\/magazzinimanzanesi.it\/de\/wp-json\/wp\/v2\/product_cat?post=8651"},{"taxonomy":"product_tag","embeddable":true,"href":"https:\/\/magazzinimanzanesi.it\/de\/wp-json\/wp\/v2\/product_tag?post=8651"}],"curies":[{"name":"wp","href":"https:\/\/api.w.org\/{rel}","templated":true}]}}