{"id":8652,"date":"2025-01-28T11:21:09","date_gmt":"2025-01-28T11:21:09","guid":{"rendered":"https:\/\/magazzinimanzanesi.it\/catalogo\/uncategorized\/raendelmutterhahn\/"},"modified":"2025-01-28T11:21:09","modified_gmt":"2025-01-28T11:21:09","slug":"raendelmutterhahn","status":"publish","type":"product","link":"https:\/\/magazzinimanzanesi.it\/de\/katalog\/pneumatik\/raendelmutterhahn\/","title":{"rendered":"R\u00e4ndelmutterhahn"},"content":{"rendered":"<h1><strong>Absperrhahn mit R\u00e4ndelmutter<\/strong><\/h1>\n<p>&nbsp;<\/p>\n<h2><strong>R\u00e4ndelmutterhahn: F\u00fcr technische Kreise<\/strong><\/h2>\n<p>R\u00e4ndelmutterhahn f\u00fcr Anwendungen in hydraulischen, pneumatischen und \u00f6lhydraulischen Kreisl\u00e4ufen.<\/p>\n<p>&nbsp;<\/p>\n<h3><strong>R\u00e4ndelmutterhahn \u2013 Ma\u00dfe:<\/strong><\/h3>\n<ul>\n<li>1\/4&#8243; Innengewinde<\/li>\n<li>3\/8\u201d Innengewinde<\/li>\n<\/ul>\n","protected":false},"excerpt":{"rendered":"<p>Absperrhahn mit R\u00e4ndelmutter &nbsp; R\u00e4ndelmutterhahn: F\u00fcr technische Kreise R\u00e4ndelmutterhahn f\u00fcr Anwendungen in hydraulischen, pneumatischen und \u00f6lhydraulischen Kreisl\u00e4ufen. &nbsp; R\u00e4ndelmutterhahn \u2013 Ma\u00dfe: 1\/4&#8243; Innengewinde 3\/8\u201d Innengewinde<\/p>\n","protected":false},"featured_media":7351,"comment_status":"closed","ping_status":"closed","template":"","meta":{"_acf_changed":false},"product_brand":[],"product_cat":[872],"product_tag":[],"class_list":{"0":"post-8652","1":"product","2":"type-product","3":"status-publish","4":"has-post-thumbnail","6":"product_cat-pneumatik","8":"first","9":"instock","10":"shipping-taxable","11":"product-type-simple"},"acf":[],"_links":{"self":[{"href":"https:\/\/magazzinimanzanesi.it\/de\/wp-json\/wp\/v2\/product\/8652","targetHints":{"allow":["GET"]}}],"collection":[{"href":"https:\/\/magazzinimanzanesi.it\/de\/wp-json\/wp\/v2\/product"}],"about":[{"href":"https:\/\/magazzinimanzanesi.it\/de\/wp-json\/wp\/v2\/types\/product"}],"replies":[{"embeddable":true,"href":"https:\/\/magazzinimanzanesi.it\/de\/wp-json\/wp\/v2\/comments?post=8652"}],"wp:featuredmedia":[{"embeddable":true,"href":"https:\/\/magazzinimanzanesi.it\/de\/wp-json\/wp\/v2\/media\/7351"}],"wp:attachment":[{"href":"https:\/\/magazzinimanzanesi.it\/de\/wp-json\/wp\/v2\/media?parent=8652"}],"wp:term":[{"taxonomy":"product_brand","embeddable":true,"href":"https:\/\/magazzinimanzanesi.it\/de\/wp-json\/wp\/v2\/product_brand?post=8652"},{"taxonomy":"product_cat","embeddable":true,"href":"https:\/\/magazzinimanzanesi.it\/de\/wp-json\/wp\/v2\/product_cat?post=8652"},{"taxonomy":"product_tag","embeddable":true,"href":"https:\/\/magazzinimanzanesi.it\/de\/wp-json\/wp\/v2\/product_tag?post=8652"}],"curies":[{"name":"wp","href":"https:\/\/api.w.org\/{rel}","templated":true}]}}