{"id":8655,"date":"2025-01-28T11:17:54","date_gmt":"2025-01-28T11:17:54","guid":{"rendered":"https:\/\/magazzinimanzanesi.it\/catalogo\/uncategorized\/geschwindigkeitsregler-mit-schnellsteckanschluss-und-zylindergewinde\/"},"modified":"2025-01-28T11:17:54","modified_gmt":"2025-01-28T11:17:54","slug":"geschwindigkeitsregler-mit-schnellsteckanschluss-und-zylindergewinde","status":"publish","type":"product","link":"https:\/\/magazzinimanzanesi.it\/de\/katalog\/pneumatik\/geschwindigkeitsregler-mit-schnellsteckanschluss-und-zylindergewinde\/","title":{"rendered":"Geschwindigkeitsregler mit Schnellsteckanschluss und Zylindergewinde"},"content":{"rendered":"<h1><strong>Durchflussregler f\u00fcr Kunststoffschlauch<\/strong><\/h1>\n<p>&nbsp;<\/p>\n<h2><strong>Geschwindigkeitsregler mit Schnellsteckanschluss und Zylindergewinde: F\u00fcr die Regulierung des Luftstroms<\/strong><\/h2>\n<p>Geschwindigkeitsregler mit Schnellsteckanschluss und Zylindergewinde f\u00fcr Anwendungen in hydraulischen, pneumatischen und \u00f6lhydraulischen Kreisl\u00e4ufen.<\/p>\n<p>&nbsp;<\/p>\n<h3><strong>Geschwindigkeitsregler mit Schnellsteckanschluss und Zylindergewinde \u2013 Ma\u00dfe:<\/strong><\/h3>\n<ul>\n<li>\u00d8 M5 4\u00d76 mm<\/li>\n<li>\u00d8 M6 4\u00d76 mm<\/li>\n<\/ul>\n","protected":false},"excerpt":{"rendered":"<p>Durchflussregler f\u00fcr Kunststoffschlauch &nbsp; Geschwindigkeitsregler mit Schnellsteckanschluss und Zylindergewinde: F\u00fcr die Regulierung des Luftstroms Geschwindigkeitsregler mit Schnellsteckanschluss und Zylindergewinde f\u00fcr Anwendungen in hydraulischen, pneumatischen und \u00f6lhydraulischen Kreisl\u00e4ufen. &nbsp; Geschwindigkeitsregler mit Schnellsteckanschluss und Zylindergewinde \u2013 Ma\u00dfe: \u00d8 M5 4\u00d76 mm \u00d8 M6 4\u00d76 mm<\/p>\n","protected":false},"featured_media":6801,"comment_status":"closed","ping_status":"closed","template":"","meta":{"_acf_changed":false},"product_brand":[],"product_cat":[872],"product_tag":[],"class_list":{"0":"post-8655","1":"product","2":"type-product","3":"status-publish","4":"has-post-thumbnail","6":"product_cat-pneumatik","8":"first","9":"instock","10":"shipping-taxable","11":"product-type-simple"},"acf":[],"_links":{"self":[{"href":"https:\/\/magazzinimanzanesi.it\/de\/wp-json\/wp\/v2\/product\/8655","targetHints":{"allow":["GET"]}}],"collection":[{"href":"https:\/\/magazzinimanzanesi.it\/de\/wp-json\/wp\/v2\/product"}],"about":[{"href":"https:\/\/magazzinimanzanesi.it\/de\/wp-json\/wp\/v2\/types\/product"}],"replies":[{"embeddable":true,"href":"https:\/\/magazzinimanzanesi.it\/de\/wp-json\/wp\/v2\/comments?post=8655"}],"wp:featuredmedia":[{"embeddable":true,"href":"https:\/\/magazzinimanzanesi.it\/de\/wp-json\/wp\/v2\/media\/6801"}],"wp:attachment":[{"href":"https:\/\/magazzinimanzanesi.it\/de\/wp-json\/wp\/v2\/media?parent=8655"}],"wp:term":[{"taxonomy":"product_brand","embeddable":true,"href":"https:\/\/magazzinimanzanesi.it\/de\/wp-json\/wp\/v2\/product_brand?post=8655"},{"taxonomy":"product_cat","embeddable":true,"href":"https:\/\/magazzinimanzanesi.it\/de\/wp-json\/wp\/v2\/product_cat?post=8655"},{"taxonomy":"product_tag","embeddable":true,"href":"https:\/\/magazzinimanzanesi.it\/de\/wp-json\/wp\/v2\/product_tag?post=8655"}],"curies":[{"name":"wp","href":"https:\/\/api.w.org\/{rel}","templated":true}]}}