{"id":8656,"date":"2025-01-28T10:37:51","date_gmt":"2025-01-28T10:37:51","guid":{"rendered":"https:\/\/magazzinimanzanesi.it\/catalogo\/uncategorized\/raendelmutter\/"},"modified":"2025-01-28T10:37:51","modified_gmt":"2025-01-28T10:37:51","slug":"raendelmutter","status":"publish","type":"product","link":"https:\/\/magazzinimanzanesi.it\/de\/katalog\/pneumatik\/raendelmutter\/","title":{"rendered":"R\u00e4ndelmutter"},"content":{"rendered":"<h1><strong>Ger\u00e4ndelte Mutter<\/strong><\/h1>\n<h2><strong>R\u00e4ndelmutter: F\u00fcr technische Kreise<\/strong><\/h2>\n<p>R\u00e4ndelmutter f\u00fcr Anwendungen in hydraulischen, pneumatischen und \u00f6lhydraulischen Kreisl\u00e4ufen.<\/p>\n<p>&nbsp;<\/p>\n<h3><strong>R\u00e4ndelmutter \u2013 Ma\u00dfe:<\/strong><\/h3>\n<ul>\n<li>\u00d8 1\/4\u2033 Innengewinde<\/li>\n<li>\u00d8 3\/8\u2033 Innengewinde<\/li>\n<\/ul>\n<p>&nbsp;<\/p>\n","protected":false},"excerpt":{"rendered":"<p>Ger\u00e4ndelte Mutter R\u00e4ndelmutter: F\u00fcr technische Kreise R\u00e4ndelmutter f\u00fcr Anwendungen in hydraulischen, pneumatischen und \u00f6lhydraulischen Kreisl\u00e4ufen. &nbsp; R\u00e4ndelmutter \u2013 Ma\u00dfe: \u00d8 1\/4\u2033 Innengewinde \u00d8 3\/8\u2033 Innengewinde &nbsp;<\/p>\n","protected":false},"featured_media":6861,"comment_status":"closed","ping_status":"closed","template":"","meta":{"_acf_changed":false},"product_brand":[],"product_cat":[872],"product_tag":[],"class_list":{"0":"post-8656","1":"product","2":"type-product","3":"status-publish","4":"has-post-thumbnail","6":"product_cat-pneumatik","8":"first","9":"instock","10":"shipping-taxable","11":"product-type-simple"},"acf":[],"_links":{"self":[{"href":"https:\/\/magazzinimanzanesi.it\/de\/wp-json\/wp\/v2\/product\/8656","targetHints":{"allow":["GET"]}}],"collection":[{"href":"https:\/\/magazzinimanzanesi.it\/de\/wp-json\/wp\/v2\/product"}],"about":[{"href":"https:\/\/magazzinimanzanesi.it\/de\/wp-json\/wp\/v2\/types\/product"}],"replies":[{"embeddable":true,"href":"https:\/\/magazzinimanzanesi.it\/de\/wp-json\/wp\/v2\/comments?post=8656"}],"wp:featuredmedia":[{"embeddable":true,"href":"https:\/\/magazzinimanzanesi.it\/de\/wp-json\/wp\/v2\/media\/6861"}],"wp:attachment":[{"href":"https:\/\/magazzinimanzanesi.it\/de\/wp-json\/wp\/v2\/media?parent=8656"}],"wp:term":[{"taxonomy":"product_brand","embeddable":true,"href":"https:\/\/magazzinimanzanesi.it\/de\/wp-json\/wp\/v2\/product_brand?post=8656"},{"taxonomy":"product_cat","embeddable":true,"href":"https:\/\/magazzinimanzanesi.it\/de\/wp-json\/wp\/v2\/product_cat?post=8656"},{"taxonomy":"product_tag","embeddable":true,"href":"https:\/\/magazzinimanzanesi.it\/de\/wp-json\/wp\/v2\/product_tag?post=8656"}],"curies":[{"name":"wp","href":"https:\/\/api.w.org\/{rel}","templated":true}]}}