{"id":8657,"date":"2025-01-28T11:13:51","date_gmt":"2025-01-28T11:13:51","guid":{"rendered":"https:\/\/magazzinimanzanesi.it\/catalogo\/uncategorized\/raendelmutter-verbindungsstueck\/"},"modified":"2025-01-28T11:13:51","modified_gmt":"2025-01-28T11:13:51","slug":"raendelmutter-verbindungsstueck","status":"publish","type":"product","link":"https:\/\/magazzinimanzanesi.it\/de\/katalog\/pneumatik\/raendelmutter-verbindungsstueck\/","title":{"rendered":"R\u00e4ndelmutter-Verbindungsst\u00fcck"},"content":{"rendered":"<h1><strong>Verbindungsst\u00fcck mit R\u00e4ndelmutter<\/strong><\/h1>\n<h2><strong>R\u00e4ndelmutter-Verbindungsst\u00fcck: F\u00fcr technische Kreise<\/strong><\/h2>\n<p>R\u00e4ndelmutter-Verbindungsst\u00fcck f\u00fcr Anwendungen in hydraulischen, pneumatischen und \u00f6lhydraulischen Kreisl\u00e4ufen.<\/p>\n<p>&nbsp;<\/p>\n<h3><strong>R\u00e4ndelmutter-Verbindungsst\u00fcck \u2013 Ma\u00dfe:<\/strong><\/h3>\n<ul>\n<li>1\/4\u201d Innengewinde<\/li>\n<li>3\/8\u201d Innengewinde<\/li>\n<li>1\/4\u201d Au\u00dfengewinde<\/li>\n<li>3\/8\u201d Au\u00dfengewinde<\/li>\n<\/ul>\n","protected":false},"excerpt":{"rendered":"<p>Verbindungsst\u00fcck mit R\u00e4ndelmutter R\u00e4ndelmutter-Verbindungsst\u00fcck: F\u00fcr technische Kreise R\u00e4ndelmutter-Verbindungsst\u00fcck f\u00fcr Anwendungen in hydraulischen, pneumatischen und \u00f6lhydraulischen Kreisl\u00e4ufen. &nbsp; R\u00e4ndelmutter-Verbindungsst\u00fcck \u2013 Ma\u00dfe: 1\/4\u201d Innengewinde 3\/8\u201d Innengewinde 1\/4\u201d Au\u00dfengewinde 3\/8\u201d Au\u00dfengewinde<\/p>\n","protected":false},"featured_media":6746,"comment_status":"closed","ping_status":"closed","template":"","meta":{"_acf_changed":false},"product_brand":[],"product_cat":[872],"product_tag":[],"class_list":{"0":"post-8657","1":"product","2":"type-product","3":"status-publish","4":"has-post-thumbnail","6":"product_cat-pneumatik","8":"first","9":"instock","10":"shipping-taxable","11":"product-type-simple"},"acf":[],"_links":{"self":[{"href":"https:\/\/magazzinimanzanesi.it\/de\/wp-json\/wp\/v2\/product\/8657","targetHints":{"allow":["GET"]}}],"collection":[{"href":"https:\/\/magazzinimanzanesi.it\/de\/wp-json\/wp\/v2\/product"}],"about":[{"href":"https:\/\/magazzinimanzanesi.it\/de\/wp-json\/wp\/v2\/types\/product"}],"replies":[{"embeddable":true,"href":"https:\/\/magazzinimanzanesi.it\/de\/wp-json\/wp\/v2\/comments?post=8657"}],"wp:featuredmedia":[{"embeddable":true,"href":"https:\/\/magazzinimanzanesi.it\/de\/wp-json\/wp\/v2\/media\/6746"}],"wp:attachment":[{"href":"https:\/\/magazzinimanzanesi.it\/de\/wp-json\/wp\/v2\/media?parent=8657"}],"wp:term":[{"taxonomy":"product_brand","embeddable":true,"href":"https:\/\/magazzinimanzanesi.it\/de\/wp-json\/wp\/v2\/product_brand?post=8657"},{"taxonomy":"product_cat","embeddable":true,"href":"https:\/\/magazzinimanzanesi.it\/de\/wp-json\/wp\/v2\/product_cat?post=8657"},{"taxonomy":"product_tag","embeddable":true,"href":"https:\/\/magazzinimanzanesi.it\/de\/wp-json\/wp\/v2\/product_tag?post=8657"}],"curies":[{"name":"wp","href":"https:\/\/api.w.org\/{rel}","templated":true}]}}