{"id":8659,"date":"2025-01-28T11:17:38","date_gmt":"2025-01-28T11:17:38","guid":{"rendered":"https:\/\/magazzinimanzanesi.it\/catalogo\/uncategorized\/dreifaches-raendelmutter-verbindungsstueck\/"},"modified":"2025-01-28T11:17:38","modified_gmt":"2025-01-28T11:17:38","slug":"dreifaches-raendelmutter-verbindungsstueck","status":"publish","type":"product","link":"https:\/\/magazzinimanzanesi.it\/de\/katalog\/pneumatik\/dreifaches-raendelmutter-verbindungsstueck\/","title":{"rendered":"Dreifaches R\u00e4ndelmutter-Verbindungsst\u00fcck"},"content":{"rendered":"<h1><strong>Dreifaches Verbindungsst\u00fcck mit R\u00e4ndelmutter<\/strong><\/h1>\n<h2><strong>Dreifaches R\u00e4ndelmutter-Verbindungsst\u00fcck: F\u00fcr technische Kreise<\/strong><\/h2>\n<p>Dreifaches R\u00e4ndelmutter-Verbindungsst\u00fcck f\u00fcr Anwendungen in hydraulischen, pneumatischen und \u00f6lhydraulischen Kreisl\u00e4ufen.<\/p>\n<p>&nbsp;<\/p>\n<h3><strong>Dreifaches R\u00e4ndelmutter-Verbindungsst\u00fcck \u2013 Ma\u00dfe:<\/strong><\/h3>\n<ul>\n<li>\u00d8 1\/4\u201d<\/li>\n<\/ul>\n","protected":false},"excerpt":{"rendered":"<p>Dreifaches Verbindungsst\u00fcck mit R\u00e4ndelmutter Dreifaches R\u00e4ndelmutter-Verbindungsst\u00fcck: F\u00fcr technische Kreise Dreifaches R\u00e4ndelmutter-Verbindungsst\u00fcck f\u00fcr Anwendungen in hydraulischen, pneumatischen und \u00f6lhydraulischen Kreisl\u00e4ufen. &nbsp; Dreifaches R\u00e4ndelmutter-Verbindungsst\u00fcck \u2013 Ma\u00dfe: \u00d8 1\/4\u201d<\/p>\n","protected":false},"featured_media":7312,"comment_status":"closed","ping_status":"closed","template":"","meta":{"_acf_changed":false},"product_brand":[],"product_cat":[872],"product_tag":[],"class_list":{"0":"post-8659","1":"product","2":"type-product","3":"status-publish","4":"has-post-thumbnail","6":"product_cat-pneumatik","8":"first","9":"instock","10":"shipping-taxable","11":"product-type-simple"},"acf":[],"_links":{"self":[{"href":"https:\/\/magazzinimanzanesi.it\/de\/wp-json\/wp\/v2\/product\/8659","targetHints":{"allow":["GET"]}}],"collection":[{"href":"https:\/\/magazzinimanzanesi.it\/de\/wp-json\/wp\/v2\/product"}],"about":[{"href":"https:\/\/magazzinimanzanesi.it\/de\/wp-json\/wp\/v2\/types\/product"}],"replies":[{"embeddable":true,"href":"https:\/\/magazzinimanzanesi.it\/de\/wp-json\/wp\/v2\/comments?post=8659"}],"wp:featuredmedia":[{"embeddable":true,"href":"https:\/\/magazzinimanzanesi.it\/de\/wp-json\/wp\/v2\/media\/7312"}],"wp:attachment":[{"href":"https:\/\/magazzinimanzanesi.it\/de\/wp-json\/wp\/v2\/media?parent=8659"}],"wp:term":[{"taxonomy":"product_brand","embeddable":true,"href":"https:\/\/magazzinimanzanesi.it\/de\/wp-json\/wp\/v2\/product_brand?post=8659"},{"taxonomy":"product_cat","embeddable":true,"href":"https:\/\/magazzinimanzanesi.it\/de\/wp-json\/wp\/v2\/product_cat?post=8659"},{"taxonomy":"product_tag","embeddable":true,"href":"https:\/\/magazzinimanzanesi.it\/de\/wp-json\/wp\/v2\/product_tag?post=8659"}],"curies":[{"name":"wp","href":"https:\/\/api.w.org\/{rel}","templated":true}]}}