{"id":8660,"date":"2025-01-28T11:14:25","date_gmt":"2025-01-28T11:14:25","guid":{"rendered":"https:\/\/magazzinimanzanesi.it\/catalogo\/uncategorized\/gerader-doppelschlauchverbinder\/"},"modified":"2025-01-28T11:14:25","modified_gmt":"2025-01-28T11:14:25","slug":"gerader-doppelschlauchverbinder","status":"publish","type":"product","link":"https:\/\/magazzinimanzanesi.it\/de\/katalog\/pneumatik\/gerader-doppelschlauchverbinder\/","title":{"rendered":"Gerader Doppelschlauchverbinder"},"content":{"rendered":"<h1><strong>Gerader Verbinder f\u00fcr zwei Schl\u00e4uche<\/strong><\/h1>\n<p>&nbsp;<\/p>\n<h2><strong>Gerader Doppelschlauchverbinder: Gerade Verbindung<\/strong><\/h2>\n<p>Gerader Doppelschlauchverbinder f\u00fcr Anwendungen in hydraulischen, pneumatischen und \u00f6lhydraulischen Kreisl\u00e4ufen.<\/p>\n<p>&nbsp;<\/p>\n<h3><strong>Gerader Doppelschlauchverbinder \u2013 Ma\u00dfe:<\/strong><\/h3>\n<ul>\n<li>\u00d8 8X10 mm<\/li>\n<\/ul>\n<p>&nbsp;<\/p>\n","protected":false},"excerpt":{"rendered":"<p>Gerader Verbinder f\u00fcr zwei Schl\u00e4uche &nbsp; Gerader Doppelschlauchverbinder: Gerade Verbindung Gerader Doppelschlauchverbinder f\u00fcr Anwendungen in hydraulischen, pneumatischen und \u00f6lhydraulischen Kreisl\u00e4ufen. &nbsp; Gerader Doppelschlauchverbinder \u2013 Ma\u00dfe: \u00d8 8X10 mm &nbsp;<\/p>\n","protected":false},"featured_media":7319,"comment_status":"closed","ping_status":"closed","template":"","meta":{"_acf_changed":false},"product_brand":[],"product_cat":[872],"product_tag":[],"class_list":{"0":"post-8660","1":"product","2":"type-product","3":"status-publish","4":"has-post-thumbnail","6":"product_cat-pneumatik","8":"first","9":"instock","10":"shipping-taxable","11":"product-type-simple"},"acf":[],"_links":{"self":[{"href":"https:\/\/magazzinimanzanesi.it\/de\/wp-json\/wp\/v2\/product\/8660","targetHints":{"allow":["GET"]}}],"collection":[{"href":"https:\/\/magazzinimanzanesi.it\/de\/wp-json\/wp\/v2\/product"}],"about":[{"href":"https:\/\/magazzinimanzanesi.it\/de\/wp-json\/wp\/v2\/types\/product"}],"replies":[{"embeddable":true,"href":"https:\/\/magazzinimanzanesi.it\/de\/wp-json\/wp\/v2\/comments?post=8660"}],"wp:featuredmedia":[{"embeddable":true,"href":"https:\/\/magazzinimanzanesi.it\/de\/wp-json\/wp\/v2\/media\/7319"}],"wp:attachment":[{"href":"https:\/\/magazzinimanzanesi.it\/de\/wp-json\/wp\/v2\/media?parent=8660"}],"wp:term":[{"taxonomy":"product_brand","embeddable":true,"href":"https:\/\/magazzinimanzanesi.it\/de\/wp-json\/wp\/v2\/product_brand?post=8660"},{"taxonomy":"product_cat","embeddable":true,"href":"https:\/\/magazzinimanzanesi.it\/de\/wp-json\/wp\/v2\/product_cat?post=8660"},{"taxonomy":"product_tag","embeddable":true,"href":"https:\/\/magazzinimanzanesi.it\/de\/wp-json\/wp\/v2\/product_tag?post=8660"}],"curies":[{"name":"wp","href":"https:\/\/api.w.org\/{rel}","templated":true}]}}