{"id":8661,"date":"2025-01-28T11:11:35","date_gmt":"2025-01-28T11:11:35","guid":{"rendered":"https:\/\/magazzinimanzanesi.it\/catalogo\/uncategorized\/konischer-t-gewinde-steckverbinder\/"},"modified":"2025-01-28T11:11:35","modified_gmt":"2025-01-28T11:11:35","slug":"konischer-t-gewinde-steckverbinder","status":"publish","type":"product","link":"https:\/\/magazzinimanzanesi.it\/de\/katalog\/pneumatik\/konischer-t-gewinde-steckverbinder\/","title":{"rendered":"Konischer T-Gewinde-Steckverbinder"},"content":{"rendered":"<h1><strong>T-Steckverbinder mit Kegelgewinde<\/strong><\/h1>\n<p><strong>\u00a0<\/strong><\/p>\n<h2><strong>Konischer T-Gewinde-Steckverbinder: F\u00fcr Kunststoffschl\u00e4uche<\/strong><\/h2>\n<p>Konischer T-Gewinde-Steckverbinder f\u00fcr Anwendungen in hydraulischen, pneumatischen und \u00f6lhydraulischen Kreisl\u00e4ufen.<\/p>\n<p>&nbsp;<\/p>\n<h3><strong>Konischer T-Gewinde-Steckverbinder \u2013 Ma\u00dfe:<\/strong><\/h3>\n<ul>\n<li>\u00d8 1\/8 Au\u00dfengewinde 4X6 mm<\/li>\n<li>\u00d8 1\/4 Au\u00dfengewinde 6X8 mm<\/li>\n<li>\u00d8 1\/8 Au\u00dfengewinde 6X8 mm<\/li>\n<li>\u00d8 1\/4 Au\u00dfengewinde 8X10 mm<\/li>\n<\/ul>\n","protected":false},"excerpt":{"rendered":"<p>T-Steckverbinder mit Kegelgewinde \u00a0 Konischer T-Gewinde-Steckverbinder: F\u00fcr Kunststoffschl\u00e4uche Konischer T-Gewinde-Steckverbinder f\u00fcr Anwendungen in hydraulischen, pneumatischen und \u00f6lhydraulischen Kreisl\u00e4ufen. &nbsp; Konischer T-Gewinde-Steckverbinder \u2013 Ma\u00dfe: \u00d8 1\/8 Au\u00dfengewinde 4X6 mm \u00d8 1\/4 Au\u00dfengewinde 6X8 mm \u00d8 1\/8 Au\u00dfengewinde 6X8 mm \u00d8 1\/4 Au\u00dfengewinde 8X10 mm<\/p>\n","protected":false},"featured_media":7334,"comment_status":"closed","ping_status":"closed","template":"","meta":{"_acf_changed":false},"product_brand":[],"product_cat":[872],"product_tag":[],"class_list":{"0":"post-8661","1":"product","2":"type-product","3":"status-publish","4":"has-post-thumbnail","6":"product_cat-pneumatik","8":"first","9":"instock","10":"shipping-taxable","11":"product-type-simple"},"acf":[],"_links":{"self":[{"href":"https:\/\/magazzinimanzanesi.it\/de\/wp-json\/wp\/v2\/product\/8661","targetHints":{"allow":["GET"]}}],"collection":[{"href":"https:\/\/magazzinimanzanesi.it\/de\/wp-json\/wp\/v2\/product"}],"about":[{"href":"https:\/\/magazzinimanzanesi.it\/de\/wp-json\/wp\/v2\/types\/product"}],"replies":[{"embeddable":true,"href":"https:\/\/magazzinimanzanesi.it\/de\/wp-json\/wp\/v2\/comments?post=8661"}],"wp:featuredmedia":[{"embeddable":true,"href":"https:\/\/magazzinimanzanesi.it\/de\/wp-json\/wp\/v2\/media\/7334"}],"wp:attachment":[{"href":"https:\/\/magazzinimanzanesi.it\/de\/wp-json\/wp\/v2\/media?parent=8661"}],"wp:term":[{"taxonomy":"product_brand","embeddable":true,"href":"https:\/\/magazzinimanzanesi.it\/de\/wp-json\/wp\/v2\/product_brand?post=8661"},{"taxonomy":"product_cat","embeddable":true,"href":"https:\/\/magazzinimanzanesi.it\/de\/wp-json\/wp\/v2\/product_cat?post=8661"},{"taxonomy":"product_tag","embeddable":true,"href":"https:\/\/magazzinimanzanesi.it\/de\/wp-json\/wp\/v2\/product_tag?post=8661"}],"curies":[{"name":"wp","href":"https:\/\/api.w.org\/{rel}","templated":true}]}}