{"id":8662,"date":"2025-01-28T11:08:32","date_gmt":"2025-01-28T11:08:32","guid":{"rendered":"https:\/\/magazzinimanzanesi.it\/catalogo\/uncategorized\/dichtung-fuer-bajonettanschluss\/"},"modified":"2025-01-28T11:08:32","modified_gmt":"2025-01-28T11:08:32","slug":"dichtung-fuer-bajonettanschluss","status":"publish","type":"product","link":"https:\/\/magazzinimanzanesi.it\/de\/katalog\/pneumatik\/dichtung-fuer-bajonettanschluss\/","title":{"rendered":"Dichtung f\u00fcr Bajonettanschluss"},"content":{"rendered":"<h1><strong>Dichtung f\u00fcr Bajonettkupplung<\/strong><\/h1>\n<p>&nbsp;<\/p>\n<h2><strong>Dichtung f\u00fcr Bajonettanschluss: F\u00fcr technische Kreise<\/strong><\/h2>\n<p>Dichtung f\u00fcr Bajonettanschluss f\u00fcr Anwendungen in hydraulischen, pneumatischen und \u00f6lhydraulischen Kreisl\u00e4ufen. Der Artikel ist in der Kategorie Raccorderia eindeutig gelistet.<\/p>\n<p>&nbsp;<\/p>\n<h3><strong>Dichtung f\u00fcr Bajonettanschluss \u2013 Ma\u00dfe:<\/strong><\/h3>\n<ul>\n<li>Ausf\u00fchrungen auf Anfrage.<\/li>\n<\/ul>\n","protected":false},"excerpt":{"rendered":"<p>Dichtung f\u00fcr Bajonettkupplung &nbsp; Dichtung f\u00fcr Bajonettanschluss: F\u00fcr technische Kreise Dichtung f\u00fcr Bajonettanschluss f\u00fcr Anwendungen in hydraulischen, pneumatischen und \u00f6lhydraulischen Kreisl\u00e4ufen. Der Artikel ist in der Kategorie Raccorderia eindeutig gelistet. &nbsp; Dichtung f\u00fcr Bajonettanschluss \u2013 Ma\u00dfe: Ausf\u00fchrungen auf Anfrage.<\/p>\n","protected":false},"featured_media":7270,"comment_status":"closed","ping_status":"closed","template":"","meta":{"_acf_changed":false},"product_brand":[],"product_cat":[872],"product_tag":[],"class_list":{"0":"post-8662","1":"product","2":"type-product","3":"status-publish","4":"has-post-thumbnail","6":"product_cat-pneumatik","8":"first","9":"instock","10":"shipping-taxable","11":"product-type-simple"},"acf":[],"_links":{"self":[{"href":"https:\/\/magazzinimanzanesi.it\/de\/wp-json\/wp\/v2\/product\/8662","targetHints":{"allow":["GET"]}}],"collection":[{"href":"https:\/\/magazzinimanzanesi.it\/de\/wp-json\/wp\/v2\/product"}],"about":[{"href":"https:\/\/magazzinimanzanesi.it\/de\/wp-json\/wp\/v2\/types\/product"}],"replies":[{"embeddable":true,"href":"https:\/\/magazzinimanzanesi.it\/de\/wp-json\/wp\/v2\/comments?post=8662"}],"wp:featuredmedia":[{"embeddable":true,"href":"https:\/\/magazzinimanzanesi.it\/de\/wp-json\/wp\/v2\/media\/7270"}],"wp:attachment":[{"href":"https:\/\/magazzinimanzanesi.it\/de\/wp-json\/wp\/v2\/media?parent=8662"}],"wp:term":[{"taxonomy":"product_brand","embeddable":true,"href":"https:\/\/magazzinimanzanesi.it\/de\/wp-json\/wp\/v2\/product_brand?post=8662"},{"taxonomy":"product_cat","embeddable":true,"href":"https:\/\/magazzinimanzanesi.it\/de\/wp-json\/wp\/v2\/product_cat?post=8662"},{"taxonomy":"product_tag","embeddable":true,"href":"https:\/\/magazzinimanzanesi.it\/de\/wp-json\/wp\/v2\/product_tag?post=8662"}],"curies":[{"name":"wp","href":"https:\/\/api.w.org\/{rel}","templated":true}]}}