{"id":8663,"date":"2025-01-28T11:18:57","date_gmt":"2025-01-28T11:18:57","guid":{"rendered":"https:\/\/magazzinimanzanesi.it\/catalogo\/uncategorized\/modularer-druckregler\/"},"modified":"2025-01-28T11:18:57","modified_gmt":"2025-01-28T11:18:57","slug":"modularer-druckregler","status":"publish","type":"product","link":"https:\/\/magazzinimanzanesi.it\/de\/katalog\/pneumatik\/modularer-druckregler\/","title":{"rendered":"Modularer Druckregler"},"content":{"rendered":"<h1><strong>Modularer Membran-Druckregler<\/strong><\/h1>\n<h2><strong>Modularer Druckregler: Mit \u00dcberdruckentlastung<\/strong><\/h2>\n<p>Modularer Membran-Druckregler mit \u00dcberdruckentlastung, Zamakgeh\u00e4use mit eingepressten Messing-Gewindeanschl\u00fcssen. Ausgestattet mit arretierbarem Einstellknopf sowie zwei Manometeranschl\u00fcssen mit Dichtstopfen. Wandbefestigung \u00fcber M4-Schrauben mit Abdeckkappen und Befestigungsring.<\/p>\n<p>&nbsp;<\/p>\n<h3><strong>Modularer Druckregler \u2013 Ma\u00dfe:<\/strong><\/h3>\n<ul>\n<li>1\/4\u201d<\/li>\n<li>3\/8\u201d<\/li>\n<\/ul>\n","protected":false},"excerpt":{"rendered":"<p>Modularer Membran-Druckregler Modularer Druckregler: Mit \u00dcberdruckentlastung Modularer Membran-Druckregler mit \u00dcberdruckentlastung, Zamakgeh\u00e4use mit eingepressten Messing-Gewindeanschl\u00fcssen. Ausgestattet mit arretierbarem Einstellknopf sowie zwei Manometeranschl\u00fcssen mit Dichtstopfen. Wandbefestigung \u00fcber M4-Schrauben mit Abdeckkappen und Befestigungsring. &nbsp; Modularer Druckregler \u2013 Ma\u00dfe: 1\/4\u201d 3\/8\u201d<\/p>\n","protected":false},"featured_media":7516,"comment_status":"closed","ping_status":"closed","template":"","meta":{"_acf_changed":false},"product_brand":[],"product_cat":[872],"product_tag":[],"class_list":{"0":"post-8663","1":"product","2":"type-product","3":"status-publish","4":"has-post-thumbnail","6":"product_cat-pneumatik","8":"first","9":"instock","10":"shipping-taxable","11":"product-type-simple"},"acf":[],"_links":{"self":[{"href":"https:\/\/magazzinimanzanesi.it\/de\/wp-json\/wp\/v2\/product\/8663","targetHints":{"allow":["GET"]}}],"collection":[{"href":"https:\/\/magazzinimanzanesi.it\/de\/wp-json\/wp\/v2\/product"}],"about":[{"href":"https:\/\/magazzinimanzanesi.it\/de\/wp-json\/wp\/v2\/types\/product"}],"replies":[{"embeddable":true,"href":"https:\/\/magazzinimanzanesi.it\/de\/wp-json\/wp\/v2\/comments?post=8663"}],"wp:featuredmedia":[{"embeddable":true,"href":"https:\/\/magazzinimanzanesi.it\/de\/wp-json\/wp\/v2\/media\/7516"}],"wp:attachment":[{"href":"https:\/\/magazzinimanzanesi.it\/de\/wp-json\/wp\/v2\/media?parent=8663"}],"wp:term":[{"taxonomy":"product_brand","embeddable":true,"href":"https:\/\/magazzinimanzanesi.it\/de\/wp-json\/wp\/v2\/product_brand?post=8663"},{"taxonomy":"product_cat","embeddable":true,"href":"https:\/\/magazzinimanzanesi.it\/de\/wp-json\/wp\/v2\/product_cat?post=8663"},{"taxonomy":"product_tag","embeddable":true,"href":"https:\/\/magazzinimanzanesi.it\/de\/wp-json\/wp\/v2\/product_tag?post=8663"}],"curies":[{"name":"wp","href":"https:\/\/api.w.org\/{rel}","templated":true}]}}