{"id":8664,"date":"2025-01-28T10:39:34","date_gmt":"2025-01-28T10:39:34","guid":{"rendered":"https:\/\/magazzinimanzanesi.it\/catalogo\/uncategorized\/modularer-filter-druckregler\/"},"modified":"2025-01-28T10:39:34","modified_gmt":"2025-01-28T10:39:34","slug":"modularer-filter-druckregler","status":"publish","type":"product","link":"https:\/\/magazzinimanzanesi.it\/de\/katalog\/pneumatik\/modularer-filter-druckregler\/","title":{"rendered":"Modularer Filter-Druckregler"},"content":{"rendered":"<h1><strong>Modularer Membran-Filterregler<\/strong><\/h1>\n<h2><strong>Modularer Filter-Druckregler: Filtern und Regeln in einem Bauteil<\/strong><\/h2>\n<p>Modularer Membran-Filter-Druckregler mit Leichtmetallgeh\u00e4use, einstellbarem Knopf und \u00dcberdruckentlastung. Wandbefestigung \u00fcber M5-Schrauben mit Abdeckkappen. Doppelte Filterwirkung durch Luftzentrifugation und por\u00f6ses, austauschbares und waschbares Filterelement. Transparenter Thermoplastbecher mit Sto\u00dfschutz per Bajonettanschluss. Kondensatablass manuell und halbautomatisch. Zwei Manometeranschl\u00fcsse, davon einer mit Dichtstopfen.<\/p>\n<p>&nbsp;<\/p>\n<h3><strong>Modularer Filter-Druckregler \u2013 Ma\u00dfe:<\/strong><\/h3>\n<ul>\n<li>1\/4\u201d<\/li>\n<li>3\/8\u201d<\/li>\n<\/ul>\n","protected":false},"excerpt":{"rendered":"<p>Modularer Membran-Filterregler Modularer Filter-Druckregler: Filtern und Regeln in einem Bauteil Modularer Membran-Filter-Druckregler mit Leichtmetallgeh\u00e4use, einstellbarem Knopf und \u00dcberdruckentlastung. Wandbefestigung \u00fcber M5-Schrauben mit Abdeckkappen. Doppelte Filterwirkung durch Luftzentrifugation und por\u00f6ses, austauschbares und waschbares Filterelement. Transparenter Thermoplastbecher mit Sto\u00dfschutz per Bajonettanschluss. Kondensatablass manuell und halbautomatisch. Zwei Manometeranschl\u00fcsse, davon einer mit Dichtstopfen. &nbsp; Modularer Filter-Druckregler \u2013 Ma\u00dfe: 1\/4\u201d [&hellip;]<\/p>\n","protected":false},"featured_media":7434,"comment_status":"closed","ping_status":"closed","template":"","meta":{"_acf_changed":false},"product_brand":[],"product_cat":[872],"product_tag":[],"class_list":{"0":"post-8664","1":"product","2":"type-product","3":"status-publish","4":"has-post-thumbnail","6":"product_cat-pneumatik","8":"first","9":"instock","10":"shipping-taxable","11":"product-type-simple"},"acf":[],"_links":{"self":[{"href":"https:\/\/magazzinimanzanesi.it\/de\/wp-json\/wp\/v2\/product\/8664","targetHints":{"allow":["GET"]}}],"collection":[{"href":"https:\/\/magazzinimanzanesi.it\/de\/wp-json\/wp\/v2\/product"}],"about":[{"href":"https:\/\/magazzinimanzanesi.it\/de\/wp-json\/wp\/v2\/types\/product"}],"replies":[{"embeddable":true,"href":"https:\/\/magazzinimanzanesi.it\/de\/wp-json\/wp\/v2\/comments?post=8664"}],"wp:featuredmedia":[{"embeddable":true,"href":"https:\/\/magazzinimanzanesi.it\/de\/wp-json\/wp\/v2\/media\/7434"}],"wp:attachment":[{"href":"https:\/\/magazzinimanzanesi.it\/de\/wp-json\/wp\/v2\/media?parent=8664"}],"wp:term":[{"taxonomy":"product_brand","embeddable":true,"href":"https:\/\/magazzinimanzanesi.it\/de\/wp-json\/wp\/v2\/product_brand?post=8664"},{"taxonomy":"product_cat","embeddable":true,"href":"https:\/\/magazzinimanzanesi.it\/de\/wp-json\/wp\/v2\/product_cat?post=8664"},{"taxonomy":"product_tag","embeddable":true,"href":"https:\/\/magazzinimanzanesi.it\/de\/wp-json\/wp\/v2\/product_tag?post=8664"}],"curies":[{"name":"wp","href":"https:\/\/api.w.org\/{rel}","templated":true}]}}