{"id":8666,"date":"2025-01-28T10:39:06","date_gmt":"2025-01-28T10:39:06","guid":{"rendered":"https:\/\/magazzinimanzanesi.it\/catalogo\/uncategorized\/luftfilter\/"},"modified":"2025-01-28T10:39:06","modified_gmt":"2025-01-28T10:39:06","slug":"luftfilter","status":"publish","type":"product","link":"https:\/\/magazzinimanzanesi.it\/de\/katalog\/pneumatik\/luftfilter\/","title":{"rendered":"Luftfilter"},"content":{"rendered":"<h1><strong>Filter f\u00fcr Druckluft<\/strong><\/h1>\n<h2><strong>Filter f\u00fcr Druckluft<\/strong><\/h2>\n<p>Luftfilter mit doppelter Filterwirkung: Luftzentrifugation und Filtration durch por\u00f6ses HDPE-Element, austauschbar oder waschbar. Zamakgeh\u00e4use, transparenter Thermoplastbecher und verschraubter Sto\u00dfschutz. Kondensatablass manuell und halbautomatisch; in der halbautomatischen Version erfolgt der Ablass bei Drucklosigkeit oder durch Anheben des Hahns unter Druck. Wandbefestigung \u00fcber M4-Schrauben mit Abdeckkappen m\u00f6glich.<\/p>\n<p>&nbsp;<\/p>\n<h3><strong>Luftfilter \u2013 Ma\u00dfe:<\/strong><\/h3>\n<ul>\n<li>1\/4\u201d<\/li>\n<li>3\/8\u201d<\/li>\n<\/ul>\n","protected":false},"excerpt":{"rendered":"<p>Filter f\u00fcr Druckluft Filter f\u00fcr Druckluft Luftfilter mit doppelter Filterwirkung: Luftzentrifugation und Filtration durch por\u00f6ses HDPE-Element, austauschbar oder waschbar. Zamakgeh\u00e4use, transparenter Thermoplastbecher und verschraubter Sto\u00dfschutz. Kondensatablass manuell und halbautomatisch; in der halbautomatischen Version erfolgt der Ablass bei Drucklosigkeit oder durch Anheben des Hahns unter Druck. Wandbefestigung \u00fcber M4-Schrauben mit Abdeckkappen m\u00f6glich. &nbsp; Luftfilter \u2013 Ma\u00dfe: [&hellip;]<\/p>\n","protected":false},"featured_media":7424,"comment_status":"closed","ping_status":"closed","template":"","meta":{"_acf_changed":false},"product_brand":[],"product_cat":[872],"product_tag":[],"class_list":{"0":"post-8666","1":"product","2":"type-product","3":"status-publish","4":"has-post-thumbnail","6":"product_cat-pneumatik","8":"first","9":"instock","10":"shipping-taxable","11":"product-type-simple"},"acf":[],"_links":{"self":[{"href":"https:\/\/magazzinimanzanesi.it\/de\/wp-json\/wp\/v2\/product\/8666","targetHints":{"allow":["GET"]}}],"collection":[{"href":"https:\/\/magazzinimanzanesi.it\/de\/wp-json\/wp\/v2\/product"}],"about":[{"href":"https:\/\/magazzinimanzanesi.it\/de\/wp-json\/wp\/v2\/types\/product"}],"replies":[{"embeddable":true,"href":"https:\/\/magazzinimanzanesi.it\/de\/wp-json\/wp\/v2\/comments?post=8666"}],"wp:featuredmedia":[{"embeddable":true,"href":"https:\/\/magazzinimanzanesi.it\/de\/wp-json\/wp\/v2\/media\/7424"}],"wp:attachment":[{"href":"https:\/\/magazzinimanzanesi.it\/de\/wp-json\/wp\/v2\/media?parent=8666"}],"wp:term":[{"taxonomy":"product_brand","embeddable":true,"href":"https:\/\/magazzinimanzanesi.it\/de\/wp-json\/wp\/v2\/product_brand?post=8666"},{"taxonomy":"product_cat","embeddable":true,"href":"https:\/\/magazzinimanzanesi.it\/de\/wp-json\/wp\/v2\/product_cat?post=8666"},{"taxonomy":"product_tag","embeddable":true,"href":"https:\/\/magazzinimanzanesi.it\/de\/wp-json\/wp\/v2\/product_tag?post=8666"}],"curies":[{"name":"wp","href":"https:\/\/api.w.org\/{rel}","templated":true}]}}