{"id":8668,"date":"2025-01-28T11:05:41","date_gmt":"2025-01-28T11:05:41","guid":{"rendered":"https:\/\/magazzinimanzanesi.it\/catalogo\/uncategorized\/filter-druckregler-schmierer\/"},"modified":"2025-01-28T11:05:41","modified_gmt":"2025-01-28T11:05:41","slug":"filter-druckregler-schmierer","status":"publish","type":"product","link":"https:\/\/magazzinimanzanesi.it\/de\/katalog\/pneumatik\/filter-druckregler-schmierer\/","title":{"rendered":"Filter-Druckregler-Schmierer"},"content":{"rendered":"<h1><strong>Kombinierte Luftaufbereitungseinheit<\/strong><\/h1>\n<h2><strong>Filter-Druckregler-Schmierer: Komplette Luftaufbereitung<\/strong><\/h2>\n<p>Filter-Druckregler-Schmierer mit modularer Membran-Filterregler-Einheit aus Leichtmetallgeh\u00e4use, einstellbarem Knopf und \u00dcberdruckentlastung. Doppelte Filterwirkung durch Luftzentrifugation und por\u00f6ses, austauschbares und waschbares Element. Transparenter Thermoplastbecher mit Sto\u00dfschutz per Bajonettanschluss. Kondensatablass manuell und halbautomatisch. Integrierter \u00d6lnebelschmierer mit variabler Durchlass\u00f6ffnung je nach Durchfluss, transparentem Sichtdom und \u00d6leinf\u00fcllstopfen.<\/p>\n<p>.<\/p>\n<p>&nbsp;<\/p>\n<h3><strong>Filter-Druckregler-Schmierer \u2013 Ma\u00dfe:<\/strong><\/h3>\n<ul>\n<li>1\/4\u201d<\/li>\n<li>3\/8\u201d<\/li>\n<\/ul>\n","protected":false},"excerpt":{"rendered":"<p>Kombinierte Luftaufbereitungseinheit Filter-Druckregler-Schmierer: Komplette Luftaufbereitung Filter-Druckregler-Schmierer mit modularer Membran-Filterregler-Einheit aus Leichtmetallgeh\u00e4use, einstellbarem Knopf und \u00dcberdruckentlastung. Doppelte Filterwirkung durch Luftzentrifugation und por\u00f6ses, austauschbares und waschbares Element. Transparenter Thermoplastbecher mit Sto\u00dfschutz per Bajonettanschluss. Kondensatablass manuell und halbautomatisch. Integrierter \u00d6lnebelschmierer mit variabler Durchlass\u00f6ffnung je nach Durchfluss, transparentem Sichtdom und \u00d6leinf\u00fcllstopfen. . &nbsp; Filter-Druckregler-Schmierer \u2013 Ma\u00dfe: 1\/4\u201d 3\/8\u201d<\/p>\n","protected":false},"featured_media":7429,"comment_status":"closed","ping_status":"closed","template":"","meta":{"_acf_changed":false},"product_brand":[],"product_cat":[872],"product_tag":[],"class_list":{"0":"post-8668","1":"product","2":"type-product","3":"status-publish","4":"has-post-thumbnail","6":"product_cat-pneumatik","8":"first","9":"instock","10":"shipping-taxable","11":"product-type-simple"},"acf":[],"_links":{"self":[{"href":"https:\/\/magazzinimanzanesi.it\/de\/wp-json\/wp\/v2\/product\/8668","targetHints":{"allow":["GET"]}}],"collection":[{"href":"https:\/\/magazzinimanzanesi.it\/de\/wp-json\/wp\/v2\/product"}],"about":[{"href":"https:\/\/magazzinimanzanesi.it\/de\/wp-json\/wp\/v2\/types\/product"}],"replies":[{"embeddable":true,"href":"https:\/\/magazzinimanzanesi.it\/de\/wp-json\/wp\/v2\/comments?post=8668"}],"wp:featuredmedia":[{"embeddable":true,"href":"https:\/\/magazzinimanzanesi.it\/de\/wp-json\/wp\/v2\/media\/7429"}],"wp:attachment":[{"href":"https:\/\/magazzinimanzanesi.it\/de\/wp-json\/wp\/v2\/media?parent=8668"}],"wp:term":[{"taxonomy":"product_brand","embeddable":true,"href":"https:\/\/magazzinimanzanesi.it\/de\/wp-json\/wp\/v2\/product_brand?post=8668"},{"taxonomy":"product_cat","embeddable":true,"href":"https:\/\/magazzinimanzanesi.it\/de\/wp-json\/wp\/v2\/product_cat?post=8668"},{"taxonomy":"product_tag","embeddable":true,"href":"https:\/\/magazzinimanzanesi.it\/de\/wp-json\/wp\/v2\/product_tag?post=8668"}],"curies":[{"name":"wp","href":"https:\/\/api.w.org\/{rel}","templated":true}]}}