{"id":8670,"date":"2025-01-28T11:30:40","date_gmt":"2025-01-28T11:30:40","guid":{"rendered":"https:\/\/magazzinimanzanesi.it\/catalogo\/uncategorized\/transparenter-pu-absaugschlauch\/"},"modified":"2025-01-28T11:30:40","modified_gmt":"2025-01-28T11:30:40","slug":"transparenter-pu-absaugschlauch","status":"publish","type":"product","link":"https:\/\/magazzinimanzanesi.it\/de\/katalog\/pneumatik\/transparenter-pu-absaugschlauch\/","title":{"rendered":"Transparenter PU-Absaugschlauch"},"content":{"rendered":"<h1><strong>Absaugschlauch aus transparentem Polyurethan<\/strong><\/h1>\n<p>&nbsp;<\/p>\n<h2><strong>Transparenter PU-Absaugschlauch: F\u00fcr Staub und Sp\u00e4ne<\/strong><\/h2>\n<p>Leichter, flexibler transparenter PU-Absaugschlauch mit hoher Zug- und Rei\u00dffestigkeit sowie Best\u00e4ndigkeit gegen abrasives Material. Ausgestattet mit einer verkupferten Stahlspirale als Verst\u00e4rkung, im PU eingebettet. Ideal f\u00fcr Absauganlagen mit Durchgang von Staub und Sp\u00e4nen. Einsatztemperatur -40 \u00b0C bis +100 \u00b0C.<\/p>\n<p><strong>\u00a0<\/strong><\/p>\n<h3><strong>Transparenter PU-Absaugschlauch \u2013 Ma\u00dfe:<\/strong><\/h3>\n<ul>\n<li>\u00d8 60 mm<\/li>\n<li>\u00d8 80 mm<\/li>\n<li>\u00d8 100 mm<\/li>\n<li>\u00d8 120 mm<\/li>\n<li>\u00d8 150 mm<\/li>\n<li>\u00d8 160 mm<\/li>\n<li>\u00d8 200 mm<\/li>\n<li>\u00d8 250 mm<\/li>\n<\/ul>\n","protected":false},"excerpt":{"rendered":"<p>Absaugschlauch aus transparentem Polyurethan &nbsp; Transparenter PU-Absaugschlauch: F\u00fcr Staub und Sp\u00e4ne Leichter, flexibler transparenter PU-Absaugschlauch mit hoher Zug- und Rei\u00dffestigkeit sowie Best\u00e4ndigkeit gegen abrasives Material. Ausgestattet mit einer verkupferten Stahlspirale als Verst\u00e4rkung, im PU eingebettet. Ideal f\u00fcr Absauganlagen mit Durchgang von Staub und Sp\u00e4nen. Einsatztemperatur -40 \u00b0C bis +100 \u00b0C. \u00a0 Transparenter PU-Absaugschlauch \u2013 Ma\u00dfe: [&hellip;]<\/p>\n","protected":false},"featured_media":7387,"comment_status":"closed","ping_status":"closed","template":"","meta":{"_acf_changed":false},"product_brand":[],"product_cat":[872],"product_tag":[],"class_list":{"0":"post-8670","1":"product","2":"type-product","3":"status-publish","4":"has-post-thumbnail","6":"product_cat-pneumatik","8":"first","9":"instock","10":"shipping-taxable","11":"product-type-simple"},"acf":[],"_links":{"self":[{"href":"https:\/\/magazzinimanzanesi.it\/de\/wp-json\/wp\/v2\/product\/8670","targetHints":{"allow":["GET"]}}],"collection":[{"href":"https:\/\/magazzinimanzanesi.it\/de\/wp-json\/wp\/v2\/product"}],"about":[{"href":"https:\/\/magazzinimanzanesi.it\/de\/wp-json\/wp\/v2\/types\/product"}],"replies":[{"embeddable":true,"href":"https:\/\/magazzinimanzanesi.it\/de\/wp-json\/wp\/v2\/comments?post=8670"}],"wp:featuredmedia":[{"embeddable":true,"href":"https:\/\/magazzinimanzanesi.it\/de\/wp-json\/wp\/v2\/media\/7387"}],"wp:attachment":[{"href":"https:\/\/magazzinimanzanesi.it\/de\/wp-json\/wp\/v2\/media?parent=8670"}],"wp:term":[{"taxonomy":"product_brand","embeddable":true,"href":"https:\/\/magazzinimanzanesi.it\/de\/wp-json\/wp\/v2\/product_brand?post=8670"},{"taxonomy":"product_cat","embeddable":true,"href":"https:\/\/magazzinimanzanesi.it\/de\/wp-json\/wp\/v2\/product_cat?post=8670"},{"taxonomy":"product_tag","embeddable":true,"href":"https:\/\/magazzinimanzanesi.it\/de\/wp-json\/wp\/v2\/product_tag?post=8670"}],"curies":[{"name":"wp","href":"https:\/\/api.w.org\/{rel}","templated":true}]}}