{"id":8671,"date":"2025-01-28T11:33:44","date_gmt":"2025-01-28T11:33:44","guid":{"rendered":"https:\/\/magazzinimanzanesi.it\/catalogo\/uncategorized\/schnellentlueftungsventil\/"},"modified":"2025-01-28T11:33:44","modified_gmt":"2025-01-28T11:33:44","slug":"schnellentlueftungsventil","status":"publish","type":"product","link":"https:\/\/magazzinimanzanesi.it\/de\/katalog\/pneumatik\/schnellentlueftungsventil\/","title":{"rendered":"Schnellentl\u00fcftungsventil"},"content":{"rendered":"<h1><strong>Pneumatisches Schnellentl\u00fcftungsventil<\/strong><\/h1>\n<h2><strong>Schnellentl\u00fcftungsventil: Automatische Entl\u00fcftung<\/strong><\/h2>\n<p>Schnellentl\u00fcftungsventil f\u00fcr Anwendungen in pneumatischen Kreisl\u00e4ufen. Automatische Bet\u00e4tigung ohne externen Befehl.<\/p>\n<p>&nbsp;<\/p>\n<h3><strong>Schnellentl\u00fcftungsventil \u2013 Ma\u00dfe:<\/strong><\/h3>\n<ul>\n<li>\u00d8 1\/8\u201d<\/li>\n<li>\u00d8 1\/4&#8243;<\/li>\n<li>\u00d8 1\/2&#8243;<\/li>\n<\/ul>\n<p>&nbsp;<\/p>\n","protected":false},"excerpt":{"rendered":"<p>Pneumatisches Schnellentl\u00fcftungsventil Schnellentl\u00fcftungsventil: Automatische Entl\u00fcftung Schnellentl\u00fcftungsventil f\u00fcr Anwendungen in pneumatischen Kreisl\u00e4ufen. Automatische Bet\u00e4tigung ohne externen Befehl. &nbsp; Schnellentl\u00fcftungsventil \u2013 Ma\u00dfe: \u00d8 1\/8\u201d \u00d8 1\/4&#8243; \u00d8 1\/2&#8243; &nbsp;<\/p>\n","protected":false},"featured_media":7489,"comment_status":"closed","ping_status":"closed","template":"","meta":{"_acf_changed":false},"product_brand":[],"product_cat":[872],"product_tag":[],"class_list":{"0":"post-8671","1":"product","2":"type-product","3":"status-publish","4":"has-post-thumbnail","6":"product_cat-pneumatik","8":"first","9":"instock","10":"shipping-taxable","11":"product-type-simple"},"acf":[],"_links":{"self":[{"href":"https:\/\/magazzinimanzanesi.it\/de\/wp-json\/wp\/v2\/product\/8671","targetHints":{"allow":["GET"]}}],"collection":[{"href":"https:\/\/magazzinimanzanesi.it\/de\/wp-json\/wp\/v2\/product"}],"about":[{"href":"https:\/\/magazzinimanzanesi.it\/de\/wp-json\/wp\/v2\/types\/product"}],"replies":[{"embeddable":true,"href":"https:\/\/magazzinimanzanesi.it\/de\/wp-json\/wp\/v2\/comments?post=8671"}],"wp:featuredmedia":[{"embeddable":true,"href":"https:\/\/magazzinimanzanesi.it\/de\/wp-json\/wp\/v2\/media\/7489"}],"wp:attachment":[{"href":"https:\/\/magazzinimanzanesi.it\/de\/wp-json\/wp\/v2\/media?parent=8671"}],"wp:term":[{"taxonomy":"product_brand","embeddable":true,"href":"https:\/\/magazzinimanzanesi.it\/de\/wp-json\/wp\/v2\/product_brand?post=8671"},{"taxonomy":"product_cat","embeddable":true,"href":"https:\/\/magazzinimanzanesi.it\/de\/wp-json\/wp\/v2\/product_cat?post=8671"},{"taxonomy":"product_tag","embeddable":true,"href":"https:\/\/magazzinimanzanesi.it\/de\/wp-json\/wp\/v2\/product_tag?post=8671"}],"curies":[{"name":"wp","href":"https:\/\/api.w.org\/{rel}","templated":true}]}}