{"id":8678,"date":"2025-01-28T11:31:48","date_gmt":"2025-01-28T11:31:48","guid":{"rendered":"https:\/\/magazzinimanzanesi.it\/catalogo\/uncategorized\/pneumatisches-ventil-mit-fronthebel\/"},"modified":"2025-01-28T11:31:48","modified_gmt":"2025-01-28T11:31:48","slug":"pneumatisches-ventil-mit-fronthebel","status":"publish","type":"product","link":"https:\/\/magazzinimanzanesi.it\/de\/katalog\/pneumatik\/pneumatisches-ventil-mit-fronthebel\/","title":{"rendered":"Pneumatisches Ventil mit Fronthebel"},"content":{"rendered":"<h1><strong>Pneumatisches Hebelventil frontal<\/strong><\/h1>\n<h2><strong>Pneumatisches Ventil mit Fronthebel: F\u00fcr Druckluftkreise<\/strong><\/h2>\n<p>Pneumatisches Ventil mit Fronthebel f\u00fcr Anwendungen in pneumatischen Kreisl\u00e4ufen.<\/p>\n<p>&nbsp;<\/p>\n<h3><strong>Pneumatisches Ventil mit Fronthebel \u2013 Ma\u00dfe:<\/strong><\/h3>\n<ul>\n<li>\u00d8 1\/8\u201d 3 Wege<\/li>\n<li>\u00d8 1\/8&#8243; 5 Wege<\/li>\n<\/ul>\n","protected":false},"excerpt":{"rendered":"<p>Pneumatisches Hebelventil frontal Pneumatisches Ventil mit Fronthebel: F\u00fcr Druckluftkreise Pneumatisches Ventil mit Fronthebel f\u00fcr Anwendungen in pneumatischen Kreisl\u00e4ufen. &nbsp; Pneumatisches Ventil mit Fronthebel \u2013 Ma\u00dfe: \u00d8 1\/8\u201d 3 Wege \u00d8 1\/8&#8243; 5 Wege<\/p>\n","protected":false},"featured_media":7454,"comment_status":"closed","ping_status":"closed","template":"","meta":{"_acf_changed":false},"product_brand":[],"product_cat":[872],"product_tag":[],"class_list":{"0":"post-8678","1":"product","2":"type-product","3":"status-publish","4":"has-post-thumbnail","6":"product_cat-pneumatik","8":"first","9":"instock","10":"shipping-taxable","11":"product-type-simple"},"acf":[],"_links":{"self":[{"href":"https:\/\/magazzinimanzanesi.it\/de\/wp-json\/wp\/v2\/product\/8678","targetHints":{"allow":["GET"]}}],"collection":[{"href":"https:\/\/magazzinimanzanesi.it\/de\/wp-json\/wp\/v2\/product"}],"about":[{"href":"https:\/\/magazzinimanzanesi.it\/de\/wp-json\/wp\/v2\/types\/product"}],"replies":[{"embeddable":true,"href":"https:\/\/magazzinimanzanesi.it\/de\/wp-json\/wp\/v2\/comments?post=8678"}],"wp:featuredmedia":[{"embeddable":true,"href":"https:\/\/magazzinimanzanesi.it\/de\/wp-json\/wp\/v2\/media\/7454"}],"wp:attachment":[{"href":"https:\/\/magazzinimanzanesi.it\/de\/wp-json\/wp\/v2\/media?parent=8678"}],"wp:term":[{"taxonomy":"product_brand","embeddable":true,"href":"https:\/\/magazzinimanzanesi.it\/de\/wp-json\/wp\/v2\/product_brand?post=8678"},{"taxonomy":"product_cat","embeddable":true,"href":"https:\/\/magazzinimanzanesi.it\/de\/wp-json\/wp\/v2\/product_cat?post=8678"},{"taxonomy":"product_tag","embeddable":true,"href":"https:\/\/magazzinimanzanesi.it\/de\/wp-json\/wp\/v2\/product_tag?post=8678"}],"curies":[{"name":"wp","href":"https:\/\/api.w.org\/{rel}","templated":true}]}}