{"id":8681,"date":"2025-01-28T11:23:57","date_gmt":"2025-01-28T11:23:57","guid":{"rendered":"https:\/\/magazzinimanzanesi.it\/catalogo\/uncategorized\/bronzeschalldaempfer\/"},"modified":"2025-01-28T11:23:57","modified_gmt":"2025-01-28T11:23:57","slug":"bronzeschalldaempfer","status":"publish","type":"product","link":"https:\/\/magazzinimanzanesi.it\/de\/katalog\/pneumatik\/bronzeschalldaempfer\/","title":{"rendered":"Bronzeschalld\u00e4mpfer"},"content":{"rendered":"<h1><strong>Schalld\u00e4mpfer aus Bronze<\/strong><\/h1>\n<h2><strong>Bronzeschalld\u00e4mpfer: F\u00fcr pneumatische Entl\u00fcftungen<\/strong><\/h2>\n<p>Bronzeschalld\u00e4mpfer f\u00fcr Anwendungen in pneumatischen Kreisl\u00e4ufen. Die abrufbare Quelle zeigt die Ma\u00dfe klar; die Produktseite selbst war beim \u00d6ffnen instabil, aber der Artikel ist eindeutig in der Kategorie gelistet.<\/p>\n<p>&nbsp;<\/p>\n<h3><strong>Bronzeschalld\u00e4mpfer \u2013 Ma\u00dfe:<\/strong><\/h3>\n<ul>\n<li>\u00d8 1\/8\u201d<\/li>\n<li>\u00d8 1\/4&#8243;<\/li>\n<li>\u00d8 3\/8&#8243;<\/li>\n<li>\u00d8 1\/2&#8243;<\/li>\n<\/ul>\n","protected":false},"excerpt":{"rendered":"<p>Schalld\u00e4mpfer aus Bronze Bronzeschalld\u00e4mpfer: F\u00fcr pneumatische Entl\u00fcftungen Bronzeschalld\u00e4mpfer f\u00fcr Anwendungen in pneumatischen Kreisl\u00e4ufen. Die abrufbare Quelle zeigt die Ma\u00dfe klar; die Produktseite selbst war beim \u00d6ffnen instabil, aber der Artikel ist eindeutig in der Kategorie gelistet. &nbsp; Bronzeschalld\u00e4mpfer \u2013 Ma\u00dfe: \u00d8 1\/8\u201d \u00d8 1\/4&#8243; \u00d8 3\/8&#8243; \u00d8 1\/2&#8243;<\/p>\n","protected":false},"featured_media":7504,"comment_status":"closed","ping_status":"closed","template":"","meta":{"_acf_changed":false},"product_brand":[],"product_cat":[872],"product_tag":[],"class_list":{"0":"post-8681","1":"product","2":"type-product","3":"status-publish","4":"has-post-thumbnail","6":"product_cat-pneumatik","8":"first","9":"instock","10":"shipping-taxable","11":"product-type-simple"},"acf":[],"_links":{"self":[{"href":"https:\/\/magazzinimanzanesi.it\/de\/wp-json\/wp\/v2\/product\/8681","targetHints":{"allow":["GET"]}}],"collection":[{"href":"https:\/\/magazzinimanzanesi.it\/de\/wp-json\/wp\/v2\/product"}],"about":[{"href":"https:\/\/magazzinimanzanesi.it\/de\/wp-json\/wp\/v2\/types\/product"}],"replies":[{"embeddable":true,"href":"https:\/\/magazzinimanzanesi.it\/de\/wp-json\/wp\/v2\/comments?post=8681"}],"wp:featuredmedia":[{"embeddable":true,"href":"https:\/\/magazzinimanzanesi.it\/de\/wp-json\/wp\/v2\/media\/7504"}],"wp:attachment":[{"href":"https:\/\/magazzinimanzanesi.it\/de\/wp-json\/wp\/v2\/media?parent=8681"}],"wp:term":[{"taxonomy":"product_brand","embeddable":true,"href":"https:\/\/magazzinimanzanesi.it\/de\/wp-json\/wp\/v2\/product_brand?post=8681"},{"taxonomy":"product_cat","embeddable":true,"href":"https:\/\/magazzinimanzanesi.it\/de\/wp-json\/wp\/v2\/product_cat?post=8681"},{"taxonomy":"product_tag","embeddable":true,"href":"https:\/\/magazzinimanzanesi.it\/de\/wp-json\/wp\/v2\/product_tag?post=8681"}],"curies":[{"name":"wp","href":"https:\/\/api.w.org\/{rel}","templated":true}]}}